{"id":64535,"date":"2020-06-15T21:55:29","date_gmt":"2020-06-15T21:55:29","guid":{"rendered":"https:\/\/lmcca.wpengine.com\/?page_id=64535"},"modified":"2021-02-13T15:36:45","modified_gmt":"2021-02-13T15:36:45","slug":"notre-mission","status":"publish","type":"page","link":"https:\/\/www.lmc.ca\/zh\/prevention-diabete\/notre-mission\/","title":{"rendered":"Notre mission"},"content":{"rendered":"<p>[et_pb_section fb_built=&#8221;1&#8243; fullwidth=&#8221;on&#8221; module_id=&#8221;ddp-menu&#8221; _builder_version=&#8221;3.22&#8243; custom_css_main_element=&#8221;z-index: 10;&#8221; global_module=&#8221;64873&#8243; saved_tabs=&#8221;all&#8221; collapsed=&#8221;on&#8221;][et_pb_fullwidth_menu menu_id=&#8221;280&#8243; submenu_direction=&#8221;downwards&#8221; fullwidth_menu=&#8221;off&#8221; active_link_color=&#8221;#97a822&#8243; dropdown_menu_text_color=&#8221;#000000&#8243; mobile_menu_text_color=&#8221;#000000&#8243; _builder_version=&#8221;4.4.8&#8243; menu_text_color=&#8221;#000000&#8243; text_orientation=&#8221;center&#8221; custom_padding=&#8221;12px||12px|&#8221; z_index_tablet=&#8221;500&#8243; custom_css_menu_link=&#8221;text-transform: uppercase;&#8221; box_shadow_style=&#8221;preset3&#8243; box_shadow_vertical=&#8221;5px&#8221; box_shadow_blur=&#8221;20px&#8221; box_shadow_spread=&#8221;0px&#8221; box_shadow_color=&#8221;rgba(212,212,212,0.5)&#8221;][\/et_pb_fullwidth_menu][\/et_pb_section][et_pb_section fb_built=&#8221;1&#8243; _builder_version=&#8221;3.22&#8243; custom_margin=&#8221;||0px|&#8221; custom_padding=&#8221;70px|||&#8221; collapsed=&#8221;on&#8221;][et_pb_row _builder_version=&#8221;3.25&#8243; background_size=&#8221;initial&#8221; background_position=&#8221;top_left&#8221; background_repeat=&#8221;repeat&#8221; collapsed=&#8221;on&#8221;][et_pb_column type=&#8221;4_4&#8243; _builder_version=&#8221;3.25&#8243; custom_padding=&#8221;|||&#8221; custom_padding__hover=&#8221;|||&#8221;][et_pb_text admin_label=&#8221;Our mission&#8221; _builder_version=&#8221;4.4.8&#8243;]<\/p>\n<h1 class=\"p1\" style=\"text-align: center;\">Misez sur la pr\u00e9vention du diab\u00e8te de type\u00a02<\/h1>\n<p>[\/et_pb_text][\/et_pb_column][\/et_pb_row][et_pb_row column_structure=&#8221;1_2,1_2&#8243; _builder_version=&#8221;3.25&#8243; collapsed=&#8221;on&#8221;][et_pb_column type=&#8221;1_2&#8243; _builder_version=&#8221;3.25&#8243; custom_padding=&#8221;|||&#8221; custom_padding__hover=&#8221;|||&#8221;][et_pb_text admin_label=&#8221;Our mission&#8221; _builder_version=&#8221;4.4.8&#8243;]<\/p>\n<h4 class=\"p1\" style=\"font-size: 20px; line-height: 1.6;\">Le diab\u00e8te est une pand\u00e9mie. Si cette maladie n\u2019est pas prise en charge, elle peut entra\u00eener des complications mortelles et un d\u00e9c\u00e8s pr\u00e9matur\u00e9. Bien que pr\u00e8s d\u2019un tiers des Canadiens sont atteints de pr\u00e9diab\u00e8te ou de diab\u00e8te, bon nombre d\u2019entre eux ne sont pas diagnostiqu\u00e9s ou ne connaissent pas les risques qu\u2019ils encourent.\u00a0<\/h4>\n<h4 class=\"p1\" style=\"font-size: 20px; line-height: 1.6;\">Diab\u00e8te\u00a0Canada et LMC Soins de Sant\u00e9 s\u2019engagent dans la lutte contre le diab\u00e8te.\u00a0C\u2019est pourquoi nous avons fait \u00e9quipe pour lancer le Programme canadien de pr\u00e9vention du diab\u00e8te.\u00a0\u00a0Ce programme num\u00e9rique de sant\u00e9 et de bien-\u00eatre fournit aux participants le soutien personnalis\u00e9 dont ils ont besoin pour apporter peu \u00e0 peu de petits changements dans le but d\u2019am\u00e9liorer leur sant\u00e9 et de r\u00e9duire leur risque de d\u00e9velopper le diab\u00e8te de type 2.<\/h4>\n<p>[\/et_pb_text][\/et_pb_column][et_pb_column type=&#8221;1_2&#8243; _builder_version=&#8221;3.25&#8243; custom_padding=&#8221;|||&#8221; custom_padding__hover=&#8221;|||&#8221;][et_pb_image src=&#8221;https:\/\/staging.lmc.ca\/wp-content\/uploads\/2019\/04\/shutterstock_675439153.jpg&#8221; align_tablet=&#8221;center&#8221; align_phone=&#8221;&#8221; align_last_edited=&#8221;on|desktop&#8221; _builder_version=&#8221;3.23&#8243;][\/et_pb_image][\/et_pb_column][\/et_pb_row][et_pb_row module_id=&#8221;buttons-row&#8221; _builder_version=&#8221;3.25&#8243; module_alignment=&#8221;center&#8221; collapsed=&#8221;on&#8221;][et_pb_column type=&#8221;4_4&#8243; _builder_version=&#8221;3.25&#8243; custom_padding=&#8221;|||&#8221; custom_padding__hover=&#8221;|||&#8221;][et_pb_button button_url=&#8221;\/prevention-diabete\/fonctionnement\/&#8221; button_text=&#8221;Apprenez-en le fonctionnement&#8221; module_id=&#8221;how-it-works-btn&#8221; _builder_version=&#8221;4.4.8&#8243;][\/et_pb_button][\/et_pb_column][\/et_pb_row][\/et_pb_section][et_pb_section fb_built=&#8221;1&#8243; fullwidth=&#8221;on&#8221; module_id=&#8221;ddp-menu-fixed&#8221; _builder_version=&#8221;3.22&#8243; custom_css_main_element=&#8221;z-index: 10;&#8221; global_module=&#8221;64875&#8243; saved_tabs=&#8221;all&#8221; collapsed=&#8221;on&#8221;][et_pb_fullwidth_image src=&#8221;https:\/\/staging.lmc.ca\/wp-content\/uploads\/2019\/06\/CDPP-iconlogo-LOGO2.png&#8221; url=&#8221;\/diabetes-prevention&#8221; _builder_version=&#8221;3.19.13&#8243;][\/et_pb_fullwidth_image][et_pb_fullwidth_menu menu_id=&#8221;280&#8243; submenu_direction=&#8221;downwards&#8221; fullwidth_menu=&#8221;off&#8221; active_link_color=&#8221;#24ade3&#8243; dropdown_menu_text_color=&#8221;#000000&#8243; mobile_menu_text_color=&#8221;#000000&#8243; admin_label=&#8221;Fixed DPP Menu&#8221; module_id=&#8221;dpp-fixed-menu&#8221; _builder_version=&#8221;4.4.8&#8243; menu_text_color=&#8221;#000000&#8243; text_orientation=&#8221;center&#8221; custom_padding=&#8221;12px||12px|&#8221; z_index_tablet=&#8221;500&#8243; custom_css_menu_link=&#8221;text-transform: uppercase;&#8221; box_shadow_style=&#8221;preset3&#8243; box_shadow_vertical=&#8221;5px&#8221; box_shadow_blur=&#8221;20px&#8221; box_shadow_spread=&#8221;0px&#8221; box_shadow_color=&#8221;rgba(212,212,212,0.5)&#8221;][\/et_pb_fullwidth_menu][\/et_pb_section]<\/p>","protected":false},"excerpt":{"rendered":"<p>Misez sur la pr\u00e9vention du diab\u00e8te de type\u00a02Le diab\u00e8te est une pand\u00e9mie. Si cette maladie n\u2019est pas prise en charge, elle peut entra\u00eener des complications mortelles et un d\u00e9c\u00e8s pr\u00e9matur\u00e9. Bien que pr\u00e8s d\u2019un tiers des Canadiens sont atteints de pr\u00e9diab\u00e8te ou de diab\u00e8te, bon nombre d\u2019entre eux ne sont pas diagnostiqu\u00e9s ou ne connaissent [&hellip;]<\/p>","protected":false},"author":41,"featured_media":0,"parent":64517,"menu_order":0,"comment_status":"closed","ping_status":"closed","template":"page-dpp-french-site.php","meta":{"_et_pb_use_builder":"on","_et_pb_old_content":"","_et_gb_content_width":"","two_page_speed":[],"footnotes":""},"class_list":["post-64535","page","type-page","status-publish","hentry"],"_links":{"self":[{"href":"https:\/\/www.lmc.ca\/zh\/wp-json\/wp\/v2\/pages\/64535","targetHints":{"allow":["GET"]}}],"collection":[{"href":"https:\/\/www.lmc.ca\/zh\/wp-json\/wp\/v2\/pages"}],"about":[{"href":"https:\/\/www.lmc.ca\/zh\/wp-json\/wp\/v2\/types\/page"}],"author":[{"embeddable":true,"href":"https:\/\/www.lmc.ca\/zh\/wp-json\/wp\/v2\/users\/41"}],"replies":[{"embeddable":true,"href":"https:\/\/www.lmc.ca\/zh\/wp-json\/wp\/v2\/comments?post=64535"}],"version-history":[{"count":0,"href":"https:\/\/www.lmc.ca\/zh\/wp-json\/wp\/v2\/pages\/64535\/revisions"}],"up":[{"embeddable":true,"href":"https:\/\/www.lmc.ca\/zh\/wp-json\/wp\/v2\/pages\/64517"}],"wp:attachment":[{"href":"https:\/\/www.lmc.ca\/zh\/wp-json\/wp\/v2\/media?parent=64535"}],"curies":[{"name":"wp","href":"https:\/\/api.w.org\/{rel}","templated":true}]}}