{"id":72353,"date":"2023-10-19T15:45:55","date_gmt":"2023-10-19T15:45:55","guid":{"rendered":"https:\/\/www.lmc.ca\/?page_id=72353"},"modified":"2023-11-30T15:20:23","modified_gmt":"2023-11-30T15:20:23","slug":"prescription-services","status":"publish","type":"page","link":"https:\/\/www.lmc.ca\/fr\/referrals\/prescription-services\/","title":{"rendered":"Services de prescription"},"content":{"rendered":"<p>[et_pb_section fb_built=&#8221;1&#8243; _builder_version=&#8221;4.22.2&#8243; _module_preset=&#8221;default&#8221; global_colors_info=&#8221;{}&#8221;][et_pb_row _builder_version=&#8221;4.22.2&#8243; _module_preset=&#8221;default&#8221; global_colors_info=&#8221;{}&#8221;][et_pb_column type=&#8221;4_4&#8243; _builder_version=&#8221;4.22.2&#8243; _module_preset=&#8221;default&#8221; global_colors_info=&#8221;{}&#8221;][et_pb_text admin_label=&#8221;Prescription Services&#8221; _builder_version=&#8221;4.22.2&#8243; _module_preset=&#8221;default&#8221; global_colors_info=&#8221;{}&#8221;]<\/p>\n<h2 style=\"text-align: center;\"><strong>Services de prescription<\/strong><\/h2>\n<p>[\/et_pb_text][et_pb_text admin_label=&#8221;LMC Pharmacy\u2019s team are your diabetes medication specialists!  We offer medication and diabetes device training, education and answers to your medication questions and concerns. &#8221; _builder_version=&#8221;4.22.2&#8243; _module_preset=&#8221;default&#8221; global_colors_info=&#8221;{}&#8221;]<\/p>\n<h4>L'\u00e9quipe de LMC Pharmacy est votre sp\u00e9cialiste des m\u00e9dicaments pour le diab\u00e8te !  Nous offrons une formation sur les m\u00e9dicaments et les dispositifs de traitement du diab\u00e8te, une \u00e9ducation et des r\u00e9ponses \u00e0 vos questions et pr\u00e9occupations concernant les m\u00e9dicaments.\u00a0<\/h4>\n<p>[\/et_pb_text][et_pb_text admin_label=&#8221;We are also a full-service pharmacy offering prescription services, such as:&#8221; _builder_version=&#8221;4.22.2&#8243; _module_preset=&#8221;default&#8221; global_colors_info=&#8221;{}&#8221;]<\/p>\n<h4>Nous sommes \u00e9galement une pharmacie \u00e0 service complet offrant des services de prescription, tels que<\/h4>\n<p>&nbsp;<\/p>\n<ul>\n<li>\n<h4>Consultation et ex\u00e9cution de la premi\u00e8re ordonnance<\/h4>\n<\/li>\n<li>\n<h4>Renouvellement des ordonnances<\/h4>\n<\/li>\n<li>\n<h4>Ordonnances synchronis\u00e9es - r\u00e9unissez tous vos m\u00e9dicaments en un seul endroit. Cela vous permet de gagner du temps et de mieux vous organiser !<\/h4>\n<\/li>\n<li>\n<h4>V\u00e9rification de la couverture des m\u00e9dicaments et des r\u00e9gimes d'assurance-m\u00e9dicaments, y compris l'aide \u00e0 la r\u00e9daction des formulaires<\/h4>\n<\/li>\n<li>\n<h4>A retirer \u00e0 la pharmacie, sur le trottoir ou \u00e0 faire livrer \u00e0 domicile ou au bureau.<\/h4>\n<\/li>\n<\/ul>\n<p>[\/et_pb_text][et_pb_button button_url=&#8221;https:\/\/www.bookmypharmacy.com\/lmc&#8221; url_new_window=&#8221;on&#8221; button_text=&#8221;Click here to fill your new prescriptions and refill prescriptions at LMC Pharmacy&#8221; button_alignment=&#8221;center&#8221; admin_label=&#8221;Button &#8211; Click here to fill your new prescriptions and refill prescriptions at LMC Pharmacy&#8221; _builder_version=&#8221;4.23.1&#8243; _module_preset=&#8221;default&#8221; custom_button=&#8221;on&#8221; button_bg_color=&#8221;#97a822&#8243; button_border_width=&#8221;0px&#8221; button_border_radius=&#8221;5px&#8221; background_layout=&#8221;dark&#8221; hover_enabled=&#8221;0&#8243; global_colors_info=&#8221;{}&#8221; sticky_enabled=&#8221;0&#8243;][\/et_pb_button][\/et_pb_column][\/et_pb_row][et_pb_row _builder_version=&#8221;4.22.2&#8243; _module_preset=&#8221;default&#8221; global_colors_info=&#8221;{}&#8221;][et_pb_column type=&#8221;4_4&#8243; _builder_version=&#8221;4.22.2&#8243; _module_preset=&#8221;default&#8221; global_colors_info=&#8221;{}&#8221;][et_pb_divider _builder_version=&#8221;4.22.2&#8243; _module_preset=&#8221;default&#8221; global_colors_info=&#8221;{}&#8221;][\/et_pb_divider][\/et_pb_column][\/et_pb_row][\/et_pb_section]<\/p>","protected":false},"excerpt":{"rendered":"<p>Prescription ServicesLMC Pharmacy\u2019s team are your diabetes medication specialists!\u00a0 We offer medication and diabetes device training, education and answers to your medication questions and concerns.\u00a0We are also a full-service pharmacy offering prescription services, such as: &nbsp; First prescription consultations and filling Refill prescriptions Synchronized prescriptions \u2013 conveniently get all your medications together. This saves you [&hellip;]<\/p>","protected":false},"author":25,"featured_media":0,"parent":1948,"menu_order":0,"comment_status":"closed","ping_status":"closed","template":"","meta":{"_et_pb_use_builder":"on","_et_pb_old_content":"","_et_gb_content_width":"","two_page_speed":[],"footnotes":""},"class_list":["post-72353","page","type-page","status-publish","hentry"],"_links":{"self":[{"href":"https:\/\/www.lmc.ca\/fr\/wp-json\/wp\/v2\/pages\/72353","targetHints":{"allow":["GET"]}}],"collection":[{"href":"https:\/\/www.lmc.ca\/fr\/wp-json\/wp\/v2\/pages"}],"about":[{"href":"https:\/\/www.lmc.ca\/fr\/wp-json\/wp\/v2\/types\/page"}],"author":[{"embeddable":true,"href":"https:\/\/www.lmc.ca\/fr\/wp-json\/wp\/v2\/users\/25"}],"replies":[{"embeddable":true,"href":"https:\/\/www.lmc.ca\/fr\/wp-json\/wp\/v2\/comments?post=72353"}],"version-history":[{"count":0,"href":"https:\/\/www.lmc.ca\/fr\/wp-json\/wp\/v2\/pages\/72353\/revisions"}],"up":[{"embeddable":true,"href":"https:\/\/www.lmc.ca\/fr\/wp-json\/wp\/v2\/pages\/1948"}],"wp:attachment":[{"href":"https:\/\/www.lmc.ca\/fr\/wp-json\/wp\/v2\/media?parent=72353"}],"curies":[{"name":"wp","href":"https:\/\/api.w.org\/{rel}","templated":true}]}}