{"id":64560,"date":"2020-06-15T22:36:33","date_gmt":"2020-06-15T22:36:33","guid":{"rendered":"https:\/\/lmcca.wpengine.com\/?page_id=64560"},"modified":"2020-06-27T00:44:30","modified_gmt":"2020-06-27T00:44:30","slug":"intervent","status":"publish","type":"page","link":"https:\/\/www.lmc.ca\/fr\/prevention-diabete\/intervent\/","title":{"rendered":"Intervent"},"content":{"rendered":"<p>[et_pb_section fb_built=&#8221;1&#8243; fullwidth=&#8221;on&#8221; module_id=&#8221;ddp-menu&#8221; _builder_version=&#8221;3.22&#8243; custom_css_main_element=&#8221;z-index: 10;&#8221; global_module=&#8221;64873&#8243;][et_pb_fullwidth_menu menu_id=&#8221;280&#8243; submenu_direction=&#8221;downwards&#8221; fullwidth_menu=&#8221;off&#8221; active_link_color=&#8221;#97a822&#8243; dropdown_menu_text_color=&#8221;#000000&#8243; mobile_menu_text_color=&#8221;#000000&#8243; _builder_version=&#8221;4.4.8&#8243; menu_text_color=&#8221;#000000&#8243; text_orientation=&#8221;center&#8221; custom_padding=&#8221;12px||12px|&#8221; z_index_tablet=&#8221;500&#8243; custom_css_menu_link=&#8221;text-transform: uppercase;&#8221; box_shadow_style=&#8221;preset3&#8243; box_shadow_vertical=&#8221;5px&#8221; box_shadow_blur=&#8221;20px&#8221; box_shadow_spread=&#8221;0px&#8221; box_shadow_color=&#8221;rgba(212,212,212,0.5)&#8221;][\/et_pb_fullwidth_menu][\/et_pb_section][et_pb_section fb_built=&#8221;1&#8243; _builder_version=&#8221;3.22&#8243; custom_padding=&#8221;74px||74px|&#8221; collapsed=&#8221;on&#8221;][et_pb_row _builder_version=&#8221;3.25&#8243; background_size=&#8221;initial&#8221; background_position=&#8221;top_left&#8221; background_repeat=&#8221;repeat&#8221;][et_pb_column type=&#8221;4_4&#8243; _builder_version=&#8221;3.25&#8243; custom_padding=&#8221;|||&#8221; custom_padding__hover=&#8221;|||&#8221;][et_pb_text admin_label=&#8221;INTERVENT&#8221; _builder_version=&#8221;4.4.8&#8243; z_index_tablet=&#8221;500&#8243;]<\/p>\n<h1 style=\"text-align: center;\"><strong>INTERVENT<\/strong><\/h1>\n<h3 class=\"p1\" style=\"text-align: center;\">Le Programme canadien de pr\u00e9vention du diab\u00e8te (PCPD) utilise la <strong>plate-forme INTERVENT<\/strong>.\u00a0Cette plate-forme adapt\u00e9e vous donne acc\u00e8s \u00e0 des rapports personnalis\u00e9s sur le bien-\u00eatre, \u00e0 des conseils d\u2019expert et \u00e0 un encadrement sur la sant\u00e9 personnalis\u00e9.<\/h3>\n<p>[\/et_pb_text][et_pb_image src=&#8221;https:\/\/lmc.ca\/wp-content\/uploads\/2020\/06\/Picture1-e1593107793327.png&#8221; title_text=&#8221;Picture1&#8243; align_tablet=&#8221;center&#8221; align_phone=&#8221;&#8221; align_last_edited=&#8221;on|desktop&#8221; _builder_version=&#8221;4.4.8&#8243; z_index_tablet=&#8221;500&#8243;][\/et_pb_image][\/et_pb_column][\/et_pb_row][\/et_pb_section][et_pb_section fb_built=&#8221;1&#8243; _builder_version=&#8221;3.22&#8243; background_color=&#8221;#e9f6f9&#8243; custom_padding=&#8221;74px||74px|&#8221; z_index_tablet=&#8221;500&#8243; collapsed=&#8221;on&#8221;][et_pb_row _builder_version=&#8221;3.25&#8243; background_size=&#8221;initial&#8221; background_position=&#8221;top_left&#8221; background_repeat=&#8221;repeat&#8221;][et_pb_column type=&#8221;4_4&#8243; _builder_version=&#8221;3.25&#8243; custom_padding=&#8221;|||&#8221; custom_padding__hover=&#8221;|||&#8221;][et_pb_text admin_label=&#8221;How it works&#8221; _builder_version=&#8221;4.4.8&#8243; z_index_tablet=&#8221;500&#8243;]<\/p>\n<h3 class=\"p1\" style=\"text-align: center;\">Dans le cadre du programme, vous aurez acc\u00e8s gratuitement \u00e0 plusieurs ressources et outils, y compris les suivants\u00a0:<\/h3>\n<h3 class=\"p1\">\u2022\u00a0Des modules \u00e9ducatifs portant sur la saine alimentation, l\u2019activit\u00e9 physique, la gestion du poids, la gestion du stress et la cessation tabagique, au besoin<\/h3>\n<h3 class=\"p1\">\u2022\u00a0Des trousses d\u2019information audio<\/h3>\n<h3 class=\"p1\">\u2022\u00a0Des programmes alimentaires et d\u2019exercice personnalis\u00e9s<\/h3>\n<h3 class=\"p1\">\u2022\u00a0Des outils permettant de faire le suivi de l\u2019alimentation, de l\u2019activit\u00e9 physique, du poids et du stress<\/h3>\n<h3 class=\"p1\">\u2022\u00a0Des recettes sant\u00e9<\/h3>\n<h3 class=\"p1\">\u2022\u00a0Des d\u00e9fis amusants et incitatifs, dont des tirages avec des prix \u00e0 gagner<\/h3>\n<p>[\/et_pb_text][\/et_pb_column][\/et_pb_row][\/et_pb_section][et_pb_section fb_built=&#8221;1&#8243; _builder_version=&#8221;3.22&#8243; custom_padding=&#8221;74px||74px|&#8221; collapsed=&#8221;on&#8221;][et_pb_row _builder_version=&#8221;3.25&#8243; background_size=&#8221;initial&#8221; background_position=&#8221;top_left&#8221; background_repeat=&#8221;repeat&#8221;][et_pb_column type=&#8221;4_4&#8243; _builder_version=&#8221;3.25&#8243; custom_padding=&#8221;|||&#8221; custom_padding__hover=&#8221;|||&#8221;][et_pb_text admin_label=&#8221;Here\u2019s what our past clients have to say&#8230;&#8221; _builder_version=&#8221;4.4.8&#8243; z_index_tablet=&#8221;500&#8243;]<\/p>\n<h1 style=\"text-align: center;\">T\u00e9moignage de certains clients ayant utilis\u00e9 la plate-forme INTERVENT<\/h1>\n<p>[\/et_pb_text][\/et_pb_column][\/et_pb_row][et_pb_row column_structure=&#8221;1_4,3_4&#8243; _builder_version=&#8221;3.25&#8243; background_size=&#8221;initial&#8221; background_position=&#8221;top_left&#8221; background_repeat=&#8221;repeat&#8221;][et_pb_column type=&#8221;1_4&#8243; _builder_version=&#8221;3.25&#8243; custom_padding=&#8221;|||&#8221; custom_padding__hover=&#8221;|||&#8221;][et_pb_image src=&#8221;https:\/\/lmc.ca\/wp-content\/uploads\/2019\/07\/man-in-yoga.png&#8221; align=&#8221;center&#8221; align_tablet=&#8221;center&#8221; align_phone=&#8221;&#8221; align_last_edited=&#8221;on|desktop&#8221; _builder_version=&#8221;3.23&#8243; z_index_tablet=&#8221;500&#8243;][\/et_pb_image][\/et_pb_column][et_pb_column type=&#8221;3_4&#8243; _builder_version=&#8221;3.25&#8243; custom_padding=&#8221;|||&#8221; custom_padding__hover=&#8221;|||&#8221;][et_pb_testimonial _builder_version=&#8221;4.4.8&#8243; z_index_tablet=&#8221;500&#8243;]<\/p>\n<h3 class=\"p1\"><em>J\u2019ai perdu 100\u00a0livres en 10\u00a0mois environ. Je n\u2019ai jamais \u00e9t\u00e9 affam\u00e9 ni \u00e9puis\u00e9. Ce programme nous permet d\u2019acqu\u00e9rir des connaissances et nous donne acc\u00e8s \u00e0 une panoplie d\u2019outils pour nous aider \u00e0 perdre du poids et \u00e0 faire de l\u2019exercice. Mon m\u00e9decin de famille appuie vivement ma participation au programme. Mon conseiller a de vastes connaissances en plus d\u2019\u00eatre d\u2019un grand soutien. Gr\u00e2ce \u00e0 lui, j\u2019ai beaucoup gagn\u00e9 en confiance tout au long du programme.\u00a0\u00bb<br \/> <\/em><\/h3>\n<h3>John, 57\u00a0ans<\/h3>\n<p>[\/et_pb_testimonial][\/et_pb_column][\/et_pb_row][et_pb_row column_structure=&#8221;1_4,3_4&#8243; _builder_version=&#8221;3.25&#8243; background_size=&#8221;initial&#8221; background_position=&#8221;top_left&#8221; background_repeat=&#8221;repeat&#8221;][et_pb_column type=&#8221;1_4&#8243; _builder_version=&#8221;3.25&#8243; custom_padding=&#8221;|||&#8221; custom_padding__hover=&#8221;|||&#8221;][et_pb_image src=&#8221;https:\/\/lmc.ca\/wp-content\/uploads\/2019\/07\/popup-peoples.png&#8221; align=&#8221;center&#8221; align_tablet=&#8221;center&#8221; align_phone=&#8221;&#8221; align_last_edited=&#8221;on|desktop&#8221; _builder_version=&#8221;3.23&#8243; z_index_tablet=&#8221;500&#8243;][\/et_pb_image][\/et_pb_column][et_pb_column type=&#8221;3_4&#8243; _builder_version=&#8221;3.25&#8243; custom_padding=&#8221;|||&#8221; custom_padding__hover=&#8221;|||&#8221;][et_pb_testimonial _builder_version=&#8221;4.4.8&#8243; z_index_tablet=&#8221;500&#8243;]<\/p>\n<h3 class=\"p1\">Gr\u00e2ce \u00e0 ce programme, ma vie a compl\u00e8tement chang\u00e9e. D\u00e9sormais, je suis capable de me fixer des objectifs r\u00e9alistes et de me r\u00e9compenser en cours de route. Je suis pass\u00e9 d\u2019une taille\u00a024 \u00e0 une taille\u00a06, sans compter que mon conseiller m\u2019a motiv\u00e9e \u00e0 m\u2019entra\u00eener pour courir mon premier marathon.\u00a0En m\u2019aidant \u00e0 croire en moi, le programme m\u2019a permis d\u2019am\u00e9liorer mon mode de vie.<\/h3>\n<h3 class=\"p1\"><strong>Deborah, 35 ans<\/strong><\/h3>\n<p>[\/et_pb_testimonial][\/et_pb_column][\/et_pb_row][et_pb_row column_structure=&#8221;1_4,3_4&#8243; _builder_version=&#8221;3.25&#8243; background_size=&#8221;initial&#8221; background_position=&#8221;top_left&#8221; background_repeat=&#8221;repeat&#8221;][et_pb_column type=&#8221;1_4&#8243; _builder_version=&#8221;3.25&#8243; custom_padding=&#8221;|||&#8221; custom_padding__hover=&#8221;|||&#8221;][et_pb_image src=&#8221;https:\/\/lmc.ca\/wp-content\/uploads\/2019\/07\/lmc-rewards-activity.png&#8221; align=&#8221;center&#8221; align_tablet=&#8221;center&#8221; align_phone=&#8221;&#8221; align_last_edited=&#8221;on|desktop&#8221; _builder_version=&#8221;3.23&#8243; z_index_tablet=&#8221;500&#8243;][\/et_pb_image][\/et_pb_column][et_pb_column type=&#8221;3_4&#8243; _builder_version=&#8221;3.25&#8243; custom_padding=&#8221;|||&#8221; custom_padding__hover=&#8221;|||&#8221;][et_pb_testimonial _builder_version=&#8221;4.4.8&#8243; z_index_tablet=&#8221;500&#8243;]<\/p>\n<h3>Gr\u00e2ce au programme, je fais une promenade au quotidien et j\u2019ai adopt\u00e9 un r\u00e9gime sain riche en fruits et en l\u00e9gumes.\u00a0J\u2019invite les autres \u00e0 participer \u00e0 ce programme, qui m\u2019a grandement aid\u00e9e. C\u2019\u00e9tait la premi\u00e8re fois que j\u2019avais acc\u00e8s \u00e0 une conseill\u00e8re pour m\u2019accompagner dans le but d\u2019am\u00e9liorer ma sant\u00e9. \u00c7a a port\u00e9 ses fruits.<\/h3>\n<h3><strong>Elaine, 49 ans<\/strong><\/h3>\n<p>[\/et_pb_testimonial][\/et_pb_column][\/et_pb_row][\/et_pb_section][et_pb_section fb_built=&#8221;1&#8243; _builder_version=&#8221;3.22&#8243; custom_margin=&#8221;0px||0px|&#8221; custom_padding=&#8221;0px||0px|&#8221; z_index_tablet=&#8221;500&#8243; collapsed=&#8221;on&#8221;][et_pb_row _builder_version=&#8221;3.25&#8243; background_size=&#8221;initial&#8221; background_position=&#8221;top_left&#8221; background_repeat=&#8221;repeat&#8221;][et_pb_column type=&#8221;4_4&#8243; _builder_version=&#8221;3.25&#8243; custom_padding=&#8221;|||&#8221; custom_padding__hover=&#8221;|||&#8221;][et_pb_divider color=&#8221;#1f3569&#8243; _builder_version=&#8221;3.21.1&#8243; height=&#8221;0px&#8221; custom_margin=&#8221;0px||0px|&#8221; custom_padding=&#8221;0px||0px|&#8221; z_index_tablet=&#8221;500&#8243;][\/et_pb_divider][\/et_pb_column][\/et_pb_row][\/et_pb_section][et_pb_section fb_built=&#8221;1&#8243; _builder_version=&#8221;3.22&#8243; z_index_tablet=&#8221;500&#8243; collapsed=&#8221;on&#8221;][et_pb_row _builder_version=&#8221;3.25&#8243; custom_padding=&#8221;35px||35px|&#8221;][et_pb_column type=&#8221;4_4&#8243; _builder_version=&#8221;3.25&#8243; custom_padding=&#8221;|||&#8221; custom_padding__hover=&#8221;|||&#8221;][et_pb_text admin_label=&#8221;Ready to join the program?&#8221; _builder_version=&#8221;4.4.8&#8243; text_text_color=&#8221;#000000&#8243; background_layout=&#8221;dark&#8221; z_index_tablet=&#8221;500&#8243; saved_tabs=&#8221;all&#8221;]<\/p>\n<h1 style=\"margin-bottom: 20px; font-size: 26px; text-align: center;\"><span style=\"color: #000000;\">\u00cates-vous pr\u00eat \u00e0 vous joindre au programme?<\/span><\/h1>\n<h3 class=\"p1\" style=\"margin-bottom: 20px;\"><span style=\"color: #000000;\">Si vous souffrez de pr\u00e9diab\u00e8te ou si vous \u00eates \u00e0 haut risque de d\u00e9velopper le diab\u00e8te de type\u00a02, vous pouvez \u00eatre admissible \u00e0 ce programme. Consultez les crit\u00e8res d\u2019admissibilit\u00e9.<\/span><\/h3>\n<p>[\/et_pb_text][et_pb_button button_url=&#8221;https:\/\/www.myintervent.com\/canrisk&#8221; button_text=&#8221;Suis-je admissible?&#8221; module_id=&#8221;ready-button&#8221; _builder_version=&#8221;4.4.8&#8243; z_index_tablet=&#8221;500&#8243; custom_css_before=&#8221;display: none;&#8221; custom_css_main_element=&#8221;    border: none !important;||    border-radius: 0 !important;||    color: white !important;||    font-weight: bold;||    width: 760px;||    text-align: center;||    padding: 13px 0 !important;||    background: #d1302b;||    margin-left: auto !important;||    display: block !important;||    margin-right: auto !important;||    max-width: 100%;||    height: 60px !important;&#8221; custom_css_after=&#8221;display: none;&#8221; saved_tabs=&#8221;all&#8221;][\/et_pb_button][et_pb_text _builder_version=&#8221;4.4.8&#8243;]<\/p>\n<h3 class=\"p1\">Si vous avez des questions, \u00e9crivez-nous \u00e0 l\u2019adresse prevention@LMC.ca<\/h3>\n<p>[\/et_pb_text][et_pb_image src=&#8221;https:\/\/lmc.ca\/wp-content\/uploads\/2019\/07\/intervent-logo-black-e1593110628421.png&#8221; title_text=&#8221;intervent-logo-black&#8221; _builder_version=&#8221;4.4.8&#8243;][\/et_pb_image][\/et_pb_column][\/et_pb_row][\/et_pb_section][et_pb_section fb_built=&#8221;1&#8243; _builder_version=&#8221;3.22&#8243; custom_margin=&#8221;0px||0px|&#8221; custom_padding=&#8221;0px||0px|&#8221; z_index_tablet=&#8221;500&#8243; collapsed=&#8221;on&#8221;][et_pb_row _builder_version=&#8221;3.25&#8243; background_size=&#8221;initial&#8221; background_position=&#8221;top_left&#8221; background_repeat=&#8221;repeat&#8221;][et_pb_column type=&#8221;4_4&#8243; _builder_version=&#8221;3.25&#8243; custom_padding=&#8221;|||&#8221; custom_padding__hover=&#8221;|||&#8221;][et_pb_divider color=&#8221;#1f3569&#8243; _builder_version=&#8221;3.21.1&#8243; height=&#8221;0px&#8221; custom_margin=&#8221;0px||0px|&#8221; custom_padding=&#8221;0px||0px|&#8221; z_index_tablet=&#8221;500&#8243;][\/et_pb_divider][\/et_pb_column][\/et_pb_row][\/et_pb_section][et_pb_section fb_built=&#8221;1&#8243; module_id=&#8221;dpp-getintouch&#8221; _builder_version=&#8221;3.22&#8243; custom_padding=&#8221;70px|||&#8221; collapsed=&#8221;on&#8221;][et_pb_row _builder_version=&#8221;3.25&#8243; background_size=&#8221;initial&#8221; background_position=&#8221;top_left&#8221; background_repeat=&#8221;repeat&#8221;][et_pb_column type=&#8221;4_4&#8243; _builder_version=&#8221;3.0.47&#8243; custom_padding=&#8221;|||&#8221; custom_padding__hover=&#8221;|||&#8221;][et_pb_text admin_label=&#8221;Get in touch&#8221; _builder_version=&#8221;4.4.8&#8243; text_text_color=&#8221;#ffffff&#8221;]<\/p>\n<h1 style=\"text-align: center;\"><strong>Entrer en Contact<\/strong><\/h1>\n<p>[\/et_pb_text][\/et_pb_column][\/et_pb_row][et_pb_row column_structure=&#8221;1_3,1_3,1_3&#8243; module_id=&#8221;get-in-touch-row&#8221; _builder_version=&#8221;3.25&#8243; background_size=&#8221;initial&#8221; background_position=&#8221;top_left&#8221; background_repeat=&#8221;repeat&#8221; module_alignment=&#8221;center&#8221;][et_pb_column type=&#8221;1_3&#8243; _builder_version=&#8221;3.0.47&#8243; custom_padding=&#8221;|||&#8221; custom_padding__hover=&#8221;|||&#8221;][et_pb_image src=&#8221;https:\/\/lmc.ca\/wp-content\/uploads\/2020\/06\/CDPP-Logo-FR.png&#8221; title_text=&#8221;CDPP Logo FR&#8221; show_bottom_space=&#8221;off&#8221; align=&#8221;center&#8221; align_tablet=&#8221;center&#8221; align_phone=&#8221;&#8221; align_last_edited=&#8221;on|desktop&#8221; module_id=&#8221;brought-image&#8221; _builder_version=&#8221;4.4.8&#8243; max_width=&#8221;50%&#8221; z_index_tablet=&#8221;500&#8243;][\/et_pb_image][\/et_pb_column][et_pb_column type=&#8221;1_3&#8243; _builder_version=&#8221;3.0.47&#8243; custom_padding=&#8221;|||&#8221; custom_padding__hover=&#8221;|||&#8221;][et_pb_text _builder_version=&#8221;4.4.8&#8243; text_text_color=&#8221;#ffffff&#8221; z_index_tablet=&#8221;500&#8243;]<\/p>\n<h3 class=\"p1\">Le Programme canadien de pr\u00e9vention du diab\u00e8te (PCPD)<\/h3>\n<h3 class=\"tw-data-text tw-text-large XcVN5d tw-ta\" data-placeholder=\"Translation\" id=\"tw-target-text\" dir=\"ltr\"><span lang=\"fr\">Loins de Sant\u00e9<\/span><\/h3>\n<h3 class=\"p1\">1929 Bayview Avenue #106<br \/> Toronto, Ontario M4G 3E8<\/h3>\n<p>[\/et_pb_text][\/et_pb_column][et_pb_column type=&#8221;1_3&#8243; _builder_version=&#8221;3.0.47&#8243; custom_padding=&#8221;|||&#8221; custom_padding__hover=&#8221;|||&#8221;][et_pb_text _builder_version=&#8221;4.4.8&#8243; width=&#8221;80%&#8221; max_width=&#8221;1080px&#8221;]<\/p>\n<h3 class=\"p1\">T\u00e9l\u00e9phone: 416-559-4665<\/h3>\n<h3 class=\"p1\">T\u00e9l\u00e9copieur: 416-645-2930<\/h3>\n<h3 class=\"p1\">Courriel: <a href=\"mailto:prevention@LMC.ca\" class=\"link-over-green\">prevention@LMC.ca<\/a><\/h3>\n<p>[\/et_pb_text][\/et_pb_column][\/et_pb_row][\/et_pb_section][et_pb_section fb_built=&#8221;1&#8243; fullwidth=&#8221;on&#8221; module_id=&#8221;ddp-menu-fixed&#8221; _builder_version=&#8221;3.22&#8243; custom_css_main_element=&#8221;z-index: 10;&#8221; collapsed=&#8221;off&#8221; global_module=&#8221;64875&#8243;][et_pb_fullwidth_image src=&#8221;https:\/\/staging.lmc.ca\/wp-content\/uploads\/2019\/06\/CDPP-iconlogo-LOGO2.png&#8221; url=&#8221;\/diabetes-prevention&#8221; _builder_version=&#8221;3.19.13&#8243;][\/et_pb_fullwidth_image][et_pb_fullwidth_menu menu_id=&#8221;280&#8243; submenu_direction=&#8221;downwards&#8221; fullwidth_menu=&#8221;off&#8221; active_link_color=&#8221;#24ade3&#8243; dropdown_menu_text_color=&#8221;#000000&#8243; mobile_menu_text_color=&#8221;#000000&#8243; admin_label=&#8221;Fixed DPP Menu&#8221; module_id=&#8221;dpp-fixed-menu&#8221; _builder_version=&#8221;4.4.8&#8243; menu_text_color=&#8221;#000000&#8243; text_orientation=&#8221;center&#8221; custom_padding=&#8221;12px||12px|&#8221; z_index_tablet=&#8221;500&#8243; custom_css_menu_link=&#8221;text-transform: uppercase;&#8221; box_shadow_style=&#8221;preset3&#8243; box_shadow_vertical=&#8221;5px&#8221; box_shadow_blur=&#8221;20px&#8221; box_shadow_spread=&#8221;0px&#8221; box_shadow_color=&#8221;rgba(212,212,212,0.5)&#8221;][\/et_pb_fullwidth_menu][\/et_pb_section]<\/p>","protected":false},"excerpt":{"rendered":"<p>INTERVENT Le Programme canadien de pr\u00e9vention du diab\u00e8te (PCPD) utilise la plate-forme INTERVENT.\u00a0Cette plate-forme adapt\u00e9e vous donne acc\u00e8s \u00e0 des rapports personnalis\u00e9s sur le bien-\u00eatre, \u00e0 des conseils d\u2019expert et \u00e0 un encadrement sur la sant\u00e9 personnalis\u00e9.Dans le cadre du programme, vous aurez acc\u00e8s gratuitement \u00e0 plusieurs ressources et outils, y compris les suivants\u00a0: \u2022\u00a0Des [&hellip;]<\/p>","protected":false},"author":41,"featured_media":0,"parent":64517,"menu_order":0,"comment_status":"closed","ping_status":"closed","template":"","meta":{"_et_pb_use_builder":"on","_et_pb_old_content":"","_et_gb_content_width":"","two_page_speed":[],"footnotes":""},"class_list":["post-64560","page","type-page","status-publish","hentry"],"_links":{"self":[{"href":"https:\/\/www.lmc.ca\/fr\/wp-json\/wp\/v2\/pages\/64560","targetHints":{"allow":["GET"]}}],"collection":[{"href":"https:\/\/www.lmc.ca\/fr\/wp-json\/wp\/v2\/pages"}],"about":[{"href":"https:\/\/www.lmc.ca\/fr\/wp-json\/wp\/v2\/types\/page"}],"author":[{"embeddable":true,"href":"https:\/\/www.lmc.ca\/fr\/wp-json\/wp\/v2\/users\/41"}],"replies":[{"embeddable":true,"href":"https:\/\/www.lmc.ca\/fr\/wp-json\/wp\/v2\/comments?post=64560"}],"version-history":[{"count":0,"href":"https:\/\/www.lmc.ca\/fr\/wp-json\/wp\/v2\/pages\/64560\/revisions"}],"up":[{"embeddable":true,"href":"https:\/\/www.lmc.ca\/fr\/wp-json\/wp\/v2\/pages\/64517"}],"wp:attachment":[{"href":"https:\/\/www.lmc.ca\/fr\/wp-json\/wp\/v2\/media?parent=64560"}],"curies":[{"name":"wp","href":"https:\/\/api.w.org\/{rel}","templated":true}]}}