{"id":64475,"date":"2020-06-12T21:36:12","date_gmt":"2020-06-12T21:36:12","guid":{"rendered":"https:\/\/lmcca.wpengine.com\/?page_id=64475"},"modified":"2026-04-27T19:54:13","modified_gmt":"2026-04-27T19:54:13","slug":"how-to-upload-your-device","status":"publish","type":"page","link":"https:\/\/www.lmc.ca\/fr\/how-to-upload-your-device\/","title":{"rendered":"How to Upload Your Device"},"content":{"rendered":"<p>[et_pb_section fb_built=&#8221;1&#8243; _builder_version=&#8221;4.16&#8243; global_colors_info=&#8221;{}&#8221;][et_pb_row _builder_version=&#8221;4.16&#8243; global_colors_info=&#8221;{}&#8221;][et_pb_column type=&#8221;4_4&#8243; _builder_version=&#8221;4.16&#8243; global_colors_info=&#8221;{}&#8221;][et_pb_accordion admin_label=&#8221;Upload My Device&#8221; _builder_version=&#8221;4.16&#8243; body_text_color=&#8221;#e09900&#8243; border_color_all=&#8221;rgba(0,0,0,0)&#8221; global_colors_info=&#8221;{}&#8221;][et_pb_accordion_item open=&#8221;on&#8221; _builder_version=&#8221;4.16&#8243; global_colors_info=&#8221;{}&#8221;]<\/p>\n<h1><strong>T\u00e9l\u00e9charger mon appareil<\/strong><\/h1>\n<p>[\/et_pb_accordion_item][\/et_pb_accordion][\/et_pb_column][\/et_pb_row][et_pb_row column_structure=&#8221;1_3,2_3&#8243; _builder_version=&#8221;4.16&#8243; min_height=&#8221;108px&#8221; custom_padding=&#8221;|||0px||&#8221; global_colors_info=&#8221;{}&#8221;][et_pb_column type=&#8221;1_3&#8243; _builder_version=&#8221;4.16&#8243; global_colors_info=&#8221;{}&#8221;][et_pb_accordion admin_label=&#8221;LIBRE&#8221; _builder_version=&#8221;4.16&#8243; width=&#8221;95.4%&#8221; custom_margin=&#8221;|25px||1px||&#8221; link_option_url=&#8221;https:\/\/lmc.ca\/wp-content\/uploads\/2020\/06\/LIBRE.pdf&#8221; global_colors_info=&#8221;{}&#8221;][et_pb_accordion_item open=&#8221;on&#8221; _builder_version=&#8221;4.16&#8243; global_colors_info=&#8221;{}&#8221;]<\/p>\n<h1 style=\"text-align: center;\"><strong>LIBRE<\/strong><\/h1>\n<ul>\n<li><strong><a href=\"https:\/\/www.youtube.com\/watch?v=pNJswF6oths\" target=\"_blank\" rel=\"noopener\">Vid\u00e9o : Comment t\u00e9l\u00e9charger le lecteur<\/a><\/strong><\/li>\n<li><strong><a href=\"https:\/\/www.lmc.ca\/wp-content\/uploads\/2020\/06\/LIBRE.pdf\" target=\"_blank\" rel=\"noopener\">Instructions PDF<\/a><\/strong><\/li>\n<\/ul>\n<p>[\/et_pb_accordion_item][\/et_pb_accordion][et_pb_accordion admin_label=&#8221;CARELINK&#8221; _builder_version=&#8221;4.16&#8243; width=&#8221;95.2%&#8221; custom_margin=&#8221;|||1px||&#8221; link_option_url=&#8221;https:\/\/lmc.ca\/wp-content\/uploads\/2020\/06\/LIBRE.pdf&#8221; global_colors_info=&#8221;{}&#8221;][et_pb_accordion_item open=&#8221;on&#8221; _builder_version=&#8221;4.16&#8243; global_colors_info=&#8221;{}&#8221;]<\/p>\n<h1 style=\"text-align: center;\"><strong>CARELINK<\/strong><\/h1>\n<ul>\n<li style=\"text-align: left;\"><a href=\"https:\/\/www.medtronicdiabetes.com\/sites\/default\/files\/library\/download-library\/user-guides\/carelink-v3_0\/en_carelink_pro_installation_guide.pdf\" target=\"_blank\" rel=\"noopener\"><strong>Guide d'installation<\/strong><\/a><\/li>\n<li style=\"text-align: left;\"><a href=\"https:\/\/www.medtronicdiabetes.com\/CareLinkPDF\/201807716EN_Upload-Guide_vFinal.pdf\" target=\"_blank\" rel=\"noopener\"><strong>Guide de t\u00e9l\u00e9chargement<\/strong><\/a><\/li>\n<li><strong><a href=\"https:\/\/www.youtube.com\/watch?v=u_oC2EubVT4\" target=\"_blank\" rel=\"noopener\">Vid\u00e9o : Comment t\u00e9l\u00e9charger vos informations dans Carelink<\/a><\/strong><\/li>\n<\/ul>\n<p>[\/et_pb_accordion_item][\/et_pb_accordion][et_pb_accordion admin_label=&#8221;TANDEM&#8221; _builder_version=&#8221;4.27.4&#8243; link_option_url=&#8221;https:\/\/www.lmc.ca\/wp-content\/uploads\/2026\/03\/Getting-Started-With-Source-LMC-1.pdf&#8221; hover_enabled=&#8221;0&#8243; global_colors_info=&#8221;{}&#8221; sticky_enabled=&#8221;0&#8243;][et_pb_accordion_item open=&#8221;on&#8221; _builder_version=&#8221;4.27.4&#8243; link_option_url=&#8221;https:\/\/lmc.ca\/wp-content\/uploads\/2020\/07\/Tandem-Pump.pdf&#8221; hover_enabled=&#8221;0&#8243; global_colors_info=&#8221;{}&#8221; sticky_enabled=&#8221;0&#8243;]<\/p>\n<h1 style=\"text-align: center;\"><a href=\"https:\/\/www.lmc.ca\/wp-content\/uploads\/2026\/04\/Getting-Started-With-Source-LMC-1.pdf\" target=\"_blank\" rel=\"noopener\"><strong>TANDEM<\/strong><\/a><\/h1>\n<p>[\/et_pb_accordion_item][\/et_pb_accordion][et_pb_accordion admin_label=&#8221;OMNIPOD&#8221; _builder_version=&#8221;4.16&#8243; min_height=&#8221;142px&#8221; custom_margin=&#8221;||77px|||&#8221; link_option_url=&#8221;https:\/\/lmc.ca\/wp-content\/uploads\/2020\/06\/Omnipod-Pump.pdf&#8221; global_colors_info=&#8221;{}&#8221;][et_pb_accordion_item open=&#8221;on&#8221; _builder_version=&#8221;4.16&#8243; link_option_url=&#8221;https:\/\/lmc.ca\/wp-content\/uploads\/2020\/06\/Omnipod-Pump.pdf&#8221; global_colors_info=&#8221;{}&#8221;]<\/p>\n<h1 style=\"text-align: center;\"><a href=\"https:\/\/www.youtube.com\/watch?v=91oBgKaoZRk\" target=\"_blank\" rel=\"noopener\"><strong>OMNIPOD<\/strong><\/a><\/h1>\n<p>[\/et_pb_accordion_item][\/et_pb_accordion][et_pb_accordion admin_label=&#8221;OMNIPOD 5&#8243; _builder_version=&#8221;4.27.4&#8243; min_height=&#8221;142px&#8221; custom_margin=&#8221;||77px|||&#8221; link_option_url=&#8221;https:\/\/lmc.ca\/wp-content\/uploads\/2020\/06\/Omnipod-Pump.pdf&#8221; global_colors_info=&#8221;{}&#8221;][et_pb_accordion_item open=&#8221;on&#8221; _builder_version=&#8221;4.27.4&#8243; link_option_url=&#8221;https:\/\/lmc.ca\/wp-content\/uploads\/2020\/06\/Omnipod-Pump.pdf&#8221; global_colors_info=&#8221;{}&#8221;]<\/p>\n<h1 style=\"text-align: center;\"><a href=\"https:\/\/www.lmc.ca\/wp-content\/uploads\/2025\/09\/OP5-Patient-Glooko-Brochure.pdf\" target=\"_blank\" rel=\"noopener\"><strong>OMNIPOD 5<\/strong><\/a><\/h1>\n<p style=\"text-align: center;\"><b><\/b><b>Code ProConnect : lmchealthcare<\/b><\/p>\n<p>[\/et_pb_accordion_item][\/et_pb_accordion][et_pb_accordion admin_label=&#8221;DEXCOM&#8221; _builder_version=&#8221;4.27.4&#8243; custom_margin=&#8221;-80px|4px||4px|false|false&#8221; link_option_url=&#8221;https:\/\/lmc.ca\/wp-content\/uploads\/2020\/06\/Clarity.pdf&#8221; global_colors_info=&#8221;{}&#8221;][et_pb_accordion_item open=&#8221;on&#8221; _builder_version=&#8221;4.27.4&#8243; link_option_url=&#8221;https:\/\/lmc.ca\/wp-content\/uploads\/2020\/06\/Clarity.pdf&#8221; global_colors_info=&#8221;{}&#8221;]<\/p>\n<h1 style=\"text-align: center;\"><a href=\"https:\/\/www.lmc.ca\/wp-content\/uploads\/2024\/03\/EN-Clarity-Single-Share-Code-Pt-Hand-out.pdf\" target=\"_blank\" rel=\"noopener\"><b>DEXCOM CLARIT\u00c9<\/b><\/a><\/h1>\n<ul>\n<li><strong><a href=\"https:\/\/www.youtube.com\/watch?v=GTULvbiAkfc\" target=\"_blank\" rel=\"noopener\">Vid\u00e9o : Utiliser Dexcom Clarity sur votre ordinateur<\/a><\/strong><\/li>\n<li><b>Code de la clinique Clarity : LMCDexcom<\/b><\/li>\n<\/ul>\n<p>[\/et_pb_accordion_item][\/et_pb_accordion][\/et_pb_column][et_pb_column type=&#8221;2_3&#8243; _builder_version=&#8221;4.16&#8243; global_colors_info=&#8221;{}&#8221;][et_pb_accordion admin_label=&#8221;TIDEPOOL&#8221; _builder_version=&#8221;4.16&#8243; width=&#8221;93.2%&#8221; custom_margin=&#8221;|-52px||33px||&#8221; global_colors_info=&#8221;{}&#8221;][et_pb_accordion_item open=&#8221;on&#8221; _builder_version=&#8221;4.16&#8243; global_colors_info=&#8221;{}&#8221;]<\/p>\n<h1 style=\"text-align: center;\"><strong>TIDEPOOL<\/strong><\/h1>\n<p>Cr\u00e9ez un compte Tidepool sur votre ordinateur en utilisant le bouton ci-dessous<\/p>\n<a href='#' class='small-button smallblue'>Cr\u00e9er un compte<\/a>\n<p>T\u00e9l\u00e9chargez votre appareil, installez d'abord le logiciel de t\u00e9l\u00e9chargement Tidepool (une seule fois) :<\/p>\n<a href='https:\/\/support.tidepool.org\/hc\/en-us\/articles\/360029368552-Installing-Tidepool-Uploader' class='small-button smallblue'>T\u00e9l\u00e9charger le dispositif<\/a>\n<p><a href=\"https:\/\/www.youtube.com\/watch?v=91oBgKaoZRk\" target=\"_blank\" rel=\"noopener\"><strong>Vid\u00e9o : Comment t\u00e9l\u00e9charger vos donn\u00e9es sur le diab\u00e8te - Tidepool Uploader<\/strong><\/a><\/p>\n<ol>\n<li>T\u00e9l\u00e9charger le logiciel Tidepool Uploader<\/li>\n<li>Dans la fen\u00eatre contextuelle, choisissez d'enregistrer le fichier.<\/li>\n<li>Si une fen\u00eatre s'ouvre, cliquez sur ex\u00e9cuter le fichier. Sinon, vous devrez rechercher le fichier<\/li>\n<li>Double-cliquez sur l'ic\u00f4ne de Tidepool Uploader sur votre bureau pour d\u00e9marrer le programme.<\/li>\n<li>Connectez-vous \u00e0 votre compte sur tidepool uploader<\/li>\n<li>Choisir l'appareil dans le menu des appareils<\/li>\n<li>S\u00e9lectionnez le fuseau horaire dans le menu d\u00e9roulant situ\u00e9 dans la partie sup\u00e9rieure de votre \u00e9cran.<\/li>\n<li>Connecter le c\u00e2ble \u00e0 l'ordinateur<\/li>\n<li>Connectez votre appareil au c\u00e2ble<\/li>\n<li>Cliquez sur upload sur tidepool uploader<\/li>\n<\/ol>\n<p>&nbsp;<\/p>\n<a href='' class='small-button smallblue'>Probl\u00e8mes de t\u00e9l\u00e9chargement<\/a>\n<p>***Pour partager des donn\u00e9es avec nous sur le compte Tidepool<\/p>\n<ol>\n<li>Tout d'abord, en utilisant Google Chrome, connectez-vous \u00e0 votre compte Tidepool \u00e0 l'adresse suivante <a href=\"https:\/\/app.tidepool.org\/\" target=\"_blank\" rel=\"noopener\">https:\/\/app.tidepool.org<\/a>.<\/li>\n<li>Cliquez sur votre nom en haut, allez au sous-titre \"LES UNIT\u00c9S QUE J'UTILISE SONT\" et s\u00e9lectionnez mmol\/L.<\/li>\n<li>En haut de Tidepool Web, vous verrez le nom de votre compte avec plusieurs options en dessous. L'une de ces options est \"Partager\". Veuillez cliquer sur cette option<\/li>\n<li>Veuillez cliquer sur inviter un nouveau membre. Vous verrez une option d'invitation via le code de partage de la clinique sous la bo\u00eete de dialogue vide, \"Want to share data with a new clinic ? Invite via clinic share code\". Cliquez sur cette option et saisissez le code : <strong>X4JF-V2XR-2ACQ<\/strong> partager vos donn\u00e9es avec notre clinique<\/li>\n<\/ol>\n<p>[\/et_pb_accordion_item][\/et_pb_accordion][\/et_pb_column][\/et_pb_row][et_pb_row column_structure=&#8221;1_3,1_3,1_3&#8243; _builder_version=&#8221;4.16&#8243; min_height=&#8221;108px&#8221; global_colors_info=&#8221;{}&#8221;][et_pb_column type=&#8221;1_3&#8243; _builder_version=&#8221;4.16&#8243; global_colors_info=&#8221;{}&#8221;][\/et_pb_column][et_pb_column type=&#8221;1_3&#8243; _builder_version=&#8221;4.16&#8243; global_colors_info=&#8221;{}&#8221;][\/et_pb_column][et_pb_column type=&#8221;1_3&#8243; _builder_version=&#8221;4.16&#8243; global_colors_info=&#8221;{}&#8221;][\/et_pb_column][\/et_pb_row][\/et_pb_section]<\/p>","protected":false},"excerpt":{"rendered":"<p>Upload My DeviceLIBRE Video: How to upload the reader PDF instructions CARELINK Install Guide Upload Guide Video: How to upload your information to Carelink TANDEMOMNIPODOMNIPOD 5 ProConnect code: lmchealthcareDEXCOM CLARITY Video: Using Dexcom Clarity on your computer Clarity Clinic code: LMCDexcom TIDEPOOL Create a\u00a0 Tidepool account on your computer please use the button below <a href='#' class='small-button smallblue'><\/a><\/p>","protected":false},"author":25,"featured_media":0,"parent":0,"menu_order":0,"comment_status":"closed","ping_status":"closed","template":"","meta":{"_et_pb_use_builder":"on","_et_pb_old_content":"","_et_gb_content_width":"","two_page_speed":[],"footnotes":""},"class_list":["post-64475","page","type-page","status-publish","hentry"],"_links":{"self":[{"href":"https:\/\/www.lmc.ca\/fr\/wp-json\/wp\/v2\/pages\/64475","targetHints":{"allow":["GET"]}}],"collection":[{"href":"https:\/\/www.lmc.ca\/fr\/wp-json\/wp\/v2\/pages"}],"about":[{"href":"https:\/\/www.lmc.ca\/fr\/wp-json\/wp\/v2\/types\/page"}],"author":[{"embeddable":true,"href":"https:\/\/www.lmc.ca\/fr\/wp-json\/wp\/v2\/users\/25"}],"replies":[{"embeddable":true,"href":"https:\/\/www.lmc.ca\/fr\/wp-json\/wp\/v2\/comments?post=64475"}],"version-history":[{"count":0,"href":"https:\/\/www.lmc.ca\/fr\/wp-json\/wp\/v2\/pages\/64475\/revisions"}],"wp:attachment":[{"href":"https:\/\/www.lmc.ca\/fr\/wp-json\/wp\/v2\/media?parent=64475"}],"curies":[{"name":"wp","href":"https:\/\/api.w.org\/{rel}","templated":true}]}}