{"id":60771,"date":"2019-04-16T14:45:09","date_gmt":"2019-04-16T14:45:09","guid":{"rendered":"https:\/\/staging.lmc.ca\/?page_id=60317"},"modified":"2021-03-01T19:06:09","modified_gmt":"2021-03-01T19:06:09","slug":"locations","status":"publish","type":"page","link":"https:\/\/www.lmc.ca\/fr\/diabetes-prevention\/locations\/","title":{"rendered":"Localisation des sites"},"content":{"rendered":"<p>[et_pb_section fb_built=&#8221;1&#8243; fullwidth=&#8221;on&#8221; module_id=&#8221;ddp-menu&#8221; _builder_version=&#8221;3.22&#8243; custom_css_main_element=&#8221;z-index: 10;&#8221; collapsed=&#8221;on&#8221; global_module=&#8221;68347&#8243;][et_pb_fullwidth_menu menu_id=&#8221;276&#8243; submenu_direction=&#8221;downwards&#8221; fullwidth_menu=&#8221;off&#8221; active_link_color=&#8221;#97a822&#8243; dropdown_menu_text_color=&#8221;#000000&#8243; mobile_menu_text_color=&#8221;#000000&#8243; logo=&#8221;https:\/\/lmc.ca\/wp-content\/uploads\/2021\/03\/img-logo-cdpp.png&#8221; logo_url=&#8221;\/diabetes-prevention\/&#8221; logo_last_edited=&#8221;off|desktop&#8221; _builder_version=&#8221;4.9.0&#8243; menu_text_color=&#8221;#000000&#8243; text_orientation=&#8221;center&#8221; custom_padding=&#8221;12px||12px|&#8221; hover_enabled=&#8221;0&#8243; z_index_tablet=&#8221;500&#8243; custom_css_menu_link=&#8221;text-transform: uppercase;&#8221; box_shadow_style=&#8221;preset3&#8243; box_shadow_vertical=&#8221;5px&#8221; box_shadow_blur=&#8221;20px&#8221; box_shadow_spread=&#8221;0px&#8221; box_shadow_color=&#8221;rgba(212,212,212,0.5)&#8221; sticky_enabled=&#8221;0&#8243;][\/et_pb_fullwidth_menu][\/et_pb_section][et_pb_section fb_built=&#8221;1&#8243; _builder_version=&#8221;3.22&#8243; collapsed=&#8221;on&#8221;][et_pb_row _builder_version=&#8221;3.25&#8243; background_size=&#8221;initial&#8221; background_position=&#8221;top_left&#8221; background_repeat=&#8221;repeat&#8221; collapsed=&#8221;on&#8221;][et_pb_column type=&#8221;4_4&#8243; _builder_version=&#8221;3.25&#8243; custom_padding=&#8221;|||&#8221; custom_padding__hover=&#8221;|||&#8221;][et_pb_text admin_label=&#8221;Locations&#8221; _builder_version=&#8221;4.6.5&#8243;]<\/p>\n<h1 style=\"text-align: center;\"><strong>Localisation des sites<\/strong><\/h1>\n<h3 class=\"p1\" style=\"text-align: center;\">Le programme est actuellement offert aux patients des principales zones m\u00e9tropolitaines du sud de l'Ontario, du Manitoba, de l'Alberta et de la Colombie-Britannique. Il sera bient\u00f4t \u00e9tendu \u00e0 d'autres r\u00e9gions du pays. Pour une liste compl\u00e8te des villes o\u00f9 le programme est disponible, voir ci-dessous :<\/h3>\n<h3>\u00a0<\/h3>\n<h3><strong>Ontario<\/strong><\/h3>\n<ul>\n<li>\n<h3>Grand Ottawa<\/h3>\n<\/li>\n<li>\n<h3>Grand Toronto et Golden Horseshoe<\/h3>\n<\/li>\n<li>\n<h3>Peterborough, Port Hope<\/h3>\n<\/li>\n<li>\n<h3>Chatham-Kent, Goderich, London, Newbury, Strathroy, Windsor<\/h3>\n<\/li>\n<\/ul>\n<ul>\n<li>\n<h3>Barrie, Keswick Barrie, Keswick<\/h3>\n<\/li>\n<li>\n<h3>Bracebridge, Huntsville, Midland, Parry Sound<\/h3>\n<\/li>\n<li>\n<h3>Barry's Bay, Elliot Lake, North Bay<\/h3>\n<\/li>\n<li>\n<h3>Sault St Marie, Timmins, Thunder Bay<\/h3>\n<\/li>\n<\/ul>\n<h3><strong>Manitoba<\/strong><\/h3>\n<ul>\n<li>\n<h3>Winnipeg<\/h3>\n<\/li>\n<\/ul>\n<h3><strong>Alberta<\/strong><\/h3>\n<ul>\n<li>\n<h3>Calgary<\/h3>\n<\/li>\n<li>\n<h3>Edmonton<\/h3>\n<\/li>\n<\/ul>\n<h3><strong>Colombie-Britannique<\/strong><\/h3>\n<ul>\n<li>\n<h3>Grand Vancouver<\/h3>\n<\/li>\n<li>\n<h3>\u00cele de Vancouver<\/h3>\n<\/li>\n<li>\n<h3>Abbotsford<\/h3>\n<\/li>\n<li>\n<h3>Kamloops<\/h3>\n<\/li>\n<li>\n<h3>Prince George<\/h3>\n<\/li>\n<li>\n<h3>Dawson Creek<\/h3>\n<\/li>\n<li>\n<h3>Nelson<\/h3>\n<\/li>\n<\/ul>\n<h3><strong>Nouvelle-\u00c9cosse<\/strong><\/h3>\n<ul>\n<li>\n<h3>Halifax (et Dartmouth)<\/h3>\n<\/li>\n<\/ul>\n<h3><strong>Qu\u00e9bec<\/strong><\/h3>\n<ul>\n<li>\n<h3>Grand Montr\u00e9al<\/h3>\n<\/li>\n<li>\n<h3>Ville de Qu\u00e9bec<\/h3>\n<\/li>\n<li>\n<h3>Gatineau<\/h3>\n<\/li>\n<\/ul>\n<p>[\/et_pb_text][\/et_pb_column][\/et_pb_row][\/et_pb_section][et_pb_section fb_built=&#8221;1&#8243; _builder_version=&#8221;3.22&#8243; custom_margin=&#8221;-105px||0px|&#8221; collapsed=&#8221;on&#8221;][et_pb_row _builder_version=&#8221;3.25&#8243; background_size=&#8221;initial&#8221; background_position=&#8221;top_left&#8221; background_repeat=&#8221;repeat&#8221; collapsed=&#8221;on&#8221;][et_pb_column type=&#8221;4_4&#8243; _builder_version=&#8221;3.25&#8243; custom_padding=&#8221;|||&#8221; custom_padding__hover=&#8221;|||&#8221;][et_pb_text admin_label=&#8221;More locations coming soon&#8221; _builder_version=&#8221;3.27.4&#8243;]<\/p>\n<h3 class=\"p1\"><span class=\"s1\">D'autres sites seront bient\u00f4t disponibles.<\/span><\/h3>\n<p>[\/et_pb_text][\/et_pb_column][\/et_pb_row][\/et_pb_section][et_pb_section fb_built=&#8221;1&#8243; _builder_version=&#8221;3.22&#8243; custom_margin=&#8221;0px||0px|&#8221; custom_padding=&#8221;0px||0px|&#8221; collapsed=&#8221;on&#8221;][et_pb_row _builder_version=&#8221;3.25&#8243; custom_margin=&#8221;0px||0px|&#8221; custom_padding=&#8221;0px||0px|&#8221; collapsed=&#8221;on&#8221;][et_pb_column type=&#8221;4_4&#8243; _builder_version=&#8221;3.25&#8243; custom_padding=&#8221;0px||0px|&#8221; custom_padding__hover=&#8221;|||&#8221;][et_pb_divider color=&#8221;#1f3569&#8243; _builder_version=&#8221;3.23.4&#8243; height=&#8221;0px&#8221; custom_margin=&#8221;0px||0px|&#8221; custom_padding=&#8221;0px||0px|&#8221;][\/et_pb_divider][\/et_pb_column][\/et_pb_row][\/et_pb_section][et_pb_section fb_built=&#8221;1&#8243; _builder_version=&#8221;3.22&#8243; collapsed=&#8221;on&#8221;][et_pb_row _builder_version=&#8221;3.25&#8243; custom_padding=&#8221;35px||35px|&#8221; collapsed=&#8221;on&#8221;][et_pb_column type=&#8221;4_4&#8243; _builder_version=&#8221;3.25&#8243; custom_padding=&#8221;|||&#8221; custom_padding__hover=&#8221;|||&#8221;][et_pb_text admin_label=&#8221;Ready to join the program?&#8221; _builder_version=&#8221;3.27.4&#8243; text_text_color=&#8221;#000000&#8243; background_layout=&#8221;dark&#8221; z_index_tablet=&#8221;500&#8243; saved_tabs=&#8221;all&#8221;]<\/p>\n<h1 style=\"margin-bottom: 20px; font-size: 26px; text-align: center;\"><strong style=\"color: #333333;\">Pr\u00eat \u00e0 rejoindre le programme ?<\/strong><\/h1>\n<h3 class=\"p1\" style=\"margin-bottom: 20px;\"><span class=\"s1\" style=\"color: #333333;\">Si vous souffrez de pr\u00e9diab\u00e8te ou si vous pr\u00e9sentez un risque \u00e9lev\u00e9 de d\u00e9velopper un diab\u00e8te de type 2, vous pouvez peut-\u00eatre b\u00e9n\u00e9ficier de ce programme. Voyez si vous \u00eates \u00e9ligible !<\/span><\/h3>\n<p>[\/et_pb_text][et_pb_button button_url=&#8221;https:\/\/www.myintervent.com\/canrisk&#8221; button_text=&#8221;Am I eligible?&#8221; module_id=&#8221;ready-button&#8221; _builder_version=&#8221;3.21.1&#8243; z_index_tablet=&#8221;500&#8243; custom_css_before=&#8221;display: none;&#8221; custom_css_main_element=&#8221;    border: none !important;||    border-radius: 0 !important;||    color: white !important;||    font-weight: bold;||    width: 760px;||    text-align: center;||    padding: 13px 0 !important;||    background: #d1302b;||    margin-left: auto !important;||    display: block !important;||    margin-right: auto !important;||    max-width: 100%;||    height: 60px !important;&#8221; custom_css_after=&#8221;display: none;&#8221; saved_tabs=&#8221;all&#8221;][\/et_pb_button][et_pb_text _builder_version=&#8221;3.27.4&#8243;]<\/p>\n<h3 class=\"p1\"><span class=\"s1\">Si vous avez des questions, envoyez-nous un courriel \u00e0 l'adresse suivante <a style=\"color: #24ade3;\" href=\"mailto:prevention@LMC.ca\">prevention@LMC.ca<\/a><\/span><\/h3>\n<p>[\/et_pb_text][et_pb_image src=&#8221;https:\/\/lmc.ca\/wp-content\/uploads\/2019\/07\/intervent-logo-black-1.png&#8221; align_tablet=&#8221;center&#8221; align_phone=&#8221;&#8221; align_last_edited=&#8221;on|desktop&#8221; module_id=&#8221;ready-image&#8221; _builder_version=&#8221;3.23&#8243; z_index_tablet=&#8221;500&#8243; custom_css_before=&#8221;color: #333333 !important;&#8221; saved_tabs=&#8221;all&#8221;][\/et_pb_image][\/et_pb_column][\/et_pb_row][\/et_pb_section][et_pb_section fb_built=&#8221;1&#8243; fullwidth=&#8221;on&#8221; module_id=&#8221;ddp-menu-fixed&#8221; _builder_version=&#8221;3.22&#8243; custom_css_main_element=&#8221;z-index: 10;&#8221; collapsed=&#8221;on&#8221;][et_pb_fullwidth_image src=&#8221;https:\/\/staging.lmc.ca\/wp-content\/uploads\/2019\/06\/CDPP-iconlogo-LOGO2.png&#8221; url=&#8221;\/diabetes-prevention&#8221; _builder_version=&#8221;3.19.13&#8243;][\/et_pb_fullwidth_image][et_pb_fullwidth_menu menu_id=&#8221;276&#8243; submenu_direction=&#8221;downwards&#8221; fullwidth_menu=&#8221;off&#8221; active_link_color=&#8221;#24ade3&#8243; dropdown_menu_text_color=&#8221;#000000&#8243; mobile_menu_text_color=&#8221;#000000&#8243; admin_label=&#8221;Fixed DPP Menu&#8221; module_id=&#8221;dpp-fixed-menu&#8221; _builder_version=&#8221;3.29.3&#8243; menu_text_color=&#8221;#000000&#8243; text_orientation=&#8221;center&#8221; custom_padding=&#8221;12px||12px|&#8221; z_index_tablet=&#8221;500&#8243; custom_css_menu_link=&#8221;text-transform: uppercase;&#8221; box_shadow_style=&#8221;preset3&#8243; box_shadow_vertical=&#8221;5px&#8221; box_shadow_blur=&#8221;20px&#8221; box_shadow_spread=&#8221;0px&#8221; box_shadow_color=&#8221;rgba(212,212,212,0.5)&#8221;][\/et_pb_fullwidth_menu][\/et_pb_section]<\/p>","protected":false},"excerpt":{"rendered":"<p>Locations The program is currently being offered to patients in major metro areas in Southern Ontario, Manitoba, Alberta, and British Columbia. We will expanding to more locations around the country soon. For a full list of cities where the program is available, see below: \u00a0 Ontario Greater Ottawa Greater Toronto and Golden Horseshoe Peterborough, Port [&hellip;]<\/p>","protected":false},"author":62,"featured_media":0,"parent":60767,"menu_order":0,"comment_status":"closed","ping_status":"closed","template":"page-dpp-site.php","meta":{"_et_pb_use_builder":"on","_et_pb_old_content":"","_et_gb_content_width":"","two_page_speed":[],"footnotes":""},"class_list":["post-60771","page","type-page","status-publish","hentry"],"_links":{"self":[{"href":"https:\/\/www.lmc.ca\/fr\/wp-json\/wp\/v2\/pages\/60771","targetHints":{"allow":["GET"]}}],"collection":[{"href":"https:\/\/www.lmc.ca\/fr\/wp-json\/wp\/v2\/pages"}],"about":[{"href":"https:\/\/www.lmc.ca\/fr\/wp-json\/wp\/v2\/types\/page"}],"author":[{"embeddable":true,"href":"https:\/\/www.lmc.ca\/fr\/wp-json\/wp\/v2\/users\/62"}],"replies":[{"embeddable":true,"href":"https:\/\/www.lmc.ca\/fr\/wp-json\/wp\/v2\/comments?post=60771"}],"version-history":[{"count":0,"href":"https:\/\/www.lmc.ca\/fr\/wp-json\/wp\/v2\/pages\/60771\/revisions"}],"up":[{"embeddable":true,"href":"https:\/\/www.lmc.ca\/fr\/wp-json\/wp\/v2\/pages\/60767"}],"wp:attachment":[{"href":"https:\/\/www.lmc.ca\/fr\/wp-json\/wp\/v2\/media?parent=60771"}],"curies":[{"name":"wp","href":"https:\/\/api.w.org\/{rel}","templated":true}]}}