{"id":60768,"date":"2019-04-16T13:30:06","date_gmt":"2019-04-16T13:30:06","guid":{"rendered":"https:\/\/staging.lmc.ca\/?page_id=60294"},"modified":"2021-03-01T18:55:29","modified_gmt":"2021-03-01T18:55:29","slug":"how-it-works","status":"publish","type":"page","link":"https:\/\/www.lmc.ca\/fr\/diabetes-prevention\/how-it-works\/","title":{"rendered":"Comment cela fonctionne-t-il ?"},"content":{"rendered":"<p>[et_pb_section fb_built=&#8221;1&#8243; fullwidth=&#8221;on&#8221; module_id=&#8221;ddp-menu&#8221; _builder_version=&#8221;3.22&#8243; custom_css_main_element=&#8221;z-index: 10;&#8221; collapsed=&#8221;on&#8221; global_module=&#8221;68347&#8243;][et_pb_fullwidth_menu menu_id=&#8221;276&#8243; submenu_direction=&#8221;downwards&#8221; fullwidth_menu=&#8221;off&#8221; active_link_color=&#8221;#97a822&#8243; dropdown_menu_text_color=&#8221;#000000&#8243; mobile_menu_text_color=&#8221;#000000&#8243; logo=&#8221;https:\/\/lmc.ca\/wp-content\/uploads\/2021\/03\/img-logo-cdpp.png&#8221; logo_url=&#8221;\/diabetes-prevention\/&#8221; logo_last_edited=&#8221;off|desktop&#8221; _builder_version=&#8221;4.9.0&#8243; menu_text_color=&#8221;#000000&#8243; text_orientation=&#8221;center&#8221; custom_padding=&#8221;12px||12px|&#8221; hover_enabled=&#8221;0&#8243; z_index_tablet=&#8221;500&#8243; custom_css_menu_link=&#8221;text-transform: uppercase;&#8221; box_shadow_style=&#8221;preset3&#8243; box_shadow_vertical=&#8221;5px&#8221; box_shadow_blur=&#8221;20px&#8221; box_shadow_spread=&#8221;0px&#8221; box_shadow_color=&#8221;rgba(212,212,212,0.5)&#8221; sticky_enabled=&#8221;0&#8243;][\/et_pb_fullwidth_menu][\/et_pb_section][et_pb_section fb_built=&#8221;1&#8243; _builder_version=&#8221;3.22&#8243; custom_padding=&#8221;74px||74px|&#8221; collapsed=&#8221;on&#8221;][et_pb_row column_structure=&#8221;1_2,1_2&#8243; _builder_version=&#8221;3.25&#8243; background_size=&#8221;initial&#8221; background_position=&#8221;top_left&#8221; background_repeat=&#8221;repeat&#8221; collapsed=&#8221;on&#8221;][et_pb_column type=&#8221;1_2&#8243; _builder_version=&#8221;3.25&#8243; custom_padding=&#8221;|||&#8221; custom_padding__hover=&#8221;|||&#8221;][et_pb_text admin_label=&#8221;How it works&#8221; _builder_version=&#8221;3.29.3&#8243;]<\/p>\n<h1><strong>Comment cela fonctionne-t-il ?<\/strong><\/h1>\n<h3 class=\"p1\"><span class=\"s1\">The Canadian Diabetes Prevention Program is a personalized, wellness program that empowers you to lead a healthier life and reduce your risk of developing Type 2 Diabetes. The 12-month program consists of regular telephonic interactions with a personal Health Coach, <\/span><span class=\"s1\"><span style=\"color: #24ade3;\"><a style=\"color: #24ade3;\" href=\"https:\/\/www.lmc.ca\/fr\/diabetes-prevention\/intervent\/\">online education modules and health tracking<\/a><\/span><\/span><span class=\"s1\">\u00a0to help you make small, incremental changes that improve your health and reduce your risk of developing Type 2 Diabetes.<\/span><\/h3>\n<p>[\/et_pb_text][\/et_pb_column][et_pb_column type=&#8221;1_2&#8243; _builder_version=&#8221;3.25&#8243; custom_padding=&#8221;|||&#8221; custom_padding__hover=&#8221;|||&#8221;][et_pb_image src=&#8221;https:\/\/staging.lmc.ca\/wp-content\/uploads\/2019\/04\/shutterstock_1290968602.jpg&#8221; align_tablet=&#8221;center&#8221; align_phone=&#8221;&#8221; align_last_edited=&#8221;on|desktop&#8221; _builder_version=&#8221;3.23&#8243;][\/et_pb_image][\/et_pb_column][\/et_pb_row][et_pb_row _builder_version=&#8221;3.25&#8243; background_size=&#8221;initial&#8221; background_position=&#8221;top_left&#8221; background_repeat=&#8221;repeat&#8221; collapsed=&#8221;on&#8221;][et_pb_column type=&#8221;4_4&#8243; _builder_version=&#8221;3.25&#8243; custom_padding=&#8221;|||&#8221; custom_padding__hover=&#8221;|||&#8221;][et_pb_text admin_label=&#8221;How it works&#8221; _builder_version=&#8221;3.27.4&#8243;]<\/p>\n<h3 class=\"p1\"><span class=\"s1\">You will be provided with a personal Health Coach who will guide and motivate you throughout the program. For the first 3 months, you will have weekly telephonic sessions with your health coach to discuss what you\u2019re learning and start making positive lifestyle changes. From months 4 to 12, you will have monthly telephonic sessions to ensure\u00a0you stay on track.\u00a0We will also be offering monthly workshops to help you reach your goals!<\/span><\/h3>\n<p>[\/et_pb_text][\/et_pb_column][\/et_pb_row][et_pb_row column_structure=&#8221;1_2,1_2&#8243; _builder_version=&#8221;3.25&#8243; background_size=&#8221;initial&#8221; background_position=&#8221;top_left&#8221; background_repeat=&#8221;repeat&#8221; width=&#8221;90.5%&#8221; collapsed=&#8221;on&#8221;][et_pb_column type=&#8221;1_2&#8243; _builder_version=&#8221;3.25&#8243; custom_padding=&#8221;|||&#8221; custom_padding__hover=&#8221;|||&#8221;][et_pb_image src=&#8221;https:\/\/staging.lmc.ca\/wp-content\/uploads\/2019\/04\/shutterstock_601476452.jpg&#8221; align_tablet=&#8221;center&#8221; align_phone=&#8221;&#8221; align_last_edited=&#8221;on|desktop&#8221; _builder_version=&#8221;3.23&#8243;][\/et_pb_image][\/et_pb_column][et_pb_column type=&#8221;1_2&#8243; _builder_version=&#8221;3.25&#8243; custom_padding=&#8221;|||&#8221; custom_padding__hover=&#8221;|||&#8221;][et_pb_text admin_label=&#8221;How it works&#8221; _builder_version=&#8221;4.0.9&#8243; custom_padding=&#8221;||0px|||&#8221;]<\/p>\n<h3>Our program will help you live better and feel better with our one-on-one health coaching, tools and resources. We are enrolling participant\u2019s in locations throughout major metro areas in Southern Ontario, Manitoba, Alberta, and British Columbia. See the full list of cities where the program is available, <a href=\"https:\/\/www.lmc.ca\/fr\/diabetes-prevention\/locations\/\"><strong>here<\/strong><\/a>.<\/h3>\n<p>[\/et_pb_text][\/et_pb_column][\/et_pb_row][\/et_pb_section][et_pb_section fb_built=&#8221;1&#8243; _builder_version=&#8221;3.19.13&#8243; background_color=&#8221;#1f3569&#8243; global_module=&#8221;60462&#8243; collapsed=&#8221;on&#8221;][et_pb_row _builder_version=&#8221;3.25&#8243; custom_padding=&#8221;35px||35px|&#8221; collapsed=&#8221;on&#8221;][et_pb_column type=&#8221;4_4&#8243; _builder_version=&#8221;3.25&#8243; custom_padding=&#8221;|||&#8221; custom_padding__hover=&#8221;|||&#8221;][et_pb_text admin_label=&#8221;Ready to join the program?&#8221; _builder_version=&#8221;3.27.4&#8243; background_layout=&#8221;dark&#8221; z_index_tablet=&#8221;500&#8243; saved_tabs=&#8221;all&#8221;]<\/p>\n<h1 style=\"margin-bottom: 20px; font-size: 26px; text-align: center;\"><strong>Pr\u00eat \u00e0 rejoindre le programme ?<\/strong><\/h1>\n<h3 class=\"p1\" style=\"margin-bottom: 20px;\"><span class=\"s1\">Si vous souffrez de pr\u00e9diab\u00e8te ou si vous pr\u00e9sentez un risque \u00e9lev\u00e9 de d\u00e9velopper un diab\u00e8te de type 2, vous pouvez peut-\u00eatre b\u00e9n\u00e9ficier de ce programme. Voyez si vous \u00eates \u00e9ligible !<\/span><\/h3>\n<p>[\/et_pb_text][et_pb_button button_url=&#8221;https:\/\/www.myintervent.com\/canrisk&#8221; button_text=&#8221;Am I eligible?&#8221; module_id=&#8221;ready-button&#8221; _builder_version=&#8221;3.21.1&#8243; z_index_tablet=&#8221;500&#8243; custom_css_before=&#8221;display: none;&#8221; custom_css_main_element=&#8221;    border: none !important;||    border-radius: 0 !important;||    color: white !important;||    font-weight: bold;||    width: 760px;||    text-align: center;||    padding: 13px 0 !important;||    background: #d1302b;||    margin-left: auto !important;||    display: block !important;||    margin-right: auto !important;||    max-width: 100%;||    height: 60px !important;&#8221; custom_css_after=&#8221;display: none;&#8221; saved_tabs=&#8221;all&#8221;][\/et_pb_button][et_pb_text _builder_version=&#8221;3.27.4&#8243; background_layout=&#8221;dark&#8221;]<\/p>\n<h3 class=\"p1\"><span class=\"s1\">Si vous avez des questions, envoyez-nous un courriel \u00e0 l'adresse suivante <a href=\"mailto:prevention@LMC.ca\"><strong>prevention@LMC.ca<\/strong><\/a><\/span><\/h3>\n<p>[\/et_pb_text][et_pb_image src=&#8221;https:\/\/lmc.ca\/wp-content\/uploads\/2019\/07\/intervent-logo.png&#8221; align_tablet=&#8221;center&#8221; align_phone=&#8221;&#8221; align_last_edited=&#8221;on|desktop&#8221; module_id=&#8221;ready-image&#8221; _builder_version=&#8221;3.23&#8243; z_index_tablet=&#8221;500&#8243; saved_tabs=&#8221;all&#8221;][\/et_pb_image][\/et_pb_column][\/et_pb_row][\/et_pb_section][et_pb_section fb_built=&#8221;1&#8243; _builder_version=&#8221;3.22&#8243; custom_padding=&#8221;74px||74px|&#8221; collapsed=&#8221;on&#8221;][et_pb_row _builder_version=&#8221;3.25&#8243; background_size=&#8221;initial&#8221; background_position=&#8221;top_left&#8221; background_repeat=&#8221;repeat&#8221; collapsed=&#8221;on&#8221;][et_pb_column type=&#8221;4_4&#8243; _builder_version=&#8221;3.25&#8243; custom_padding=&#8221;|||&#8221; custom_padding__hover=&#8221;|||&#8221;][et_pb_text admin_label=&#8221;Frequently Asked Questions&#8221; _builder_version=&#8221;3.27.4&#8243;]<\/p>\n<h3 class=\"p1\" style=\"text-align: center;\"><span class=\"s1\">Are you a physician? Interested in referring a patient? See the frequently asked questions page.\u00a0<\/span><\/h3>\n<h3 class=\"p1\" style=\"text-align: center;\"><a href=\"https:\/\/www.lmc.ca\/fr\/diabetes-prevention\/physician-faq\/\"><span style=\"color: #24ade3;\"><span class=\"s2\">Frequently Asked Questions<\/span><\/span><\/a><\/h3>\n<p>[\/et_pb_text][\/et_pb_column][\/et_pb_row][\/et_pb_section][et_pb_section fb_built=&#8221;1&#8243; fullwidth=&#8221;on&#8221; module_id=&#8221;ddp-menu-fixed&#8221; _builder_version=&#8221;3.22&#8243; custom_css_main_element=&#8221;z-index: 10;&#8221; collapsed=&#8221;on&#8221;][et_pb_fullwidth_image src=&#8221;https:\/\/staging.lmc.ca\/wp-content\/uploads\/2019\/06\/CDPP-iconlogo-LOGO2.png&#8221; url=&#8221;\/diabetes-prevention&#8221; _builder_version=&#8221;3.19.13&#8243;][\/et_pb_fullwidth_image][et_pb_fullwidth_menu menu_id=&#8221;276&#8243; submenu_direction=&#8221;downwards&#8221; fullwidth_menu=&#8221;off&#8221; active_link_color=&#8221;#24ade3&#8243; dropdown_menu_text_color=&#8221;#000000&#8243; mobile_menu_text_color=&#8221;#000000&#8243; admin_label=&#8221;Fixed DPP Menu&#8221; module_id=&#8221;dpp-fixed-menu&#8221; _builder_version=&#8221;3.29.3&#8243; menu_text_color=&#8221;#000000&#8243; text_orientation=&#8221;center&#8221; custom_padding=&#8221;12px||12px|&#8221; z_index_tablet=&#8221;500&#8243; custom_css_menu_link=&#8221;text-transform: uppercase;&#8221; box_shadow_style=&#8221;preset3&#8243; box_shadow_vertical=&#8221;5px&#8221; box_shadow_blur=&#8221;20px&#8221; box_shadow_spread=&#8221;0px&#8221; box_shadow_color=&#8221;rgba(212,212,212,0.5)&#8221;][\/et_pb_fullwidth_menu][\/et_pb_section]<\/p>","protected":false},"excerpt":{"rendered":"<p>How it works The Canadian Diabetes Prevention Program is a personalized, wellness program that empowers you to lead a healthier life and reduce your risk of developing Type 2 Diabetes. The 12-month program consists of regular telephonic interactions with a personal Health Coach, online education modules and health tracking\u00a0to help you make small, incremental changes [&hellip;]<\/p>","protected":false},"author":62,"featured_media":0,"parent":60767,"menu_order":0,"comment_status":"closed","ping_status":"closed","template":"page-dpp-site.php","meta":{"_et_pb_use_builder":"on","_et_pb_old_content":"","_et_gb_content_width":"","two_page_speed":[],"footnotes":""},"class_list":["post-60768","page","type-page","status-publish","hentry"],"_links":{"self":[{"href":"https:\/\/www.lmc.ca\/fr\/wp-json\/wp\/v2\/pages\/60768","targetHints":{"allow":["GET"]}}],"collection":[{"href":"https:\/\/www.lmc.ca\/fr\/wp-json\/wp\/v2\/pages"}],"about":[{"href":"https:\/\/www.lmc.ca\/fr\/wp-json\/wp\/v2\/types\/page"}],"author":[{"embeddable":true,"href":"https:\/\/www.lmc.ca\/fr\/wp-json\/wp\/v2\/users\/62"}],"replies":[{"embeddable":true,"href":"https:\/\/www.lmc.ca\/fr\/wp-json\/wp\/v2\/comments?post=60768"}],"version-history":[{"count":0,"href":"https:\/\/www.lmc.ca\/fr\/wp-json\/wp\/v2\/pages\/60768\/revisions"}],"up":[{"embeddable":true,"href":"https:\/\/www.lmc.ca\/fr\/wp-json\/wp\/v2\/pages\/60767"}],"wp:attachment":[{"href":"https:\/\/www.lmc.ca\/fr\/wp-json\/wp\/v2\/media?parent=60768"}],"curies":[{"name":"wp","href":"https:\/\/api.w.org\/{rel}","templated":true}]}}