{"id":59049,"date":"2018-07-04T15:58:27","date_gmt":"2018-07-04T15:58:27","guid":{"rendered":"http:\/\/staging.lmc.ca\/?page_id=59049"},"modified":"2025-03-19T17:07:17","modified_gmt":"2025-03-19T17:07:17","slug":"our-team-2","status":"publish","type":"page","link":"https:\/\/www.lmc.ca\/fr\/our-team-2\/","title":{"rendered":"Notre \u00e9quipe"},"content":{"rendered":"<p>[et_pb_section fb_built=&#8221;1&#8243; fullwidth=&#8221;on&#8221; _builder_version=&#8221;4.16&#8243; background_enable_color=&#8221;off&#8221; global_colors_info=&#8221;{}&#8221;][et_pb_fullwidth_slider show_arrows=&#8221;off&#8221; _builder_version=&#8221;4.16&#8243; background_position=&#8221;top_left&#8221; custom_padding=&#8221;|||&#8221; global_colors_info=&#8221;{}&#8221; button_text_size__hover_enabled=&#8221;off&#8221; button_text_size__hover=&#8221;null&#8221; button_one_text_size__hover_enabled=&#8221;off&#8221; button_one_text_size__hover=&#8221;null&#8221; button_two_text_size__hover_enabled=&#8221;off&#8221; button_two_text_size__hover=&#8221;null&#8221; button_text_color__hover_enabled=&#8221;off&#8221; button_text_color__hover=&#8221;null&#8221; button_one_text_color__hover_enabled=&#8221;off&#8221; button_one_text_color__hover=&#8221;null&#8221; button_two_text_color__hover_enabled=&#8221;off&#8221; button_two_text_color__hover=&#8221;null&#8221; button_border_width__hover_enabled=&#8221;off&#8221; button_border_width__hover=&#8221;null&#8221; button_one_border_width__hover_enabled=&#8221;off&#8221; button_one_border_width__hover=&#8221;null&#8221; button_two_border_width__hover_enabled=&#8221;off&#8221; button_two_border_width__hover=&#8221;null&#8221; button_border_color__hover_enabled=&#8221;off&#8221; button_border_color__hover=&#8221;null&#8221; button_one_border_color__hover_enabled=&#8221;off&#8221; button_one_border_color__hover=&#8221;null&#8221; button_two_border_color__hover_enabled=&#8221;off&#8221; button_two_border_color__hover=&#8221;null&#8221; button_border_radius__hover_enabled=&#8221;off&#8221; button_border_radius__hover=&#8221;null&#8221; button_one_border_radius__hover_enabled=&#8221;off&#8221; button_one_border_radius__hover=&#8221;null&#8221; button_two_border_radius__hover_enabled=&#8221;off&#8221; button_two_border_radius__hover=&#8221;null&#8221; button_letter_spacing__hover_enabled=&#8221;off&#8221; button_letter_spacing__hover=&#8221;null&#8221; button_one_letter_spacing__hover_enabled=&#8221;off&#8221; button_one_letter_spacing__hover=&#8221;null&#8221; button_two_letter_spacing__hover_enabled=&#8221;off&#8221; button_two_letter_spacing__hover=&#8221;null&#8221; button_bg_color__hover_enabled=&#8221;off&#8221; button_bg_color__hover=&#8221;null&#8221; button_one_bg_color__hover_enabled=&#8221;off&#8221; button_one_bg_color__hover=&#8221;null&#8221; button_two_bg_color__hover_enabled=&#8221;off&#8221; button_two_bg_color__hover=&#8221;null&#8221;][et_pb_slide heading=&#8221;Our Team&#8221; use_bg_overlay=&#8221;off&#8221; use_text_overlay=&#8221;off&#8221; _builder_version=&#8221;4.16&#8243; header_font=&#8221;||||&#8221; body_font=&#8221;||||&#8221; background_enable_color=&#8221;off&#8221; background_image=&#8221;https:\/\/www.lmc.ca\/wp-content\/uploads\/2018\/07\/LMC-group-pic-faded-bg.jpg&#8221; background_enable_image=&#8221;on&#8221; background_position=&#8221;top_left&#8221; button_on_hover=&#8221;on&#8221; custom_css_main_element=&#8221;z-index: 1;||position: relative;&#8221; global_colors_info=&#8221;{}&#8221; button_text_size__hover_enabled=&#8221;off&#8221; button_one_text_size__hover_enabled=&#8221;off&#8221; button_two_text_size__hover_enabled=&#8221;off&#8221; button_text_color__hover_enabled=&#8221;off&#8221; button_one_text_color__hover_enabled=&#8221;off&#8221; button_two_text_color__hover_enabled=&#8221;off&#8221; button_border_width__hover_enabled=&#8221;off&#8221; button_one_border_width__hover_enabled=&#8221;off&#8221; button_two_border_width__hover_enabled=&#8221;off&#8221; button_border_color__hover_enabled=&#8221;off&#8221; button_one_border_color__hover_enabled=&#8221;off&#8221; button_two_border_color__hover_enabled=&#8221;off&#8221; button_border_radius__hover_enabled=&#8221;off&#8221; button_one_border_radius__hover_enabled=&#8221;off&#8221; button_two_border_radius__hover_enabled=&#8221;off&#8221; button_letter_spacing__hover_enabled=&#8221;off&#8221; button_one_letter_spacing__hover_enabled=&#8221;off&#8221; button_two_letter_spacing__hover_enabled=&#8221;off&#8221; button_bg_color__hover_enabled=&#8221;off&#8221; button_one_bg_color__hover_enabled=&#8221;off&#8221; button_two_bg_color__hover_enabled=&#8221;off&#8221; sticky_transition=&#8221;on&#8221;][\/et_pb_slide][\/et_pb_fullwidth_slider][\/et_pb_section][et_pb_section fb_built=&#8221;1&#8243; _builder_version=&#8221;4.16&#8243; global_colors_info=&#8221;{}&#8221;][et_pb_row column_structure=&#8221;1_2,1_2&#8243; _builder_version=&#8221;4.16&#8243; background_size=&#8221;initial&#8221; background_position=&#8221;top_left&#8221; background_repeat=&#8221;repeat&#8221; global_colors_info=&#8221;{}&#8221;][et_pb_column type=&#8221;1_2&#8243; _builder_version=&#8221;4.16&#8243; custom_padding=&#8221;|||&#8221; global_colors_info=&#8221;{}&#8221; custom_padding__hover=&#8221;|||&#8221;][et_pb_text _builder_version=&#8221;4.27.4&#8243; hover_enabled=&#8221;0&#8243; global_colors_info=&#8221;{}&#8221; sticky_enabled=&#8221;0&#8243;]<\/p>\n<h3><span style=\"color: #000000;\">Nos six services int\u00e9gr\u00e9s sont g\u00e9r\u00e9s par une \u00e9quipe de sp\u00e9cialistes, tous sp\u00e9cialis\u00e9s dans la prise en charge du diab\u00e8te dans leur domaine de pratique. Chaque \u00e9quipe travaille en \u00e9troite collaboration pour proposer une approche holistique et centr\u00e9e sur le patient, en tenant compte des besoins de chaque patient.<\/span><\/h3>\n<h3>\u00a0<\/h3>\n<h3><span style=\"color: #000000;\"><strong>Notre \u00e9quipe de sp\u00e9cialistes comprend<\/strong><\/span><\/h3>\n<ul>\n<li>\n<h3><span style=\"color: #000000;\">Endocrinologues<\/span><\/h3>\n<\/li>\n<li>\n<h3><span style=\"color: #000000;\">M\u00e9decin <\/span><\/h3>\n<\/li>\n<li>\n<h3><span style=\"color: #000000;\">M\u00e9decins sp\u00e9cialistes<\/span><\/h3>\n<\/li>\n<li>\n<h3><span style=\"color: #000000;\">\u00c9ducateurs en diab\u00e8te (infirmi\u00e8res autoris\u00e9es, di\u00e9t\u00e9tistes autoris\u00e9s)<\/span><\/h3>\n<\/li>\n<li>\n<h3><span style=\"color: #000000;\">Pharmaciens<\/span><\/h3>\n<\/li>\n<li>\n<h3><span style=\"color: #000000;\">Optom\u00e9tristes \/ Ophtalmologistes (m\u00e9decin des yeux)<\/span><\/h3>\n<\/li>\n<li>\n<h3><span style=\"color: #000000;\">Podologues (sp\u00e9cialistes du pied) et infirmi\u00e8res en soins des pieds<\/span><\/h3>\n<\/li>\n<li>\n<h3><span style=\"color: #000000;\">Psychologues cliniciens<\/span><\/h3>\n<\/li>\n<\/ul>\n<p>[\/et_pb_text][\/et_pb_column][et_pb_column type=&#8221;1_2&#8243; _builder_version=&#8221;4.16&#8243; custom_padding=&#8221;|||&#8221; global_colors_info=&#8221;{}&#8221; custom_padding__hover=&#8221;|||&#8221;][et_pb_image src=&#8221;https:\/\/www.lmc.ca\/wp-content\/uploads\/2025\/03\/LMC-Circle-of-care.png&#8221; align_tablet=&#8221;center&#8221; align_phone=&#8221;center&#8221; align_last_edited=&#8221;on|desktop&#8221; _builder_version=&#8221;4.27.4&#8243; hover_enabled=&#8221;0&#8243; global_colors_info=&#8221;{}&#8221; title_text=&#8221;LMC Circle of care&#8221; sticky_enabled=&#8221;0&#8243;][\/et_pb_image][\/et_pb_column][\/et_pb_row][et_pb_row _builder_version=&#8221;4.16&#8243; background_size=&#8221;initial&#8221; background_position=&#8221;top_left&#8221; background_repeat=&#8221;repeat&#8221; global_colors_info=&#8221;{}&#8221;][et_pb_column type=&#8221;4_4&#8243; _builder_version=&#8221;4.16&#8243; custom_padding=&#8221;|||&#8221; global_colors_info=&#8221;{}&#8221; custom_padding__hover=&#8221;|||&#8221;][et_pb_text _builder_version=&#8221;4.27.4&#8243; hover_enabled=&#8221;0&#8243; global_colors_info=&#8221;{}&#8221; sticky_enabled=&#8221;0&#8243;]<\/p>\n<h3><span style=\"color: #000000;\">Le diab\u00e8te affecte tout le corps et se g\u00e8re mieux avec une approche d\u2019\u00e9quipe. Il est important de comprendre le r\u00f4le de chaque membre de l\u2019\u00e9quipe et la fa\u00e7on dont ils peuvent vous aider \u00e0 rester en sant\u00e9.<\/span><\/h3>\n<h3><span style=\"color: #000000;\">T\u00e9l\u00e9chargez notre d\u00e9pliant \u00ab Connaissez votre \u00e9quipe de soins du diab\u00e8te \u00bb pour en savoir plus sur les membres de votre \u00e9quipe de soins et sur le r\u00f4le qu\u2019ils jouent dans vos soins de sant\u00e9.<\/span><\/h3>\n<p>[\/et_pb_text][et_pb_button button_url=&#8221;https:\/\/lmc.ca\/wp-content\/uploads\/2019\/01\/DEP_Know-Your-Care-Team.pdf&#8221; url_new_window=&#8221;on&#8221; button_text=&#8221;DOWNLOAD&#8221; _builder_version=&#8221;4.16&#8243; custom_button=&#8221;on&#8221; button_text_size=&#8221;27&#8243; button_bg_color=&#8221;#97a822&#8243; button_border_width=&#8221;0&#8243; button_letter_spacing=&#8221;1&#8243; background_layout=&#8221;dark&#8221; global_colors_info=&#8221;{}&#8221;][\/et_pb_button][\/et_pb_column][\/et_pb_row][\/et_pb_section][et_pb_section fb_built=&#8221;1&#8243; _builder_version=&#8221;4.16&#8243; global_colors_info=&#8221;{}&#8221;][et_pb_row _builder_version=&#8221;4.16&#8243; background_size=&#8221;initial&#8221; background_position=&#8221;top_left&#8221; background_repeat=&#8221;repeat&#8221; global_colors_info=&#8221;{}&#8221;][et_pb_column type=&#8221;4_4&#8243; _builder_version=&#8221;4.16&#8243; custom_padding=&#8221;|||&#8221; global_colors_info=&#8221;{}&#8221; custom_padding__hover=&#8221;|||&#8221;][et_pb_divider _builder_version=&#8221;4.16&#8243; z_index_tablet=&#8221;500&#8243; global_colors_info=&#8221;{}&#8221;][\/et_pb_divider][\/et_pb_column][\/et_pb_row][\/et_pb_section][et_pb_section fb_built=&#8221;1&#8243; _builder_version=&#8221;4.16&#8243; global_colors_info=&#8221;{}&#8221;][et_pb_row column_structure=&#8221;1_3,1_3,1_3&#8243; _builder_version=&#8221;4.16&#8243; background_size=&#8221;initial&#8221; background_position=&#8221;top_left&#8221; background_repeat=&#8221;repeat&#8221; global_colors_info=&#8221;{}&#8221;][et_pb_column type=&#8221;1_3&#8243; _builder_version=&#8221;4.16&#8243; custom_padding=&#8221;|||&#8221; global_colors_info=&#8221;{}&#8221; custom_padding__hover=&#8221;|||&#8221;][et_pb_image src=&#8221;https:\/\/www.lmc.ca\/wp-content\/uploads\/2025\/03\/endo.png&#8221; url=&#8221;https:\/\/lmc.ca\/meet-the-doctors\/&#8221; align=&#8221;center&#8221; align_tablet=&#8221;center&#8221; align_phone=&#8221;center&#8221; align_last_edited=&#8221;on|desktop&#8221; admin_label=&#8221;Endocrinologists&#8221; _builder_version=&#8221;4.27.4&#8243; hover_enabled=&#8221;0&#8243; always_center_on_mobile=&#8221;on&#8221; global_colors_info=&#8221;{}&#8221; title_text=&#8221;endo&#8221; sticky_enabled=&#8221;0&#8243; width=&#8221;50%&#8221;][\/et_pb_image][et_pb_text _builder_version=&#8221;4.16&#8243; global_colors_info=&#8221;{}&#8221;]<\/p>\n<h1 style=\"text-align: center;\"><a href=\"https:\/\/www.lmc.ca\/fr\/meet-the-doctors\/\"><strong>Endocrinologues et adjoints au m\u00e9decin<\/strong><\/a><\/h1>\n<p>[\/et_pb_text][\/et_pb_column][et_pb_column type=&#8221;1_3&#8243; _builder_version=&#8221;4.16&#8243; custom_padding=&#8221;|||&#8221; global_colors_info=&#8221;{}&#8221; custom_padding__hover=&#8221;|||&#8221;][et_pb_image src=&#8221;https:\/\/www.lmc.ca\/wp-content\/uploads\/2025\/03\/DEP.png&#8221; url=&#8221;https:\/\/lmc.ca\/diabetes-education-program\/meet-our-diabetes-educators\/&#8221; align=&#8221;center&#8221; align_tablet=&#8221;center&#8221; align_phone=&#8221;center&#8221; align_last_edited=&#8221;on|desktop&#8221; admin_label=&#8221;Diabetes Eudcators&#8221; _builder_version=&#8221;4.27.4&#8243; hover_enabled=&#8221;0&#8243; always_center_on_mobile=&#8221;on&#8221; global_colors_info=&#8221;{}&#8221; title_text=&#8221;DEP&#8221; sticky_enabled=&#8221;0&#8243; width=&#8221;50%&#8221;][\/et_pb_image][et_pb_text _builder_version=&#8221;4.16&#8243; global_colors_info=&#8221;{}&#8221;]<\/p>\n<h1 style=\"text-align: center;\"><a href=\"https:\/\/www.lmc.ca\/fr\/diabetes-education-program\/meet-our-diabetes-educators\/\"><strong>\u00c9ducateurs en diab\u00e9tologie<\/strong><\/a><\/h1>\n<p>&nbsp;<\/p>\n<p>[\/et_pb_text][\/et_pb_column][et_pb_column type=&#8221;1_3&#8243; _builder_version=&#8221;4.16&#8243; custom_padding=&#8221;|||&#8221; global_colors_info=&#8221;{}&#8221; custom_padding__hover=&#8221;|||&#8221;][et_pb_image src=&#8221;https:\/\/www.lmc.ca\/wp-content\/uploads\/2025\/03\/footcare.png&#8221; url=&#8221;https:\/\/lmc.ca\/diabetes-foot-care\/meet-the-chiropodists-foot-care-specialists\/&#8221; align=&#8221;center&#8221; align_tablet=&#8221;center&#8221; align_phone=&#8221;center&#8221; align_last_edited=&#8221;on|desktop&#8221; admin_label=&#8221;Chiropody&#8221; _builder_version=&#8221;4.27.4&#8243; hover_enabled=&#8221;0&#8243; always_center_on_mobile=&#8221;on&#8221; global_colors_info=&#8221;{}&#8221; title_text=&#8221;footcare&#8221; sticky_enabled=&#8221;0&#8243; width=&#8221;50%&#8221;][\/et_pb_image][et_pb_text _builder_version=&#8221;4.16&#8243; global_colors_info=&#8221;{}&#8221;]<\/p>\n<h1 style=\"text-align: center;\"><a href=\"https:\/\/www.lmc.ca\/fr\/diabetes-foot-care\/meet-the-chiropodists-foot-care-specialists\/\"><strong>P\u00e9dicures-podologues<\/strong><\/a><\/h1>\n<p>[\/et_pb_text][\/et_pb_column][\/et_pb_row][et_pb_row column_structure=&#8221;1_3,1_3,1_3&#8243; _builder_version=&#8221;4.16&#8243; background_size=&#8221;initial&#8221; background_position=&#8221;top_left&#8221; background_repeat=&#8221;repeat&#8221; global_colors_info=&#8221;{}&#8221;][et_pb_column type=&#8221;1_3&#8243; _builder_version=&#8221;4.16&#8243; custom_padding=&#8221;|||&#8221; global_colors_info=&#8221;{}&#8221; custom_padding__hover=&#8221;|||&#8221;][et_pb_image src=&#8221;https:\/\/www.lmc.ca\/wp-content\/uploads\/2025\/03\/optometry.png&#8221; url=&#8221;https:\/\/lmc.ca\/diabetes-eye-care\/meet-our-optometrists\/&#8221; align=&#8221;center&#8221; align_tablet=&#8221;center&#8221; align_phone=&#8221;center&#8221; align_last_edited=&#8221;on|desktop&#8221; admin_label=&#8221;Optometry&#8221; _builder_version=&#8221;4.27.4&#8243; hover_enabled=&#8221;0&#8243; always_center_on_mobile=&#8221;on&#8221; global_colors_info=&#8221;{}&#8221; title_text=&#8221;optometry&#8221; sticky_enabled=&#8221;0&#8243; width=&#8221;50%&#8221;][\/et_pb_image][et_pb_text _builder_version=&#8221;4.16&#8243; global_colors_info=&#8221;{}&#8221;]<\/p>\n<h1 style=\"text-align: center;\"><a href=\"https:\/\/www.lmc.ca\/fr\/diabetes-eye-care\/meet-our-optometrists\/\"><strong>Optom\u00e9tristes<\/strong><\/a><\/h1>\n<p>&nbsp;<\/p>\n<p>[\/et_pb_text][\/et_pb_column][et_pb_column type=&#8221;1_3&#8243; _builder_version=&#8221;4.16&#8243; custom_padding=&#8221;|||&#8221; global_colors_info=&#8221;{}&#8221; custom_padding__hover=&#8221;|||&#8221;][et_pb_image src=&#8221;https:\/\/www.lmc.ca\/wp-content\/uploads\/2025\/03\/pharmacy.png&#8221; url=&#8221;https:\/\/lmc.ca\/pharmacy\/meet-the-pharmacists\/&#8221; align=&#8221;center&#8221; align_tablet=&#8221;center&#8221; align_phone=&#8221;center&#8221; align_last_edited=&#8221;on|desktop&#8221; admin_label=&#8221;Pharmacy&#8221; _builder_version=&#8221;4.27.4&#8243; hover_enabled=&#8221;0&#8243; always_center_on_mobile=&#8221;on&#8221; global_colors_info=&#8221;{}&#8221; title_text=&#8221;pharmacy&#8221; sticky_enabled=&#8221;0&#8243; width=&#8221;50%&#8221;][\/et_pb_image][et_pb_text _builder_version=&#8221;4.16&#8243; global_colors_info=&#8221;{}&#8221;]<\/p>\n<h1 style=\"text-align: center;\"><a href=\"https:\/\/www.lmc.ca\/fr\/pharmacy\/meet-the-pharmacists\/\"><strong>Pharmaciens<\/strong><\/a><\/h1>\n<p>[\/et_pb_text][\/et_pb_column][et_pb_column type=&#8221;1_3&#8243; _builder_version=&#8221;4.16&#8243; custom_padding=&#8221;|||&#8221; global_colors_info=&#8221;{}&#8221; custom_padding__hover=&#8221;|||&#8221;][et_pb_image src=&#8221;https:\/\/www.lmc.ca\/wp-content\/uploads\/2025\/03\/mental-health.png&#8221; url=&#8221;https:\/\/www.lmc.ca\/mentalhealth\/&#8221; url_new_window=&#8221;on&#8221; align=&#8221;center&#8221; align_tablet=&#8221;center&#8221; align_phone=&#8221;center&#8221; align_last_edited=&#8221;on|desktop&#8221; admin_label=&#8221;Mental Health&#8221; _builder_version=&#8221;4.27.4&#8243; hover_enabled=&#8221;0&#8243; always_center_on_mobile=&#8221;on&#8221; global_colors_info=&#8221;{}&#8221; title_text=&#8221;mental health&#8221; sticky_enabled=&#8221;0&#8243; width=&#8221;50%&#8221;][\/et_pb_image][et_pb_text _builder_version=&#8221;4.27.4&#8243; hover_enabled=&#8221;0&#8243; global_colors_info=&#8221;{}&#8221; sticky_enabled=&#8221;0&#8243;]<\/p>\n<h1 style=\"text-align: center;\"><a href=\"https:\/\/www.lmc.ca\/fr\/mentalhealth\/\"><b>Psychologues cliniciens<\/b><\/a><\/h1>\n<p>[\/et_pb_text][\/et_pb_column][\/et_pb_row][\/et_pb_section][et_pb_section fb_built=&#8221;1&#8243; _builder_version=&#8221;4.16&#8243; global_colors_info=&#8221;{}&#8221;][et_pb_row _builder_version=&#8221;4.16&#8243; background_size=&#8221;initial&#8221; background_position=&#8221;top_left&#8221; background_repeat=&#8221;repeat&#8221; global_colors_info=&#8221;{}&#8221;][et_pb_column type=&#8221;4_4&#8243; _builder_version=&#8221;4.16&#8243; custom_padding=&#8221;|||&#8221; global_colors_info=&#8221;{}&#8221; custom_padding__hover=&#8221;|||&#8221;][et_pb_divider _builder_version=&#8221;4.16&#8243; z_index_tablet=&#8221;500&#8243; global_colors_info=&#8221;{}&#8221;][\/et_pb_divider][\/et_pb_column][\/et_pb_row][\/et_pb_section][et_pb_section fb_built=&#8221;1&#8243; fullwidth=&#8221;on&#8221; _builder_version=&#8221;4.16&#8243; background_image=&#8221;https:\/\/lmc.ca\/wp-content\/uploads\/2018\/07\/iStock-596097252-copy-copy.jpg&#8221; global_colors_info=&#8221;{}&#8221;][et_pb_fullwidth_header title=&#8221;Interested in seeing a specialist?&#8221; header_fullscreen=&#8221;on&#8221; button_one_text=&#8221;Self-Refer Online&#8221; button_one_url=&#8221;https:\/\/lmc.ca\/new-patients\/&#8221; module_class=&#8221;hide-self-refer-section&#8221; _builder_version=&#8221;4.16&#8243; title_font_size=&#8221;40&#8243; background_color=&#8221;rgba(255, 255, 255, 0)&#8221; custom_button_one=&#8221;on&#8221; button_one_text_size=&#8221;25&#8243; button_one_text_color=&#8221;#ffffff&#8221; button_one_bg_color=&#8221;#97a822&#8243; button_one_border_width=&#8221;0&#8243; button_one_border_radius=&#8221;0&#8243; global_colors_info=&#8221;{}&#8221; button_one_text_size__hover_enabled=&#8221;off&#8221; button_one_text_size__hover=&#8221;null&#8221; button_two_text_size__hover_enabled=&#8221;off&#8221; button_two_text_size__hover=&#8221;null&#8221; button_one_text_color__hover_enabled=&#8221;off&#8221; button_one_text_color__hover=&#8221;null&#8221; button_two_text_color__hover_enabled=&#8221;off&#8221; button_two_text_color__hover=&#8221;null&#8221; button_one_border_width__hover_enabled=&#8221;off&#8221; button_one_border_width__hover=&#8221;null&#8221; button_two_border_width__hover_enabled=&#8221;off&#8221; button_two_border_width__hover=&#8221;null&#8221; button_one_border_color__hover_enabled=&#8221;off&#8221; button_one_border_color__hover=&#8221;null&#8221; button_two_border_color__hover_enabled=&#8221;off&#8221; button_two_border_color__hover=&#8221;null&#8221; button_one_border_radius__hover_enabled=&#8221;off&#8221; button_one_border_radius__hover=&#8221;null&#8221; button_two_border_radius__hover_enabled=&#8221;off&#8221; button_two_border_radius__hover=&#8221;null&#8221; button_one_letter_spacing__hover_enabled=&#8221;off&#8221; button_one_letter_spacing__hover=&#8221;null&#8221; button_two_letter_spacing__hover_enabled=&#8221;off&#8221; button_two_letter_spacing__hover=&#8221;null&#8221; button_one_bg_color__hover_enabled=&#8221;off&#8221; button_one_bg_color__hover=&#8221;null&#8221; button_two_bg_color__hover_enabled=&#8221;off&#8221; button_two_bg_color__hover=&#8221;null&#8221;][\/et_pb_fullwidth_header][\/et_pb_section]<\/p>","protected":false},"excerpt":{"rendered":"<p>Our 6 integrated services are run by a group of specialists who all specialize in diabetes care within their scope of practice. Each team works together to provide a holistic and patient-centric approach looking at each individuals needs. \u00a0 Our team of Specialists include: Endocrinologists Physician Physician Specialist Diabetes Educators (Registered Nurses, Registered Dietitians) Diabetes [&hellip;]<\/p>","protected":false},"author":25,"featured_media":0,"parent":0,"menu_order":0,"comment_status":"closed","ping_status":"closed","template":"","meta":{"_et_pb_use_builder":"on","_et_pb_old_content":"","_et_gb_content_width":"","two_page_speed":[],"footnotes":""},"class_list":["post-59049","page","type-page","status-publish","hentry"],"_links":{"self":[{"href":"https:\/\/www.lmc.ca\/fr\/wp-json\/wp\/v2\/pages\/59049","targetHints":{"allow":["GET"]}}],"collection":[{"href":"https:\/\/www.lmc.ca\/fr\/wp-json\/wp\/v2\/pages"}],"about":[{"href":"https:\/\/www.lmc.ca\/fr\/wp-json\/wp\/v2\/types\/page"}],"author":[{"embeddable":true,"href":"https:\/\/www.lmc.ca\/fr\/wp-json\/wp\/v2\/users\/25"}],"replies":[{"embeddable":true,"href":"https:\/\/www.lmc.ca\/fr\/wp-json\/wp\/v2\/comments?post=59049"}],"version-history":[{"count":0,"href":"https:\/\/www.lmc.ca\/fr\/wp-json\/wp\/v2\/pages\/59049\/revisions"}],"wp:attachment":[{"href":"https:\/\/www.lmc.ca\/fr\/wp-json\/wp\/v2\/media?parent=59049"}],"curies":[{"name":"wp","href":"https:\/\/api.w.org\/{rel}","templated":true}]}}