{"id":3571,"date":"2016-01-24T03:47:16","date_gmt":"2016-01-24T03:47:16","guid":{"rendered":"https:\/\/lmcca.wpengine.com\/?page_id=3571"},"modified":"2022-03-14T21:08:52","modified_gmt":"2022-03-14T21:08:52","slug":"dr-nupur-bahl-2","status":"publish","type":"page","link":"https:\/\/www.lmc.ca\/fr\/meet-the-doctors\/dr-nupur-bahl-2\/","title":{"rendered":"Dr. Nupur Bahl"},"content":{"rendered":"<p>[et_pb_section fb_built=&#8221;1&#8243; admin_label=&#8221;section&#8221; _builder_version=&#8221;3.22&#8243; global_colors_info=&#8221;{}&#8221;][et_pb_row column_structure=&#8221;1_3,2_3&#8243; admin_label=&#8221;row&#8221; _builder_version=&#8221;3.25&#8243; background_size=&#8221;initial&#8221; background_position=&#8221;top_left&#8221; background_repeat=&#8221;repeat&#8221; global_colors_info=&#8221;{}&#8221;][et_pb_column type=&#8221;1_3&#8243; _builder_version=&#8221;3.25&#8243; custom_padding=&#8221;|||&#8221; global_colors_info=&#8221;{}&#8221; custom_padding__hover=&#8221;|||&#8221;][et_pb_team_member image_url=&#8221;https:\/\/lmc.ca\/wp-content\/uploads\/2015\/12\/Nupur-Bahl-1.png&#8221; _builder_version=&#8221;4.14.1&#8243; background_size=&#8221;initial&#8221; background_position=&#8221;top_left&#8221; background_repeat=&#8221;repeat&#8221; hover_enabled=&#8221;0&#8243; border_width_all=&#8221;0px&#8221; border_color_all=&#8221;#ffffff&#8221; border_style_all=&#8221;solid&#8221; use_border_color=&#8221;on&#8221; border_color=&#8221;#ffffff&#8221; border_style=&#8221;solid&#8221; global_colors_info=&#8221;{}&#8221; sticky_enabled=&#8221;0&#8243;]<\/p>\n<h3 style=\"text-align: center;\"><strong>Dr. Nupur Bahl<\/strong><\/h3>\n<p>&nbsp;<\/p>\n<p>&nbsp;<\/p>\n<p>[\/et_pb_team_member][\/et_pb_column][et_pb_column type=&#8221;2_3&#8243; _builder_version=&#8221;3.25&#8243; custom_padding=&#8221;|||&#8221; global_colors_info=&#8221;{}&#8221; custom_padding__hover=&#8221;|||&#8221;][et_pb_text _builder_version=&#8221;4.14.1&#8243; background_size=&#8221;initial&#8221; background_position=&#8221;top_left&#8221; background_repeat=&#8221;repeat&#8221; use_border_color=&#8221;off&#8221; global_colors_info=&#8221;{}&#8221;]<\/p>\n<h5><strong><\/strong><\/h5>\n<h5><strong><\/strong><\/h5>\n<h5><strong><\/strong><\/h5>\n<h5><strong>Dr. Nupur Bahl<\/strong> dipl\u00f4m\u00e9 de <strong><a href=\"https:\/\/healthsciences.ucla.edu\/\" target=\"_blank\" rel=\"noopener\">\u00c9cole de m\u00e9decine de l'UCLA <\/a><\/strong>et a termin\u00e9 sa formation en m\u00e9decine interne \u00e0 <strong><a href=\"http:\/\/cedars-sinai.edu\/\" target=\"_blank\" rel=\"noopener\">Cedars-Sinai <\/a><\/strong>\u00e0 Los Angeles, et son Fellowship en endocrinologie \u00e0 l'Institut de recherche sur les maladies infectieuses de l'Universit\u00e9 de Californie. <a href=\"http:\/\/www.brown.edu\/\" target=\"_blank\" rel=\"noopener\"><strong>Universit\u00e9 de Brown<\/strong><\/a> Elle est certifi\u00e9e par l'American Board of Internal Medicine en m\u00e9decine interne et en endocrinologie, diab\u00e8te et m\u00e9tabolisme. Elle est la premi\u00e8re femme endocrinologue du LMC Brampton et est particuli\u00e8rement enthousiaste \u00e0 l'id\u00e9e de r\u00e9pondre aux besoins de la communaut\u00e9 de Brampton, en mettant l'accent sur les domaines cl\u00e9s suivants :<\/h5>\n<h5>- Diab\u00e8te<br \/>- Affections thyro\u00efdiennes (hyper, hypo, nodules)<br \/>- Troubles du calcium<br \/>- Lipides<br \/>- Questions relatives \u00e0 la sant\u00e9 des femmes<\/h5>\n<p>&nbsp;<\/p>\n<p>[\/et_pb_text][\/et_pb_column][\/et_pb_row][\/et_pb_section]<\/p>","protected":false},"excerpt":{"rendered":"<p>Dr.\u00a0Nupur Bahl &nbsp; &nbsp; Dr. Nupur Bahl graduated from UCLA Medical School and completed her Internal Medicine training at Cedars-Sinai in Los Angeles, and her Endocrinology Fellowship at Brown University in Rhode Island.She has received certification from the American Board of Internal Medicine in both Internal Medicine and in Endocrinology, Diabetes, and Metabolism. She is [&hellip;]<\/p>","protected":false},"author":2,"featured_media":0,"parent":3021,"menu_order":0,"comment_status":"closed","ping_status":"closed","template":"","meta":{"_et_pb_use_builder":"on","_et_pb_old_content":"<p>[et_pb_section admin_label=\"Section\" fullwidth=\"off\" specialty=\"off\"][et_pb_row admin_label=\"Row\"][et_pb_column type=\"4_4\"][et_pb_text admin_label=\"Text\" background_layout=\"light\" text_orientation=\"center\" text_font_size=\"14\" use_border_color=\"off\" border_color=\"#ffffff\" border_style=\"solid\"]<\/p><p>\u00a0<\/p><h1>Dr. Adam Telner<\/h1><p>\u00a0<\/p><p>[\/et_pb_text][\/et_pb_column][\/et_pb_row][\/et_pb_section][et_pb_section admin_label=\"section\"][et_pb_row admin_label=\"row\"][et_pb_column type=\"1_3\"][et_pb_team_member admin_label=\"Person\" image_url=\"https:\/\/lmc.ca\/wp-content\/uploads\/2015\/11\/man-holder.png\" animation=\"off\" background_layout=\"light\" header_font_size=\"18\" body_font_size=\"14\" use_border_color=\"on\" border_color=\"#ffffff\" border_style=\"solid\"]<\/p><p>\u00a0<\/p><p style=\"text-align: center;\">Dr. Adam Telner<\/p><p>\u00a0<\/p><p>[\/et_pb_team_member][\/et_pb_column][et_pb_column type=\"2_3\"][et_pb_text admin_label=\"Text\" background_layout=\"light\" text_orientation=\"left\" text_font_size=\"14\" use_border_color=\"off\" border_color=\"#ffffff\" border_style=\"solid\"]<\/p><p>For over two decades<b> Dr. Adam Telner<\/b> has been an integral staff member at <a href=\"http:\/\/www.qch.on.ca\/\" target=\"_blank\">Queensway Carleton<\/a> and Ottawa hospitals, where he was chief of Medicine (<a href=\"http:\/\/www.qch.on.ca\/\" target=\"_blank\">Queensway Carleton\u00a0Hospital<\/a>) and had a busy hospital and outpatient endocrinology practice. He is especially well known for his work with metabolic syndrome. In 2004 Dr. Telner established the Carling Metabolic Syndrome Clinic with a vision to reduce risk factors in people with metabolic syndrome in order to prevent diabetes and coronary disease.<\/p><p>Similar to our LMC multidisciplinary approach to patient care, Dr. Telner\u2019s clinic provided lifestyle counseling, diet advice and medication to patients by a dedicated team including nurse, dietician and pharmacist. His multidisciplinary team has seen encouraging results, which were successfully reported at Endocrinology meetings and national and international conferences. The impact of his clinic on patient care has been highly recognized.<\/p><p>Dr. Telner joined LMC Endocrinology Centres in 2010 when he relocated to Toronto.<\/p><p>[\/et_pb_text][\/et_pb_column][\/et_pb_row][\/et_pb_section]<\/p>","_et_gb_content_width":"","two_page_speed":[],"footnotes":""},"class_list":["post-3571","page","type-page","status-publish","hentry"],"_links":{"self":[{"href":"https:\/\/www.lmc.ca\/fr\/wp-json\/wp\/v2\/pages\/3571","targetHints":{"allow":["GET"]}}],"collection":[{"href":"https:\/\/www.lmc.ca\/fr\/wp-json\/wp\/v2\/pages"}],"about":[{"href":"https:\/\/www.lmc.ca\/fr\/wp-json\/wp\/v2\/types\/page"}],"author":[{"embeddable":true,"href":"https:\/\/www.lmc.ca\/fr\/wp-json\/wp\/v2\/users\/2"}],"replies":[{"embeddable":true,"href":"https:\/\/www.lmc.ca\/fr\/wp-json\/wp\/v2\/comments?post=3571"}],"version-history":[{"count":0,"href":"https:\/\/www.lmc.ca\/fr\/wp-json\/wp\/v2\/pages\/3571\/revisions"}],"up":[{"embeddable":true,"href":"https:\/\/www.lmc.ca\/fr\/wp-json\/wp\/v2\/pages\/3021"}],"wp:attachment":[{"href":"https:\/\/www.lmc.ca\/fr\/wp-json\/wp\/v2\/media?parent=3571"}],"curies":[{"name":"wp","href":"https:\/\/api.w.org\/{rel}","templated":true}]}}