{"id":2860,"date":"2015-12-17T18:27:19","date_gmt":"2015-12-17T18:27:19","guid":{"rendered":"https:\/\/lmcca.wpengine.com\/?page_id=2860"},"modified":"2022-03-15T13:40:58","modified_gmt":"2022-03-15T13:40:58","slug":"dr-ronnie-aronson","status":"publish","type":"page","link":"https:\/\/www.lmc.ca\/fr\/meet-the-doctors\/dr-ronnie-aronson\/","title":{"rendered":"Dr. Ronnie Aronson"},"content":{"rendered":"<p>[et_pb_section fb_built=&#8221;1&#8243; admin_label=&#8221;section&#8221; _builder_version=&#8221;3.22&#8243; global_colors_info=&#8221;{}&#8221;][et_pb_row admin_label=&#8221;row&#8221; _builder_version=&#8221;3.25&#8243; background_size=&#8221;initial&#8221; background_position=&#8221;top_left&#8221; background_repeat=&#8221;repeat&#8221; global_colors_info=&#8221;{}&#8221; column_structure=&#8221;1_3,2_3&#8243;][et_pb_column type=&#8221;1_3&#8243; _builder_version=&#8221;3.25&#8243; custom_padding=&#8221;|||&#8221; global_colors_info=&#8221;{}&#8221; custom_padding__hover=&#8221;|||&#8221;][et_pb_team_member image_url=&#8221;https:\/\/www.lmc.ca\/wp-content\/uploads\/2016\/02\/Ronnie-aronson-300&#215;300.png&#8221; admin_label=&#8221;Person&#8221; _builder_version=&#8221;4.14.1&#8243; background_size=&#8221;initial&#8221; background_position=&#8221;top_left&#8221; background_repeat=&#8221;repeat&#8221; hover_enabled=&#8221;0&#8243; border_width_all=&#8221;0px&#8221; border_color_all=&#8221;#ffffff&#8221; border_style_all=&#8221;solid&#8221; use_border_color=&#8221;on&#8221; border_color=&#8221;#ffffff&#8221; border_style=&#8221;solid&#8221; global_colors_info=&#8221;{}&#8221; sticky_enabled=&#8221;0&#8243; title_text=&#8221;Ronnie-aronson&#8221;]<\/p>\n<h3 style=\"text-align: center;\"><strong>Dr. Ronnie Aronson<\/strong><\/h3>\n<p>[\/et_pb_team_member][\/et_pb_column][et_pb_column type=&#8221;2_3&#8243; _builder_version=&#8221;3.25&#8243; custom_padding=&#8221;|||&#8221; global_colors_info=&#8221;{}&#8221; custom_padding__hover=&#8221;|||&#8221;][et_pb_text admin_label=&#8221;Text&#8221; _builder_version=&#8221;4.14.1&#8243; background_size=&#8221;initial&#8221; background_position=&#8221;top_left&#8221; background_repeat=&#8221;repeat&#8221; hover_enabled=&#8221;0&#8243; use_border_color=&#8221;off&#8221; border_color=&#8221;#ffffff&#8221; border_style=&#8221;solid&#8221; global_colors_info=&#8221;{}&#8221; sticky_enabled=&#8221;0&#8243;]<\/p>\n<h5><strong><\/strong><\/h5>\n<h5><strong><\/strong><\/h5>\n<h5><strong><\/strong><\/h5>\n<h5><strong><\/strong><\/h5>\n<h5><strong><\/strong><\/h5>\n<h5><strong>Dr. Ronnie Aronson<\/strong> est le fondateur et le m\u00e9decin-chef de LMC Diabetes &amp; Endocrinology. Sp\u00e9cialiste canadien du diab\u00e8te de renom, il fait partie de l'\u00e9quipe attentive et exp\u00e9riment\u00e9e du LMC Bayview.<br \/>Le Dr Aronson est n\u00e9, a grandi et a fait ses \u00e9tudes \u00e0 Toronto. Il a re\u00e7u la distinction <strong><a href=\"http:\/\/www.us.sandoz.com\/careers\/rankings_awards.shtml\" target=\"_blank\" rel=\"noopener\">Prix Sandoz<\/a><\/strong> et a \u00e9t\u00e9 deux fois laur\u00e9at du prix Samuel Castrilli. Il a re\u00e7u les certifications canadienne et am\u00e9ricaine en endocrinologie et m\u00e9tabolisme en 1995, et a ensuite \u00e9t\u00e9 nomm\u00e9 membre de l'Association des m\u00e9decins de famille du Canada. <strong><a href=\"https:\/\/www.aace.com\/college\" target=\"_blank\" rel=\"noopener\">Coll\u00e8ge am\u00e9ricain d'endocrinologie<\/a><\/strong> en 1998.<\/h5>\n<h5>Le Dr Aronson, avec ses partenaires endocrinologues, a men\u00e9 plus de 200 essais de recherche clinique sur les facteurs de risque cardiovasculaire tels que le diab\u00e8te, l'ob\u00e9sit\u00e9, les troubles lipidiques et l'hypertension.<\/h5>\n<p>[\/et_pb_text][\/et_pb_column][\/et_pb_row][\/et_pb_section]<\/p>","protected":false},"excerpt":{"rendered":"<p>Dr. Ronnie Aronson Dr. Ronnie Aronson is founder and Chief Medical Officer of\u00a0LMC Diabetes &amp; Endocrinology. He is a renowned Canadian Diabetes Specialist, and a member of the caring and experienced team at LMC Bayview.Dr. Aronson was born, raised and educated in Toronto. He received the distinguished Sandoz Award and was two-time winner of the [&hellip;]<\/p>","protected":false},"author":2,"featured_media":0,"parent":3021,"menu_order":0,"comment_status":"closed","ping_status":"closed","template":"","meta":{"_et_pb_use_builder":"on","_et_pb_old_content":"<p>[et_pb_section admin_label=\"Section\" fullwidth=\"off\" specialty=\"off\"][et_pb_row admin_label=\"Row\"][et_pb_column type=\"4_4\"][et_pb_text admin_label=\"Text\" background_layout=\"light\" text_orientation=\"center\" text_font_size=\"14\" use_border_color=\"off\" border_color=\"#ffffff\" border_style=\"solid\"]<\/p><h1>Dr. Abdel-Salam<\/h1><p>[\/et_pb_text][\/et_pb_column][\/et_pb_row][\/et_pb_section][et_pb_section admin_label=\"section\"][et_pb_row admin_label=\"row\"][et_pb_column type=\"1_3\"][et_pb_team_member admin_label=\"Person\" image_url=\"https:\/\/lmc.ca\/wp-content\/uploads\/2015\/12\/Suzan-Abdel-Salam.png\" animation=\"off\" background_layout=\"light\" header_font_size=\"18\" body_font_size=\"14\" use_border_color=\"on\" border_color=\"#ffffff\" border_style=\"solid\"]<\/p><p style=\"text-align: center;\">Dr. Suzan Abdel-Salam<\/p><p>[\/et_pb_team_member][\/et_pb_column][et_pb_column type=\"2_3\"][et_pb_text admin_label=\"Text\" background_layout=\"light\" text_orientation=\"left\" text_font_size=\"14\" use_border_color=\"off\" border_color=\"#ffffff\" border_style=\"solid\"]<\/p><h3><b>Dr. Abdel-Salam<\/b> received her Medical Degree (MBBS), at <a href=\"http:\/\/www.aimc.edu.pk\/\" target=\"_blank\">Allam IQbal Medical College<\/a>, Punjab University, Lahore, Pakistan and her Internal Medicine Residency at the <a href=\"https:\/\/www.utoronto.ca\/\" target=\"_blank\">University of Toronto<\/a>. Dr. Salam has received her certification of Internal Medicine by the <a href=\"http:\/\/www.royalcollege.ca\/portal\/page\/portal\/rc\/public\" target=\"_blank\">Royal College of Physicians and Surgeons of Canada<\/a>.<\/h3><p>Suzan Abdel-Salam joined LMC in 2008 with 13 years of experience in Endocrinology. Previously Dr. Abdel-Salam practiced as an Internist\/Endocrinologist with the <a href=\"https:\/\/www.sfh.med.sa\/English\/Pages\/Security%20Forces%20Hospital%20Program.aspx\" target=\"_blank\">Security Forces Hospital<\/a>, Riyadh, <a href=\"http:\/\/www.kfshrc.edu.sa\/wps\/portal\/En\" target=\"_blank\">King Faisal specialist Hospital & Research Centre<\/a>, Riyadh, Saudi Arabia and the <a href=\"https:\/\/www.rvh.on.ca\/SitePages\/main.aspx\" target=\"_blank\">Royal Victoria Hospital<\/a>, Barrie Ontario.<\/p><p>[\/et_pb_text][\/et_pb_column][\/et_pb_row][\/et_pb_section]<\/p>","_et_gb_content_width":"","two_page_speed":[],"footnotes":""},"class_list":["post-2860","page","type-page","status-publish","hentry"],"_links":{"self":[{"href":"https:\/\/www.lmc.ca\/fr\/wp-json\/wp\/v2\/pages\/2860","targetHints":{"allow":["GET"]}}],"collection":[{"href":"https:\/\/www.lmc.ca\/fr\/wp-json\/wp\/v2\/pages"}],"about":[{"href":"https:\/\/www.lmc.ca\/fr\/wp-json\/wp\/v2\/types\/page"}],"author":[{"embeddable":true,"href":"https:\/\/www.lmc.ca\/fr\/wp-json\/wp\/v2\/users\/2"}],"replies":[{"embeddable":true,"href":"https:\/\/www.lmc.ca\/fr\/wp-json\/wp\/v2\/comments?post=2860"}],"version-history":[{"count":0,"href":"https:\/\/www.lmc.ca\/fr\/wp-json\/wp\/v2\/pages\/2860\/revisions"}],"up":[{"embeddable":true,"href":"https:\/\/www.lmc.ca\/fr\/wp-json\/wp\/v2\/pages\/3021"}],"wp:attachment":[{"href":"https:\/\/www.lmc.ca\/fr\/wp-json\/wp\/v2\/media?parent=2860"}],"curies":[{"name":"wp","href":"https:\/\/api.w.org\/{rel}","templated":true}]}}