{"id":2345,"date":"2015-11-26T17:48:06","date_gmt":"2015-11-26T17:48:06","guid":{"rendered":"https:\/\/lmcca.wpengine.com\/?page_id=2345"},"modified":"2023-07-10T11:28:53","modified_gmt":"2023-07-10T11:28:53","slug":"lmc-vaughan","status":"publish","type":"page","link":"https:\/\/www.lmc.ca\/fr\/locations\/lmc-vaughan\/","title":{"rendered":"LMC Vaughan"},"content":{"rendered":"<p>[et_pb_section fb_built=&#8221;1&#8243; fullwidth=&#8221;on&#8221; _builder_version=&#8221;3.22&#8243; global_colors_info=&#8221;{}&#8221;][et_pb_fullwidth_header title=&#8221;LMC Vaughan&#8221; text_orientation=&#8221;center&#8221; _builder_version=&#8221;3.16&#8243; title_level=&#8221;h2&#8243; title_text_align=&#8221;center&#8221; title_font_size=&#8221;48&#8243; subhead_font=&#8221;|700|||||||&#8221; subhead_font_size=&#8221;48&#8243; background_color=&#8221;rgba(255, 255, 255, 0)&#8221; background_layout=&#8221;light&#8221; border_color_all=&#8221;#96aa3b&#8221; border_width_bottom=&#8221;3&#8243; global_colors_info=&#8221;{}&#8221; button_one_text_size__hover_enabled=&#8221;off&#8221; button_one_text_size__hover=&#8221;null&#8221; button_two_text_size__hover_enabled=&#8221;off&#8221; button_two_text_size__hover=&#8221;null&#8221; button_one_text_color__hover_enabled=&#8221;off&#8221; button_one_text_color__hover=&#8221;null&#8221; button_two_text_color__hover_enabled=&#8221;off&#8221; button_two_text_color__hover=&#8221;null&#8221; button_one_border_width__hover_enabled=&#8221;off&#8221; button_one_border_width__hover=&#8221;null&#8221; button_two_border_width__hover_enabled=&#8221;off&#8221; button_two_border_width__hover=&#8221;null&#8221; button_one_border_color__hover_enabled=&#8221;off&#8221; button_one_border_color__hover=&#8221;null&#8221; button_two_border_color__hover_enabled=&#8221;off&#8221; button_two_border_color__hover=&#8221;null&#8221; button_one_border_radius__hover_enabled=&#8221;off&#8221; button_one_border_radius__hover=&#8221;null&#8221; button_two_border_radius__hover_enabled=&#8221;off&#8221; button_two_border_radius__hover=&#8221;null&#8221; button_one_letter_spacing__hover_enabled=&#8221;off&#8221; button_one_letter_spacing__hover=&#8221;null&#8221; button_two_letter_spacing__hover_enabled=&#8221;off&#8221; button_two_letter_spacing__hover=&#8221;null&#8221; button_one_bg_color__hover_enabled=&#8221;off&#8221; button_one_bg_color__hover=&#8221;null&#8221; button_two_bg_color__hover_enabled=&#8221;off&#8221; button_two_bg_color__hover=&#8221;null&#8221;][\/et_pb_fullwidth_header][\/et_pb_section][et_pb_section fb_built=&#8221;1&#8243; custom_padding_last_edited=&#8221;on|desktop&#8221; _builder_version=&#8221;3.22&#8243; custom_padding_tablet=&#8221;50px|0|50px|0&#8243; custom_padding_phone=&#8221;&#8221; global_colors_info=&#8221;{}&#8221;][et_pb_row column_structure=&#8221;1_3,1_3,1_3&#8243; _builder_version=&#8221;3.25&#8243; background_size=&#8221;initial&#8221; background_position=&#8221;top_left&#8221; background_repeat=&#8221;repeat&#8221; global_colors_info=&#8221;{}&#8221;][et_pb_column type=&#8221;1_3&#8243; _builder_version=&#8221;3.25&#8243; custom_padding=&#8221;|||&#8221; global_colors_info=&#8221;{}&#8221; custom_padding__hover=&#8221;|||&#8221;][et_pb_text admin_label=&#8221;Team &#038; Services&#8221; _builder_version=&#8221;3.27.4&#8243; background_size=&#8221;initial&#8221; background_position=&#8221;top_left&#8221; background_repeat=&#8221;repeat&#8221; module_alignment=&#8221;center&#8221; use_border_color=&#8221;off&#8221; global_colors_info=&#8221;{}&#8221;]<\/p>\n<h3 style=\"text-align: center;\"><strong>\u00c9QUIPE ET SERVICES<\/strong><\/h3>\n<p>[\/et_pb_text][et_pb_text admin_label=&#8221;Team &#038; Services&#8221; _builder_version=&#8221;4.14.1&#8243; background_size=&#8221;initial&#8221; background_position=&#8221;top_left&#8221; background_repeat=&#8221;repeat&#8221; module_alignment=&#8221;center&#8221; hover_enabled=&#8221;0&#8243; z_index_tablet=&#8221;500&#8243; use_border_color=&#8221;off&#8221; global_colors_info=&#8221;{}&#8221; sticky_enabled=&#8221;0&#8243;]<\/p>\n<h4 style=\"text-align: center;\"><b>Endocrinologues<\/b><br \/><a href=\"https:\/\/www.lmc.ca\/fr\/dr-julie-daitchman\/\">Dr. Julie Daitchman<\/a><br \/><span class=\"s2\">Dr. Christopher D'Sylva<br \/><\/span><a href=\"https:\/\/www.lmc.ca\/fr\/dr-gloria-rambaldini\/\">Dr. Gloria Rambaldini<\/a><br \/><a href=\"https:\/\/www.lmc.ca\/fr\/dr-robert-schlosser\/\">Dr. Robert Schlosser<\/a><br \/><a href=\"https:\/\/www.lmc.ca\/fr\/dr-david-sionit\/\">Dr. David Sionit<br \/><\/a><a href=\"https:\/\/www.lmc.ca\/fr\/dr-nina-wine\/\">Dr. Nina Wine<\/a><br \/>Dr. Sarah Monsonego<\/h4>\n<h4 style=\"text-align: center;\"><strong>M\u00e9decin assistant<\/strong><br \/><span class=\"s1\">Amanda Warwick<br \/>Tabassum Ikhtiar<br \/><\/span><\/h4>\n<h4 class=\"p1\" style=\"text-align: center;\"><span class=\"s1\"><b>Services disponibles<\/b><br \/>Soins sp\u00e9cialis\u00e9s en diab\u00e8te et en endocrinologie<br \/>\u00c9ducation au diab\u00e8te<br \/>Soins des pieds<br \/>Optom\u00e9trie et soins des yeux<br \/>Pharmacie<br \/>Recherche clinique<\/span><\/h4>\n<p>[\/et_pb_text][\/et_pb_column][et_pb_column type=&#8221;1_3&#8243; _builder_version=&#8221;3.25&#8243; custom_padding=&#8221;|||&#8221; global_colors_info=&#8221;{}&#8221; custom_padding__hover=&#8221;|||&#8221;][et_pb_text admin_label=&#8221;Contact Info&#8221; _builder_version=&#8221;3.27.4&#8243; background_size=&#8221;initial&#8221; background_position=&#8221;top_left&#8221; background_repeat=&#8221;repeat&#8221; use_border_color=&#8221;off&#8221; global_colors_info=&#8221;{}&#8221;]<\/p>\n<h3 style=\"text-align: center;\"><strong>CONTACT INFO<\/strong><\/h3>\n<p>[\/et_pb_text][et_pb_text admin_label=&#8221;Contact Info&#8221; _builder_version=&#8221;4.14.1&#8243; background_size=&#8221;initial&#8221; background_position=&#8221;top_left&#8221; background_repeat=&#8221;repeat&#8221; use_border_color=&#8221;off&#8221; global_colors_info=&#8221;{}&#8221;]<\/p>\n<h3 style=\"text-align: center;\"><span style=\"color: #97a822;\"><strong>NOUVELLE LOCATION !<\/strong><\/span><\/h3>\n<h4 style=\"text-align: center;\">1600 Steeles Ave. Ouest<br \/>Unit\u00e9 5<br \/>Vaughan, ON L4K 4M2<\/h4>\n<h4 style=\"text-align: center;\">T\u00e9l\u00e9phone : 905-763-8660<br \/>Fax : 905-763-0708<br \/><a title=\"mailto:lmcvaughan@lmc.ca\" href=\"mailto:lmcvaughan@lmc.ca\">lmcvaughan@lmc.ca<\/a><\/h4>\n<h4 style=\"text-align: center;\">R\u00e9f\u00e9rences uniquement Fax : 1-877-562-2778<\/h4>\n<h4 style=\"text-align: center;\">Optom\u00e9trie T\u00e9l\u00e9phone : <a href=\"tel:(905) 889-1277\">(905) 889-1277<\/a><\/h4>\n<h4 style=\"text-align: center;\">T\u00e9l\u00e9phone de la pharmacie : (289) 807-1961<\/h4>\n<h4 style=\"text-align: center;\">Fax de la pharmacie : (289) 807-1962<\/h4>\n<div class=\"et_pb_column et_pb_column_1_3 et_pb_column_1 et_pb_css_mix_blend_mode_passthrough\">\n<div class=\"et_pb_text et_pb_module et_pb_bg_layout_light et_pb_text_align_left et_pb_text_3\">\n<div class=\"et_pb_text_inner\">\n<div class=\"et_pb_column et_pb_column_1_3 et_pb_column_2 et_pb_css_mix_blend_mode_passthrough et-last-child\">\n<div class=\"et_pb_text et_pb_module et_pb_bg_layout_light et_pb_text_align_left et_pb_text_4\">\n<div class=\"et_pb_text_inner\">\u00a0<\/div>\n<\/div>\n<\/div>\n<\/div>\n<\/div>\n<\/div>\n<div class=\"et_pb_column et_pb_column_1_3 et_pb_column_2 et_pb_css_mix_blend_mode_passthrough et-last-child\">\n<div class=\"et_pb_text et_pb_module et_pb_bg_layout_light et_pb_text_align_left et_pb_text_4\">\n<div class=\"et_pb_text_inner\">\u00a0<\/div>\n<\/div>\n<\/div>\n<p>[\/et_pb_text][\/et_pb_column][et_pb_column type=&#8221;1_3&#8243; _builder_version=&#8221;3.25&#8243; custom_padding=&#8221;|||&#8221; global_colors_info=&#8221;{}&#8221; custom_padding__hover=&#8221;|||&#8221;][et_pb_text admin_label=&#8221;Directions&#8221; _builder_version=&#8221;3.27.4&#8243; background_size=&#8221;initial&#8221; background_position=&#8221;top_left&#8221; background_repeat=&#8221;repeat&#8221; use_border_color=&#8221;off&#8221; global_colors_info=&#8221;{}&#8221;]<\/p>\n<h3 style=\"text-align: center;\"><strong>DIRECTIONS<\/strong><\/h3>\n<p>[\/et_pb_text][et_pb_text admin_label=&#8221;Directions&#8221; _builder_version=&#8221;4.6.5&#8243; background_size=&#8221;initial&#8221; background_position=&#8221;top_left&#8221; background_repeat=&#8221;repeat&#8221; use_border_color=&#8221;off&#8221; global_colors_info=&#8221;{}&#8221;]<\/p>\n<h4 style=\"text-align: center;\">Nous sommes situ\u00e9s sur le c\u00f4t\u00e9 nord de Steeles, \u00e0 l'ouest de Dufferin. Nous sommes \u00e0 deux portes du Tim Horton's.\u00a0<\/h4>\n<p>[\/et_pb_text][\/et_pb_column][\/et_pb_row][et_pb_row column_structure=&#8221;1_3,1_3,1_3&#8243; _builder_version=&#8221;3.25&#8243; background_size=&#8221;initial&#8221; background_position=&#8221;top_left&#8221; background_repeat=&#8221;repeat&#8221; global_colors_info=&#8221;{}&#8221;][et_pb_column type=&#8221;1_3&#8243; _builder_version=&#8221;3.25&#8243; custom_padding=&#8221;|||&#8221; global_colors_info=&#8221;{}&#8221; custom_padding__hover=&#8221;|||&#8221;][\/et_pb_column][et_pb_column type=&#8221;1_3&#8243; _builder_version=&#8221;3.25&#8243; custom_padding=&#8221;|||&#8221; global_colors_info=&#8221;{}&#8221; custom_padding__hover=&#8221;|||&#8221;][et_pb_button button_url=&#8221;https:\/\/booking.medeohealth.com\/lmc-thornhill-vaughan&#8221; button_text=&#8221;BOOK AN APPOINTMENT&#8221; button_alignment=&#8221;center&#8221; _builder_version=&#8221;3.16&#8243; custom_button=&#8221;on&#8221; button_bg_color=&#8221;#96aa3b&#8221; button_border_width=&#8221;0&#8243; button_border_radius=&#8221;0&#8243; button_font=&#8221;|700|||||||&#8221; button_use_icon=&#8221;off&#8221; background_layout=&#8221;dark&#8221; button_border_radius_hover=&#8221;0&#8243; global_colors_info=&#8221;{}&#8221; button_text_size__hover_enabled=&#8221;off&#8221; button_text_size__hover=&#8221;null&#8221; button_one_text_size__hover_enabled=&#8221;off&#8221; button_one_text_size__hover=&#8221;null&#8221; button_two_text_size__hover_enabled=&#8221;off&#8221; button_two_text_size__hover=&#8221;null&#8221; button_text_color__hover_enabled=&#8221;off&#8221; button_text_color__hover=&#8221;null&#8221; button_one_text_color__hover_enabled=&#8221;off&#8221; button_one_text_color__hover=&#8221;null&#8221; button_two_text_color__hover_enabled=&#8221;off&#8221; button_two_text_color__hover=&#8221;null&#8221; button_border_width__hover_enabled=&#8221;off&#8221; button_border_width__hover=&#8221;null&#8221; button_one_border_width__hover_enabled=&#8221;off&#8221; button_one_border_width__hover=&#8221;null&#8221; button_two_border_width__hover_enabled=&#8221;off&#8221; button_two_border_width__hover=&#8221;null&#8221; button_border_color__hover_enabled=&#8221;off&#8221; button_border_color__hover=&#8221;null&#8221; button_one_border_color__hover_enabled=&#8221;off&#8221; button_one_border_color__hover=&#8221;null&#8221; button_two_border_color__hover_enabled=&#8221;off&#8221; button_two_border_color__hover=&#8221;null&#8221; button_border_radius__hover_enabled=&#8221;on&#8221; button_border_radius__hover=&#8221;0&#8243; button_one_border_radius__hover_enabled=&#8221;off&#8221; button_one_border_radius__hover=&#8221;null&#8221; button_two_border_radius__hover_enabled=&#8221;off&#8221; button_two_border_radius__hover=&#8221;null&#8221; button_letter_spacing__hover_enabled=&#8221;off&#8221; button_letter_spacing__hover=&#8221;null&#8221; button_one_letter_spacing__hover_enabled=&#8221;off&#8221; button_one_letter_spacing__hover=&#8221;null&#8221; button_two_letter_spacing__hover_enabled=&#8221;off&#8221; button_two_letter_spacing__hover=&#8221;null&#8221; button_bg_color__hover_enabled=&#8221;off&#8221; button_bg_color__hover=&#8221;null&#8221; button_one_bg_color__hover_enabled=&#8221;off&#8221; button_one_bg_color__hover=&#8221;null&#8221; button_two_bg_color__hover_enabled=&#8221;off&#8221; button_two_bg_color__hover=&#8221;null&#8221;][\/et_pb_button][\/et_pb_column][et_pb_column type=&#8221;1_3&#8243; _builder_version=&#8221;3.25&#8243; custom_padding=&#8221;|||&#8221; global_colors_info=&#8221;{}&#8221; custom_padding__hover=&#8221;|||&#8221;][\/et_pb_column][\/et_pb_row][\/et_pb_section][et_pb_section fb_built=&#8221;1&#8243; fullwidth=&#8221;on&#8221; _builder_version=&#8221;3.22&#8243; global_colors_info=&#8221;{}&#8221;][et_pb_fullwidth_map address=&#8221;1600 Steeles Ave W #5, Concord, ON L4K 4M2, Canada&#8221; zoom_level=&#8221;15&#8243; address_lat=&#8221;43.786255&#8243; address_lng=&#8221;-79.47474729999999&#8243; mouse_wheel=&#8221;off&#8221; _builder_version=&#8221;3.0.106&#8243; background_size=&#8221;initial&#8221; background_position=&#8221;top_left&#8221; background_repeat=&#8221;repeat&#8221; global_colors_info=&#8221;{}&#8221;][et_pb_map_pin title=&#8221;LMC Thornhill\/Vaughan&#8221; pin_address=&#8221;1600 Steeles Ave W #5, Concord, ON L4K 4M2, Canada&#8221; pin_address_lat=&#8221;43.786255&#8243; pin_address_lng=&#8221;-79.47474729999999&#8243; _builder_version=&#8221;3.0.106&#8243; global_colors_info=&#8221;{}&#8221;][\/et_pb_map_pin][\/et_pb_fullwidth_map][\/et_pb_section]<\/p>","protected":false},"excerpt":{"rendered":"<p>TEAM &amp; SERVICES EndocrinologistsDr. Julie DaitchmanDr. Christopher D\u2019SylvaDr. Gloria RambaldiniDr. Robert SchlosserDr. David SionitDr. Nina WineDr. Sarah Monsonego Physician AssistantAmanda WarwickTabassum Ikhtiar Services AvailableDiabetes &amp; Endocrinology Specialist CareDiabetes EducationFootcareOptometry &amp; Eye CarePharmacyClinical ResearchCONTACT INFO NEW LOCATION! 1600 Steeles Ave. WestUnit 5Vaughan, ON L4K 4M2 Phone: 905-763-8660Fax 905-763-0708lmcvaughan@lmc.ca Referrals Only Fax: 1-877-562-2778 Optometry Phone: (905) 889-1277 [&hellip;]<\/p>","protected":false},"author":1,"featured_media":0,"parent":1754,"menu_order":0,"comment_status":"closed","ping_status":"closed","template":"","meta":{"_et_pb_use_builder":"on","_et_pb_old_content":"<p>[et_pb_section admin_label=\"Section\" fullwidth=\"on\" specialty=\"off\"][et_pb_fullwidth_map admin_label=\"Fullwidth Map\" address=\"2130 N Park Dr #238, Brampton, ON L6S 5M4, Canada\" zoom_level=\"15\" address_lat=\"43.749466215725754\" address_lng=\"-79.72744032460633\" mouse_wheel=\"off\"] [et_pb_map_pin title=\"LMC Bramption\" pin_address=\"2130 N Park Dr #238, Brampton, ON L6S 5M4, Canada\" pin_address_lat=\"43.7498157\" pin_address_lng=\"-79.72702190000001\"]<br \/> [\/et_pb_map_pin] [\/et_pb_fullwidth_map][\/et_pb_section][et_pb_section admin_label=\"section\" background_color=\"#a9cc2a\" inner_shadow=\"off\" parallax=\"off\" transparent_background=\"off\" allow_player_pause=\"off\" parallax_method=\"off\" padding_mobile=\"off\" make_fullwidth=\"off\" use_custom_width=\"off\" width_unit=\"on\" make_equal=\"off\" use_custom_gutter=\"off\" gutter_width=\"3\" background_image=\"https:\/\/lmc.ca\/wp-content\/uploads\/2015\/11\/brampton-banner.png\"][et_pb_row admin_label=\"row\" make_fullwidth=\"on\" use_custom_width=\"off\" width_unit=\"on\" use_custom_gutter=\"off\" gutter_width=\"1\" padding_mobile=\"off\" allow_player_pause=\"off\" parallax=\"off\" parallax_method=\"off\" make_equal=\"off\" parallax_1=\"off\" parallax_method_1=\"off\" column_padding_mobile=\"on\"][et_pb_column type=\"4_4\"][et_pb_text admin_label=\"Text\" background_layout=\"dark\" text_orientation=\"center\" text_font_size=\"14\" use_border_color=\"off\" border_color=\"#ffffff\" border_style=\"solid\" text_line_height=\"1.1em\"]<\/p><h3 style=\"font-size: 35px;\">LMC Brampton<\/h3><p>[\/et_pb_text][\/et_pb_column][\/et_pb_row][\/et_pb_section][et_pb_section admin_label=\"Section\" fullwidth=\"off\" specialty=\"off\" transparent_background=\"off\" background_color=\"#ffffff\" allow_player_pause=\"off\" inner_shadow=\"off\" parallax=\"off\" parallax_method=\"off\" padding_mobile=\"off\" make_fullwidth=\"off\" use_custom_width=\"off\" width_unit=\"on\" make_equal=\"off\" use_custom_gutter=\"off\" gutter_width=\"3\"][et_pb_row admin_label=\"Row\" make_fullwidth=\"on\" use_custom_width=\"off\" width_unit=\"on\" use_custom_gutter=\"on\" gutter_width=\"1\" padding_mobile=\"off\" custom_margin=\"-82px||-82px|\" allow_player_pause=\"off\" parallax=\"off\" parallax_method=\"off\" make_equal=\"off\" parallax_1=\"off\" parallax_method_1=\"off\" parallax_2=\"off\" parallax_method_2=\"off\" column_padding_mobile=\"on\" custom_padding=\"||-82px|\"][et_pb_column type=\"2_3\"][et_pb_text admin_label=\"Text\" background_layout=\"light\" text_orientation=\"left\" text_font_size=\"14\" use_border_color=\"off\" border_color=\"#ffffff\" border_style=\"solid\" custom_padding=\"65px|65px||65px\"]<\/p><h1>Welcome to our Brampton Office<\/h1><p>\u00a0<\/p><p>Lorem Ipsum has been the industry's standard dummy text ever since the 1500s, when an unknown printer took a galley of type and scrambled it to make a type specimen book. It has survived not only five centuries, but also the leap into electronic typesetting, remaining essentially unchanged. It was popularised in the 1960s with the release of Letraset sheets containing Lorem Ipsum passages, and more recently with desktop publishing software like Aldus PageMaker including versions of Lorem Ipsum.\u00a0Lorem Ipsum has been the industry's standard dummy text ever since the 1500s, when an unknown printer took a galley of type and scrambled it to make a type specimen book. It has survived not only five centuries, but also the leap into electronic typesetting, remaining essentially unchanged. It was popularised in the 1960s with the release of Letraset sheets containing Lorem Ipsum passages, and more recently with desktop publishing software like Aldus PageMaker including versions of Lorem Ipsum.<\/p><p>[\/et_pb_text][\/et_pb_column][et_pb_column type=\"1_3\"][et_pb_text admin_label=\"Text\" background_layout=\"dark\" text_orientation=\"left\" text_font_size=\"14\" text_line_height=\"1.9em\" background_color=\"#383838\" use_border_color=\"off\" border_color=\"#ffffff\" border_style=\"solid\" custom_padding=\"65px|20px|182px|60px\"]<\/p><h2><a href=\"https:\/\/lmc.ca\/wp-content\/uploads\/2015\/08\/72px.png\"><img class=\"alignnone size-full wp-image-1312\" src=\"https:\/\/lmc.ca\/wp-content\/uploads\/2015\/08\/72px.png\" alt=\"72px\" width=\"72\" height=\"72\" \/><\/a><\/h2><h2><span style=\"color: #99cc00;\">LMC Brampton<\/span><\/h2><h2>2130 North Park Dr.<br \/> Suite 238<br \/> Brampton ON, L6S 0C9<\/h2><h2>Phone 1.866.701.3636<\/h2><h2>Fax\u00a01.877.562.2778<\/h2><p>\u00a0<\/p><p>\u00a0<\/p><p>\u00a0<\/p><p>\u00a0<\/p><p>\u00a0<\/p><p>\u00a0<\/p><p>\u00a0<\/p><p>\u00a0<\/p><p>\u00a0<\/p><p>\u00a0<\/p><p>\u00a0<\/p><p>[\/et_pb_text][\/et_pb_column][\/et_pb_row][\/et_pb_section]<\/p>","_et_gb_content_width":"","two_page_speed":[],"footnotes":""},"class_list":["post-2345","page","type-page","status-publish","hentry"],"_links":{"self":[{"href":"https:\/\/www.lmc.ca\/fr\/wp-json\/wp\/v2\/pages\/2345","targetHints":{"allow":["GET"]}}],"collection":[{"href":"https:\/\/www.lmc.ca\/fr\/wp-json\/wp\/v2\/pages"}],"about":[{"href":"https:\/\/www.lmc.ca\/fr\/wp-json\/wp\/v2\/types\/page"}],"author":[{"embeddable":true,"href":"https:\/\/www.lmc.ca\/fr\/wp-json\/wp\/v2\/users\/1"}],"replies":[{"embeddable":true,"href":"https:\/\/www.lmc.ca\/fr\/wp-json\/wp\/v2\/comments?post=2345"}],"version-history":[{"count":0,"href":"https:\/\/www.lmc.ca\/fr\/wp-json\/wp\/v2\/pages\/2345\/revisions"}],"up":[{"embeddable":true,"href":"https:\/\/www.lmc.ca\/fr\/wp-json\/wp\/v2\/pages\/1754"}],"wp:attachment":[{"href":"https:\/\/www.lmc.ca\/fr\/wp-json\/wp\/v2\/media?parent=2345"}],"curies":[{"name":"wp","href":"https:\/\/api.w.org\/{rel}","templated":true}]}}