{"id":2300,"date":"2015-11-26T15:25:24","date_gmt":"2015-11-26T15:25:24","guid":{"rendered":"https:\/\/lmcca.wpengine.com\/?page_id=2300"},"modified":"2023-07-12T17:14:57","modified_gmt":"2023-07-12T17:14:57","slug":"lmc-etobicoke","status":"publish","type":"page","link":"https:\/\/www.lmc.ca\/fr\/locations\/lmc-etobicoke\/","title":{"rendered":"LMC Etobicoke"},"content":{"rendered":"<p>[et_pb_section fb_built=&#8221;1&#8243; fullwidth=&#8221;on&#8221; _builder_version=&#8221;3.22&#8243; global_colors_info=&#8221;{}&#8221;][et_pb_fullwidth_header title=&#8221;LMC Etobicoke&#8221; text_orientation=&#8221;center&#8221; _builder_version=&#8221;3.16&#8243; title_level=&#8221;h2&#8243; title_text_align=&#8221;center&#8221; title_font_size=&#8221;48&#8243; subhead_font=&#8221;|700|||||||&#8221; subhead_font_size=&#8221;48&#8243; background_color=&#8221;rgba(255, 255, 255, 0)&#8221; background_layout=&#8221;light&#8221; border_color_all=&#8221;#96aa3b&#8221; border_width_bottom=&#8221;3&#8243; global_colors_info=&#8221;{}&#8221; button_one_text_size__hover_enabled=&#8221;off&#8221; button_one_text_size__hover=&#8221;null&#8221; button_two_text_size__hover_enabled=&#8221;off&#8221; button_two_text_size__hover=&#8221;null&#8221; button_one_text_color__hover_enabled=&#8221;off&#8221; button_one_text_color__hover=&#8221;null&#8221; button_two_text_color__hover_enabled=&#8221;off&#8221; button_two_text_color__hover=&#8221;null&#8221; button_one_border_width__hover_enabled=&#8221;off&#8221; button_one_border_width__hover=&#8221;null&#8221; button_two_border_width__hover_enabled=&#8221;off&#8221; button_two_border_width__hover=&#8221;null&#8221; button_one_border_color__hover_enabled=&#8221;off&#8221; button_one_border_color__hover=&#8221;null&#8221; button_two_border_color__hover_enabled=&#8221;off&#8221; button_two_border_color__hover=&#8221;null&#8221; button_one_border_radius__hover_enabled=&#8221;off&#8221; button_one_border_radius__hover=&#8221;null&#8221; button_two_border_radius__hover_enabled=&#8221;off&#8221; button_two_border_radius__hover=&#8221;null&#8221; button_one_letter_spacing__hover_enabled=&#8221;off&#8221; button_one_letter_spacing__hover=&#8221;null&#8221; button_two_letter_spacing__hover_enabled=&#8221;off&#8221; button_two_letter_spacing__hover=&#8221;null&#8221; button_one_bg_color__hover_enabled=&#8221;off&#8221; button_one_bg_color__hover=&#8221;null&#8221; button_two_bg_color__hover_enabled=&#8221;off&#8221; button_two_bg_color__hover=&#8221;null&#8221;][\/et_pb_fullwidth_header][\/et_pb_section][et_pb_section fb_built=&#8221;1&#8243; custom_padding_last_edited=&#8221;on|desktop&#8221; _builder_version=&#8221;3.22&#8243; custom_padding_tablet=&#8221;50px|0|50px|0&#8243; custom_padding_phone=&#8221;&#8221; global_colors_info=&#8221;{}&#8221;][et_pb_row column_structure=&#8221;1_3,1_3,1_3&#8243; _builder_version=&#8221;3.25&#8243; background_size=&#8221;initial&#8221; background_position=&#8221;top_left&#8221; background_repeat=&#8221;repeat&#8221; global_colors_info=&#8221;{}&#8221;][et_pb_column type=&#8221;1_3&#8243; _builder_version=&#8221;3.25&#8243; custom_padding=&#8221;|||&#8221; global_colors_info=&#8221;{}&#8221; custom_padding__hover=&#8221;|||&#8221;][et_pb_text admin_label=&#8221;Team &#038; Services&#8221; _builder_version=&#8221;3.27.4&#8243; background_size=&#8221;initial&#8221; background_position=&#8221;top_left&#8221; background_repeat=&#8221;repeat&#8221; module_alignment=&#8221;center&#8221; use_border_color=&#8221;off&#8221; global_colors_info=&#8221;{}&#8221;]<\/p>\n<h3 style=\"text-align: center;\"><strong>\u00c9QUIPE ET SERVICES<\/strong><\/h3>\n<p>[\/et_pb_text][et_pb_text admin_label=&#8221;Team &#038; Services&#8221; _builder_version=&#8221;4.14.1&#8243; background_size=&#8221;initial&#8221; background_position=&#8221;top_left&#8221; background_repeat=&#8221;repeat&#8221; module_alignment=&#8221;center&#8221; hover_enabled=&#8221;0&#8243; z_index_tablet=&#8221;500&#8243; use_border_color=&#8221;off&#8221; global_colors_info=&#8221;{}&#8221; sticky_enabled=&#8221;0&#8243;]<\/p>\n<h4 class=\"p1\" style=\"text-align: center;\"><span class=\"s1\"><strong>Endocrinologues<\/strong><br \/><a href=\"https:\/\/www.lmc.ca\/fr\/dr-nadeem-aslam\/\"><span class=\"s2\">Dr. Nadeem Aslam<br \/><\/span><\/a><span class=\"s2\">Dr. Adel Hanna<br \/><a href=\"https:\/\/www.lmc.ca\/fr\/meet-the-doctors\/dr-abhijana-karunakaran\/\">Dr. Abhijana Karunakaran<\/a><br \/><\/span><\/span><span class=\"s1\"><a href=\"https:\/\/www.lmc.ca\/fr\/dr-hasnain-khandwala\/\"><span class=\"s2\">Dr. Hasnain Khandwala<\/span><\/a><br \/><a href=\"https:\/\/www.lmc.ca\/fr\/dr-john-vecchiarelli\/\"><span class=\"s2\">Dr. Jon Vecchiarelli<\/span><\/a><\/span><\/h4>\n<h4 class=\"p1\" style=\"text-align: center;\"><span class=\"s1\"><strong>Services disponibles<br \/><\/strong><\/span>Soins sp\u00e9cialis\u00e9s en diab\u00e8te et en endocrinologie<br \/>\u00c9ducation au diab\u00e8te<br \/>Soins des pieds<br \/>Pharmacie<br \/>Recherche clinique<\/h4>\n<p>[\/et_pb_text][\/et_pb_column][et_pb_column type=&#8221;1_3&#8243; _builder_version=&#8221;3.25&#8243; custom_padding=&#8221;|||&#8221; global_colors_info=&#8221;{}&#8221; custom_padding__hover=&#8221;|||&#8221;][et_pb_text admin_label=&#8221;Contact Info&#8221; _builder_version=&#8221;3.27.4&#8243; background_size=&#8221;initial&#8221; background_position=&#8221;top_left&#8221; background_repeat=&#8221;repeat&#8221; use_border_color=&#8221;off&#8221; global_colors_info=&#8221;{}&#8221;]<\/p>\n<h3 style=\"text-align: center;\"><strong>CONTACT INFO<\/strong><\/h3>\n<p>[\/et_pb_text][et_pb_text admin_label=&#8221;Contact Info&#8221; _builder_version=&#8221;3.27.4&#8243; background_size=&#8221;initial&#8221; background_position=&#8221;top_left&#8221; background_repeat=&#8221;repeat&#8221; z_index_tablet=&#8221;500&#8243; use_border_color=&#8221;off&#8221; global_colors_info=&#8221;{}&#8221;]<\/p>\n<h4 class=\"p1\" style=\"text-align: center;\"><span class=\"s1\">1723 Kipling Ave<br \/>Suite 2B<br \/>Etobicoke, ON M9R 4E1<br \/>Kipling Ave. &amp; Dixon Rd.<\/span><\/h4>\n<h4 class=\"p1\" style=\"text-align: center;\"><span class=\"s1\">Phone 416-645-1035<br \/>Fax 416-645-1036<br \/><a href=\"mailto:lmcetobicoke@lmc.ca\"><span class=\"s2\">lmcetobicoke@lmc.ca<\/span><\/a><\/span><\/h4>\n<h4 class=\"p1\" style=\"text-align: center;\"><span class=\"s1\">R\u00e9f\u00e9rences uniquement Fax<br \/>1-877-562-2778<\/span><\/h4>\n<h4 class=\"p1\" style=\"text-align: center;\">Pharmacy Phone: (416) 645-3270<br \/>Pharmacy Fax:\u00a0(416) 645-3271<\/h4>\n<div class=\"et_pb_column et_pb_column_1_3 et_pb_column_2 et_pb_css_mix_blend_mode_passthrough et-last-child\">\n<div class=\"et_pb_text et_pb_module et_pb_bg_layout_light et_pb_text_align_left et_pb_text_4\">\n<div class=\"et_pb_text_inner\" style=\"text-align: center;\">\u00a0<\/div>\n<\/div>\n<\/div>\n<p>[\/et_pb_text][\/et_pb_column][et_pb_column type=&#8221;1_3&#8243; _builder_version=&#8221;3.25&#8243; custom_padding=&#8221;|||&#8221; global_colors_info=&#8221;{}&#8221; custom_padding__hover=&#8221;|||&#8221;][et_pb_text admin_label=&#8221;Directions&#8221; _builder_version=&#8221;3.27.4&#8243; background_size=&#8221;initial&#8221; background_position=&#8221;top_left&#8221; background_repeat=&#8221;repeat&#8221; use_border_color=&#8221;off&#8221; global_colors_info=&#8221;{}&#8221;]<\/p>\n<h3 style=\"text-align: center;\"><strong>DIRECTIONS<\/strong><\/h3>\n<p>[\/et_pb_text][et_pb_text admin_label=&#8221;Directions&#8221; _builder_version=&#8221;3.27.4&#8243; background_size=&#8221;initial&#8221; background_position=&#8221;top_left&#8221; background_repeat=&#8221;repeat&#8221; use_border_color=&#8221;off&#8221; global_colors_info=&#8221;{}&#8221;]<\/p>\n<h4 class=\"p1\" style=\"text-align: center;\"><span class=\"s1\">We are located at the south end of the Westway Plaza. We are one block south of Dixon on the east side. Our entrance is at the rear of the medical building. There is plenty of free parking at the front and back of the building.<\/span><\/h4>\n<p>[\/et_pb_text][\/et_pb_column][\/et_pb_row][et_pb_row column_structure=&#8221;1_3,1_3,1_3&#8243; _builder_version=&#8221;3.25&#8243; background_size=&#8221;initial&#8221; background_position=&#8221;top_left&#8221; background_repeat=&#8221;repeat&#8221; global_colors_info=&#8221;{}&#8221;][et_pb_column type=&#8221;1_3&#8243; _builder_version=&#8221;3.25&#8243; custom_padding=&#8221;|||&#8221; global_colors_info=&#8221;{}&#8221; custom_padding__hover=&#8221;|||&#8221;][\/et_pb_column][et_pb_column type=&#8221;1_3&#8243; _builder_version=&#8221;3.25&#8243; custom_padding=&#8221;|||&#8221; global_colors_info=&#8221;{}&#8221; custom_padding__hover=&#8221;|||&#8221;][et_pb_button button_url=&#8221;https:\/\/booking.medeohealth.com\/lmc-etobicoke&#8221; button_text=&#8221;BOOK AN APPOINTMENT&#8221; button_alignment=&#8221;center&#8221; _builder_version=&#8221;3.16&#8243; custom_button=&#8221;on&#8221; button_bg_color=&#8221;#96aa3b&#8221; button_border_width=&#8221;0&#8243; button_border_radius=&#8221;0&#8243; button_font=&#8221;|700|||||||&#8221; button_use_icon=&#8221;off&#8221; background_layout=&#8221;dark&#8221; button_border_radius_hover=&#8221;0&#8243; global_colors_info=&#8221;{}&#8221; button_text_size__hover_enabled=&#8221;off&#8221; button_text_size__hover=&#8221;null&#8221; button_one_text_size__hover_enabled=&#8221;off&#8221; button_one_text_size__hover=&#8221;null&#8221; button_two_text_size__hover_enabled=&#8221;off&#8221; button_two_text_size__hover=&#8221;null&#8221; button_text_color__hover_enabled=&#8221;off&#8221; button_text_color__hover=&#8221;null&#8221; button_one_text_color__hover_enabled=&#8221;off&#8221; button_one_text_color__hover=&#8221;null&#8221; button_two_text_color__hover_enabled=&#8221;off&#8221; button_two_text_color__hover=&#8221;null&#8221; button_border_width__hover_enabled=&#8221;off&#8221; button_border_width__hover=&#8221;null&#8221; button_one_border_width__hover_enabled=&#8221;off&#8221; button_one_border_width__hover=&#8221;null&#8221; button_two_border_width__hover_enabled=&#8221;off&#8221; button_two_border_width__hover=&#8221;null&#8221; button_border_color__hover_enabled=&#8221;off&#8221; button_border_color__hover=&#8221;null&#8221; button_one_border_color__hover_enabled=&#8221;off&#8221; button_one_border_color__hover=&#8221;null&#8221; button_two_border_color__hover_enabled=&#8221;off&#8221; button_two_border_color__hover=&#8221;null&#8221; button_border_radius__hover_enabled=&#8221;on&#8221; button_border_radius__hover=&#8221;0&#8243; button_one_border_radius__hover_enabled=&#8221;off&#8221; button_one_border_radius__hover=&#8221;null&#8221; button_two_border_radius__hover_enabled=&#8221;off&#8221; button_two_border_radius__hover=&#8221;null&#8221; button_letter_spacing__hover_enabled=&#8221;off&#8221; button_letter_spacing__hover=&#8221;null&#8221; button_one_letter_spacing__hover_enabled=&#8221;off&#8221; button_one_letter_spacing__hover=&#8221;null&#8221; button_two_letter_spacing__hover_enabled=&#8221;off&#8221; button_two_letter_spacing__hover=&#8221;null&#8221; button_bg_color__hover_enabled=&#8221;off&#8221; button_bg_color__hover=&#8221;null&#8221; button_one_bg_color__hover_enabled=&#8221;off&#8221; button_one_bg_color__hover=&#8221;null&#8221; button_two_bg_color__hover_enabled=&#8221;off&#8221; button_two_bg_color__hover=&#8221;null&#8221;][\/et_pb_button][\/et_pb_column][et_pb_column type=&#8221;1_3&#8243; _builder_version=&#8221;3.25&#8243; custom_padding=&#8221;|||&#8221; global_colors_info=&#8221;{}&#8221; custom_padding__hover=&#8221;|||&#8221;][\/et_pb_column][\/et_pb_row][\/et_pb_section][et_pb_section fb_built=&#8221;1&#8243; fullwidth=&#8221;on&#8221; _builder_version=&#8221;3.22&#8243; global_colors_info=&#8221;{}&#8221;][et_pb_fullwidth_map address=&#8221;1723 Kipling Ave #2b, Etobicoke, ON M9R 4E1, Canada&#8221; zoom_level=&#8221;15&#8243; address_lat=&#8221;43.69303559999999&#8243; address_lng=&#8221;-79.55691960000001&#8243; mouse_wheel=&#8221;off&#8221; _builder_version=&#8221;3.0.106&#8243; background_size=&#8221;initial&#8221; background_position=&#8221;top_left&#8221; background_repeat=&#8221;repeat&#8221; global_colors_info=&#8221;{}&#8221;][et_pb_map_pin title=&#8221;LMC Etobicoke&#8221; pin_address=&#8221;1723 Kipling Ave #2b, Etobicoke, ON M9R 4E1, Canada&#8221; pin_address_lat=&#8221;43.69303559999999&#8243; pin_address_lng=&#8221;-79.55691960000001&#8243; _builder_version=&#8221;3.0.106&#8243; global_colors_info=&#8221;{}&#8221;][\/et_pb_map_pin][\/et_pb_fullwidth_map][\/et_pb_section]<\/p>","protected":false},"excerpt":{"rendered":"<p>TEAM &amp; SERVICES EndocrinologistsDr. Nadeem AslamDr. Adel HannaDr. Abhijana KarunakaranDr. Hasnain KhandwalaDr. Jon Vecchiarelli Services AvailableDiabetes &amp; Endocrinology Specialist CareDiabetes EducationFootcarePharmacyClinical ResearchCONTACT INFO 1723 Kipling AveSuite 2BEtobicoke, ON M9R 4E1Kipling Ave. &amp; Dixon Rd.Phone 416-645-1035Fax 416-645-1036lmcetobicoke@lmc.caReferrals Only Fax1-877-562-2778Pharmacy Phone: (416) 645-3270Pharmacy Fax:\u00a0(416) 645-3271\u00a0 DIRECTIONS We are located at the south end of the Westway Plaza. [&hellip;]<\/p>","protected":false},"author":1,"featured_media":0,"parent":1754,"menu_order":0,"comment_status":"closed","ping_status":"closed","template":"","meta":{"_et_pb_use_builder":"on","_et_pb_old_content":"[et_pb_section admin_label=\"Section\" fullwidth=\"on\" specialty=\"off\"][et_pb_fullwidth_map admin_label=\"Fullwidth Map\" address=\"1929 Bayview Ave #107, North York, ON M4G 0A1, Canada\" zoom_level=\"13\" address_lat=\"43.71659154172659\" address_lng=\"-79.37653991639405\" mouse_wheel=\"off\"]\r\n\r\n[et_pb_map_pin title=\"LMC Bayview\" pin_address=\"1929 Bayview Ave #107, North York, ON M4G 0A1, Canada\" pin_address_lat=\"43.7179282\" pin_address_lng=\"-79.37761280000001\"]\r\n\r\n\r\n\r\n[\/et_pb_map_pin]\r\n\r\n[\/et_pb_fullwidth_map][\/et_pb_section][et_pb_section admin_label=\"section\" background_color=\"#a9cc2a\" inner_shadow=\"off\" parallax=\"off\" transparent_background=\"off\" allow_player_pause=\"off\" parallax_method=\"off\" padding_mobile=\"off\" make_fullwidth=\"off\" use_custom_width=\"off\" width_unit=\"on\" make_equal=\"off\" use_custom_gutter=\"off\" gutter_width=\"3\" background_image=\"https:\/\/lmc.ca\/wp-content\/uploads\/2015\/11\/bayview-village.png\"][et_pb_row admin_label=\"row\" make_fullwidth=\"on\" use_custom_width=\"off\" width_unit=\"on\" use_custom_gutter=\"off\" gutter_width=\"1\" padding_mobile=\"off\" allow_player_pause=\"off\" parallax=\"off\" parallax_method=\"off\" make_equal=\"off\" parallax_1=\"off\" parallax_method_1=\"off\" column_padding_mobile=\"on\"][et_pb_column type=\"4_4\"][et_pb_text admin_label=\"Text\" background_layout=\"dark\" text_orientation=\"center\" text_font_size=\"14\" use_border_color=\"off\" border_color=\"#ffffff\" border_style=\"solid\" text_line_height=\"1.1em\"]\r\n\r\n<h3 style=\"font-size: 35px;\">LMC Bayview<\/h3>\r\n\r\n[\/et_pb_text][\/et_pb_column][\/et_pb_row][\/et_pb_section][et_pb_section admin_label=\"Section\" fullwidth=\"off\" specialty=\"off\" transparent_background=\"off\" background_color=\"#ffffff\" allow_player_pause=\"off\" inner_shadow=\"off\" parallax=\"off\" parallax_method=\"off\" padding_mobile=\"off\" make_fullwidth=\"off\" use_custom_width=\"off\" width_unit=\"on\" make_equal=\"off\" use_custom_gutter=\"off\" gutter_width=\"3\"][et_pb_row admin_label=\"Row\" make_fullwidth=\"on\" use_custom_width=\"off\" width_unit=\"on\" use_custom_gutter=\"on\" gutter_width=\"1\" padding_mobile=\"off\" custom_margin=\"-82px||-82px|\" allow_player_pause=\"off\" parallax=\"off\" parallax_method=\"off\" make_equal=\"off\" parallax_1=\"off\" parallax_method_1=\"off\" parallax_2=\"off\" parallax_method_2=\"off\" column_padding_mobile=\"on\" custom_padding=\"||-82px|\"][et_pb_column type=\"2_3\"][et_pb_text admin_label=\"Text\" background_layout=\"light\" text_orientation=\"left\" text_font_size=\"14\" use_border_color=\"off\" border_color=\"#ffffff\" border_style=\"solid\" custom_padding=\"65px|65px||65px\"]\r\n\r\n<h1>Welcome to our Barrie Office<\/h1><p>\u00a0<\/p><p>Lorem Ipsum has been the industry's standard dummy text ever since the 1500s, when an unknown printer took a galley of type and scrambled it to make a type specimen book. It has survived not only five centuries, but also the leap into electronic typesetting, remaining essentially unchanged. It was popularised in the 1960s with the release of Letraset sheets containing Lorem Ipsum passages, and more recently with desktop publishing software like Aldus PageMaker including versions of Lorem Ipsum.\u00a0Lorem Ipsum has been the industry's standard dummy text ever since the 1500s, when an unknown printer took a galley of type and scrambled it to make a type specimen book. It has survived not only five centuries, but also the leap into electronic typesetting, remaining essentially unchanged. It was popularised in the 1960s with the release of Letraset sheets containing Lorem Ipsum passages, and more recently with desktop publishing software like Aldus PageMaker including versions of Lorem Ipsum.<\/p>\r\n\r\n[\/et_pb_text][\/et_pb_column][et_pb_column type=\"1_3\"][et_pb_text admin_label=\"Text\" background_layout=\"dark\" text_orientation=\"left\" text_font_size=\"14\" text_line_height=\"1.9em\" background_color=\"#383838\" use_border_color=\"off\" border_color=\"#ffffff\" border_style=\"solid\" custom_padding=\"65px|20px|182px|60px\"]\r\n\r\n<h2><a href=\"https:\/\/lmc.ca\/wp-content\/uploads\/2015\/08\/72px.png\"><img class=\"alignnone size-full wp-image-1312\" src=\"https:\/\/lmc.ca\/wp-content\/uploads\/2015\/08\/72px.png\" alt=\"72px\" width=\"72\" height=\"72\" \/><\/a><\/h2>\r\n<h2><span style=\"color: #99cc00;\">LMC Bayview<\/span><\/h2>\r\n<h2>1929 Bayview Ave\r\nSuite 107\r\nToronto, ON\u00a0M4G 3E8<\/h2>\r\n<h2>Phone 1.866.701.3636<\/h2>\r\n<h2>Fax\u00a01.877.562.2778<\/h2>\r\n\u00a0\r\n\r\n\u00a0\r\n\r\n\u00a0\r\n\r\n\u00a0\r\n\r\n\u00a0\r\n\r\n\u00a0\r\n\r\n\u00a0\r\n\r\n\u00a0\r\n\r\n\u00a0\r\n\r\n\u00a0\r\n\r\n\u00a0\r\n\r\n[\/et_pb_text][\/et_pb_column][\/et_pb_row][\/et_pb_section]","_et_gb_content_width":"","two_page_speed":[],"footnotes":""},"class_list":["post-2300","page","type-page","status-publish","hentry"],"_links":{"self":[{"href":"https:\/\/www.lmc.ca\/fr\/wp-json\/wp\/v2\/pages\/2300","targetHints":{"allow":["GET"]}}],"collection":[{"href":"https:\/\/www.lmc.ca\/fr\/wp-json\/wp\/v2\/pages"}],"about":[{"href":"https:\/\/www.lmc.ca\/fr\/wp-json\/wp\/v2\/types\/page"}],"author":[{"embeddable":true,"href":"https:\/\/www.lmc.ca\/fr\/wp-json\/wp\/v2\/users\/1"}],"replies":[{"embeddable":true,"href":"https:\/\/www.lmc.ca\/fr\/wp-json\/wp\/v2\/comments?post=2300"}],"version-history":[{"count":0,"href":"https:\/\/www.lmc.ca\/fr\/wp-json\/wp\/v2\/pages\/2300\/revisions"}],"up":[{"embeddable":true,"href":"https:\/\/www.lmc.ca\/fr\/wp-json\/wp\/v2\/pages\/1754"}],"wp:attachment":[{"href":"https:\/\/www.lmc.ca\/fr\/wp-json\/wp\/v2\/media?parent=2300"}],"curies":[{"name":"wp","href":"https:\/\/api.w.org\/{rel}","templated":true}]}}