{"id":2290,"date":"2015-11-26T04:12:22","date_gmt":"2015-11-26T04:12:22","guid":{"rendered":"https:\/\/lmcca.wpengine.com\/?page_id=2290"},"modified":"2023-05-26T15:38:26","modified_gmt":"2023-05-26T15:38:26","slug":"lmc-brampton","status":"publish","type":"page","link":"https:\/\/www.lmc.ca\/fr\/locations\/lmc-brampton\/","title":{"rendered":"LMC Brampton"},"content":{"rendered":"<p>[et_pb_section fb_built=&#8221;1&#8243; fullwidth=&#8221;on&#8221; _builder_version=&#8221;3.22&#8243; global_colors_info=&#8221;{}&#8221;][et_pb_fullwidth_header title=&#8221;LMC Brampton&#8221; text_orientation=&#8221;center&#8221; _builder_version=&#8221;3.16&#8243; title_level=&#8221;h2&#8243; title_text_align=&#8221;center&#8221; title_font_size=&#8221;48&#8243; subhead_font=&#8221;|700|||||||&#8221; subhead_font_size=&#8221;48&#8243; background_color=&#8221;rgba(255, 255, 255, 0)&#8221; background_layout=&#8221;light&#8221; border_color_all=&#8221;#96aa3b&#8221; border_width_bottom=&#8221;3&#8243; global_colors_info=&#8221;{}&#8221; button_one_text_size__hover_enabled=&#8221;off&#8221; button_one_text_size__hover=&#8221;null&#8221; button_two_text_size__hover_enabled=&#8221;off&#8221; button_two_text_size__hover=&#8221;null&#8221; button_one_text_color__hover_enabled=&#8221;off&#8221; button_one_text_color__hover=&#8221;null&#8221; button_two_text_color__hover_enabled=&#8221;off&#8221; button_two_text_color__hover=&#8221;null&#8221; button_one_border_width__hover_enabled=&#8221;off&#8221; button_one_border_width__hover=&#8221;null&#8221; button_two_border_width__hover_enabled=&#8221;off&#8221; button_two_border_width__hover=&#8221;null&#8221; button_one_border_color__hover_enabled=&#8221;off&#8221; button_one_border_color__hover=&#8221;null&#8221; button_two_border_color__hover_enabled=&#8221;off&#8221; button_two_border_color__hover=&#8221;null&#8221; button_one_border_radius__hover_enabled=&#8221;off&#8221; button_one_border_radius__hover=&#8221;null&#8221; button_two_border_radius__hover_enabled=&#8221;off&#8221; button_two_border_radius__hover=&#8221;null&#8221; button_one_letter_spacing__hover_enabled=&#8221;off&#8221; button_one_letter_spacing__hover=&#8221;null&#8221; button_two_letter_spacing__hover_enabled=&#8221;off&#8221; button_two_letter_spacing__hover=&#8221;null&#8221; button_one_bg_color__hover_enabled=&#8221;off&#8221; button_one_bg_color__hover=&#8221;null&#8221; button_two_bg_color__hover_enabled=&#8221;off&#8221; button_two_bg_color__hover=&#8221;null&#8221;][\/et_pb_fullwidth_header][\/et_pb_section][et_pb_section fb_built=&#8221;1&#8243; custom_padding_last_edited=&#8221;on|desktop&#8221; _builder_version=&#8221;3.22&#8243; custom_padding_tablet=&#8221;50px|0|50px|0&#8243; custom_padding_phone=&#8221;&#8221; global_colors_info=&#8221;{}&#8221;][et_pb_row column_structure=&#8221;1_3,1_3,1_3&#8243; _builder_version=&#8221;3.25&#8243; background_size=&#8221;initial&#8221; background_position=&#8221;top_left&#8221; background_repeat=&#8221;repeat&#8221; global_colors_info=&#8221;{}&#8221;][et_pb_column type=&#8221;1_3&#8243; _builder_version=&#8221;3.25&#8243; custom_padding=&#8221;|||&#8221; global_colors_info=&#8221;{}&#8221; custom_padding__hover=&#8221;|||&#8221;][et_pb_text admin_label=&#8221;Team &#038; Services&#8221; _builder_version=&#8221;3.27.4&#8243; background_size=&#8221;initial&#8221; background_position=&#8221;top_left&#8221; background_repeat=&#8221;repeat&#8221; module_alignment=&#8221;center&#8221; use_border_color=&#8221;off&#8221; global_colors_info=&#8221;{}&#8221;]<\/p>\n<h3 style=\"text-align: center;\"><strong>\u00c9QUIPE ET SERVICES<\/strong><\/h3>\n<p>[\/et_pb_text][et_pb_text admin_label=&#8221;Team &#038; Services&#8221; _builder_version=&#8221;4.14.1&#8243; background_size=&#8221;initial&#8221; background_position=&#8221;top_left&#8221; background_repeat=&#8221;repeat&#8221; module_alignment=&#8221;center&#8221; z_index_tablet=&#8221;500&#8243; use_border_color=&#8221;off&#8221; global_colors_info=&#8221;{}&#8221;]<\/p>\n<h4 style=\"text-align: center;\"><span class=\"s1\"><strong>Endocrinologues<\/strong><br \/><a href=\"https:\/\/www.lmc.ca\/fr\/dr-nupur-bahl-2\/\"><span class=\"s2\">Dr. Nupur Bahl MD, D. ABIM<\/span><span class=\"s3\"><br \/><\/span><\/a><a href=\"https:\/\/www.lmc.ca\/fr\/dr-harpreet-bajaj\/\"><span class=\"s2\">Dr. Harpreet Bajaj<\/span><\/a> MD, MPH, D. ABIM<br \/><a href=\"https:\/\/www.lmc.ca\/fr\/dr-prakash-chandra-2\/\"><span class=\"s2\">Dr. Prakash Chandra MD, MS, D. ABIM\u00a0<\/span><\/a><br \/><\/span>Dr. Nadeem Aslam<\/h4>\n<h4 style=\"text-align: center;\"><span class=\"s1\"><strong>Assistants m\u00e9dicaux<br \/><\/strong><\/span>Irene Chhay MPH, BHSc, CCPA<br \/><span class=\"s1\">Keerat Singh HBSc, CCPA<\/span><\/h4>\n<h4 style=\"text-align: center;\"><strong>Services disponibles<\/strong><br \/>Soins sp\u00e9cialis\u00e9s en diab\u00e8te et en endocrinologie<br \/>\u00c9ducation au diab\u00e8te<br \/>Soins des pieds<br \/>Optom\u00e9trie et soins des yeux<br \/>Pharmacie<br \/>Recherche clinique<\/h4>\n<p>[\/et_pb_text][\/et_pb_column][et_pb_column type=&#8221;1_3&#8243; _builder_version=&#8221;3.25&#8243; custom_padding=&#8221;|||&#8221; global_colors_info=&#8221;{}&#8221; custom_padding__hover=&#8221;|||&#8221;][et_pb_text admin_label=&#8221;Contact Info&#8221; _builder_version=&#8221;3.27.4&#8243; background_size=&#8221;initial&#8221; background_position=&#8221;top_left&#8221; background_repeat=&#8221;repeat&#8221; use_border_color=&#8221;off&#8221; global_colors_info=&#8221;{}&#8221;]<\/p>\n<h3 style=\"text-align: center;\"><strong>CONTACT INFO<\/strong><\/h3>\n<p>[\/et_pb_text][et_pb_text admin_label=&#8221;Contact Info&#8221; _builder_version=&#8221;4.14.1&#8243; background_size=&#8221;initial&#8221; background_position=&#8221;top_left&#8221; background_repeat=&#8221;repeat&#8221; hover_enabled=&#8221;0&#8243; z_index_tablet=&#8221;500&#8243; use_border_color=&#8221;off&#8221; global_colors_info=&#8221;{}&#8221; sticky_enabled=&#8221;0&#8243;]<\/p>\n<h3 style=\"text-align: center;\"><span style=\"color: #97a822;\"><strong>NOUVELLE LOCATION !<\/strong><\/span><\/h3>\n<h4 class=\"p1\" style=\"text-align: center;\">2979 Bovaird Drive East<br \/>Brampton, ON L6S 0C6<\/h4>\n<h4 class=\"p1\" style=\"text-align: center;\"><span class=\"s1\">Phone 905-595-0560<br \/>Fax\u00a0905-595-0562<br \/><a href=\"mailto:lmcbrampton@lmc.ca\"><span class=\"s2\">lmcbrampton@LMC.ca\u00a0<\/span><\/a><\/span><\/h4>\n<h4 class=\"p1\" style=\"text-align: center;\"><span class=\"s1\">R\u00e9f\u00e9rences uniquement Fax<br \/>1-877-562-2778<\/span><\/h4>\n<h4 class=\"p1\" style=\"text-align: center;\">Optom\u00e9trie T\u00e9l\u00e9phone : <a href=\"tel:(905) 450-3848\">(905) 450-3848<\/a><\/h4>\n<h4 class=\"p1\" style=\"text-align: center;\">Pharmacy Phone:(289) 801-0551<br \/>Pharmacy Fax:\u00a0(289) 801-0552<\/h4>\n<p>[\/et_pb_text][\/et_pb_column][et_pb_column type=&#8221;1_3&#8243; _builder_version=&#8221;3.25&#8243; custom_padding=&#8221;|||&#8221; global_colors_info=&#8221;{}&#8221; custom_padding__hover=&#8221;|||&#8221;][et_pb_text admin_label=&#8221;Directions&#8221; _builder_version=&#8221;3.27.4&#8243; background_size=&#8221;initial&#8221; background_position=&#8221;top_left&#8221; background_repeat=&#8221;repeat&#8221; use_border_color=&#8221;off&#8221; global_colors_info=&#8221;{}&#8221;]<\/p>\n<h3 style=\"text-align: center;\"><strong>DIRECTIONS<\/strong><\/h3>\n<p>[\/et_pb_text][et_pb_text admin_label=&#8221;Contact Info&#8221; _builder_version=&#8221;4.6.5&#8243; background_size=&#8221;initial&#8221; background_position=&#8221;top_left&#8221; background_repeat=&#8221;repeat&#8221; z_index_tablet=&#8221;500&#8243; use_border_color=&#8221;off&#8221; global_colors_info=&#8221;{}&#8221;]<\/p>\n<h4 style=\"text-align: center;\">If you are coming from the hwy, take the 401 to the 410 and exit at Bovaird Drive . Continue on Bovaird drive for 5 KM, LMC is located in the Smart Centre Plaza, in front of CIBC and adjacent to Value Village.\u00a0 If you are coming from Vaughan, Take Hwy 7\/ Queen Street west bound. Make a right on Airport road, Left on Bovaird, Left at first light or take Rutherford Road, Make a left on first traffic lights after Airport Road, LMC healthcare is up ahead<\/h4>\n<p>[\/et_pb_text][\/et_pb_column][\/et_pb_row][et_pb_row column_structure=&#8221;1_3,1_3,1_3&#8243; _builder_version=&#8221;3.25&#8243; background_size=&#8221;initial&#8221; background_position=&#8221;top_left&#8221; background_repeat=&#8221;repeat&#8221; global_colors_info=&#8221;{}&#8221;][et_pb_column type=&#8221;1_3&#8243; _builder_version=&#8221;3.25&#8243; custom_padding=&#8221;|||&#8221; global_colors_info=&#8221;{}&#8221; custom_padding__hover=&#8221;|||&#8221;][\/et_pb_column][et_pb_column type=&#8221;1_3&#8243; _builder_version=&#8221;3.25&#8243; custom_padding=&#8221;|||&#8221; global_colors_info=&#8221;{}&#8221; custom_padding__hover=&#8221;|||&#8221;][et_pb_button button_url=&#8221;https:\/\/booking.medeohealth.com\/lmc-brampton&#8221; button_text=&#8221;BOOK AN APPOINTMENT&#8221; button_alignment=&#8221;center&#8221; _builder_version=&#8221;3.16&#8243; custom_button=&#8221;on&#8221; button_bg_color=&#8221;#96aa3b&#8221; button_border_width=&#8221;0&#8243; button_border_radius=&#8221;0&#8243; button_font=&#8221;|700|||||||&#8221; button_use_icon=&#8221;off&#8221; background_layout=&#8221;dark&#8221; button_border_radius_hover=&#8221;0&#8243; global_colors_info=&#8221;{}&#8221; button_text_size__hover_enabled=&#8221;off&#8221; button_text_size__hover=&#8221;null&#8221; button_one_text_size__hover_enabled=&#8221;off&#8221; button_one_text_size__hover=&#8221;null&#8221; button_two_text_size__hover_enabled=&#8221;off&#8221; button_two_text_size__hover=&#8221;null&#8221; button_text_color__hover_enabled=&#8221;off&#8221; button_text_color__hover=&#8221;null&#8221; button_one_text_color__hover_enabled=&#8221;off&#8221; button_one_text_color__hover=&#8221;null&#8221; button_two_text_color__hover_enabled=&#8221;off&#8221; button_two_text_color__hover=&#8221;null&#8221; button_border_width__hover_enabled=&#8221;off&#8221; button_border_width__hover=&#8221;null&#8221; button_one_border_width__hover_enabled=&#8221;off&#8221; button_one_border_width__hover=&#8221;null&#8221; button_two_border_width__hover_enabled=&#8221;off&#8221; button_two_border_width__hover=&#8221;null&#8221; button_border_color__hover_enabled=&#8221;off&#8221; button_border_color__hover=&#8221;null&#8221; button_one_border_color__hover_enabled=&#8221;off&#8221; button_one_border_color__hover=&#8221;null&#8221; button_two_border_color__hover_enabled=&#8221;off&#8221; button_two_border_color__hover=&#8221;null&#8221; button_border_radius__hover_enabled=&#8221;on&#8221; button_border_radius__hover=&#8221;0&#8243; button_one_border_radius__hover_enabled=&#8221;off&#8221; button_one_border_radius__hover=&#8221;null&#8221; button_two_border_radius__hover_enabled=&#8221;off&#8221; button_two_border_radius__hover=&#8221;null&#8221; button_letter_spacing__hover_enabled=&#8221;off&#8221; button_letter_spacing__hover=&#8221;null&#8221; button_one_letter_spacing__hover_enabled=&#8221;off&#8221; button_one_letter_spacing__hover=&#8221;null&#8221; button_two_letter_spacing__hover_enabled=&#8221;off&#8221; button_two_letter_spacing__hover=&#8221;null&#8221; button_bg_color__hover_enabled=&#8221;off&#8221; button_bg_color__hover=&#8221;null&#8221; button_one_bg_color__hover_enabled=&#8221;off&#8221; button_one_bg_color__hover=&#8221;null&#8221; button_two_bg_color__hover_enabled=&#8221;off&#8221; button_two_bg_color__hover=&#8221;null&#8221;][\/et_pb_button][\/et_pb_column][et_pb_column type=&#8221;1_3&#8243; _builder_version=&#8221;3.25&#8243; custom_padding=&#8221;|||&#8221; global_colors_info=&#8221;{}&#8221; custom_padding__hover=&#8221;|||&#8221;][\/et_pb_column][\/et_pb_row][\/et_pb_section][et_pb_section fb_built=&#8221;1&#8243; fullwidth=&#8221;on&#8221; _builder_version=&#8221;3.22&#8243; global_colors_info=&#8221;{}&#8221;][et_pb_fullwidth_map address=&#8221;2979 Bovaird Dr E, Brampton, ON L6S 6J6, Canada&#8221; zoom_level=&#8221;15&#8243; address_lat=&#8221;43.7604868&#8243; address_lng=&#8221;-79.72393569999997&#8243; mouse_wheel=&#8221;off&#8221; _builder_version=&#8221;3.21.1&#8243; background_size=&#8221;initial&#8221; background_position=&#8221;top_left&#8221; background_repeat=&#8221;repeat&#8221; z_index_tablet=&#8221;500&#8243; global_colors_info=&#8221;{}&#8221;][et_pb_map_pin title=&#8221;LMC Brampton&#8221; pin_address=&#8221;2979 Bovaird Dr E, Brampton, ON L6S 6J6, Canada&#8221; pin_address_lat=&#8221;43.7604868&#8243; pin_address_lng=&#8221;-79.72393569999997&#8243; _builder_version=&#8221;3.21.1&#8243; global_colors_info=&#8221;{}&#8221;][\/et_pb_map_pin][\/et_pb_fullwidth_map][\/et_pb_section]<\/p>","protected":false},"excerpt":{"rendered":"<p>TEAM &amp; SERVICES EndocrinologistsDr. Nupur Bahl MD, D. ABIMDr. Harpreet Bajaj MD, MPH, D. ABIMDr. Prakash Chandra MD, MS, D. ABIM\u00a0Dr. Nadeem Aslam Physician AssistantsIrene Chhay MPH, BHSc, CCPAKeerat Singh HBSc, CCPA Services AvailableDiabetes &amp; Endocrinology Specialist CareDiabetes EducationFootcareOptometry &amp; Eye CarePharmacyClinical ResearchCONTACT INFO NEW LOCATION! 2979 Bovaird Drive EastBrampton, ON L6S 0C6 Phone 905-595-0560Fax\u00a0905-595-0562lmcbrampton@LMC.ca\u00a0 [&hellip;]<\/p>","protected":false},"author":1,"featured_media":0,"parent":1754,"menu_order":0,"comment_status":"closed","ping_status":"closed","template":"","meta":{"_et_pb_use_builder":"on","_et_pb_old_content":"[et_pb_section admin_label=\"Section\" fullwidth=\"on\" specialty=\"off\"][et_pb_fullwidth_map admin_label=\"Fullwidth Map\" address=\"5 Quarry Ridge Rd #306, Barrie, ON L4M 7G1, Canada\" zoom_level=\"18\" address_lat=\"44.415524480926045\" address_lng=\"-79.65846050611685\" mouse_wheel=\"off\"] [et_pb_map_pin title=\"LMC Barrie\" pin_address=\"5 Quarry Ridge Rd #306, Barrie, ON L4M 7G1, Canada\" pin_address_lat=\"44.4154324\" pin_address_lng=\"-79.65857449999999\"] [\/et_pb_map_pin] [\/et_pb_fullwidth_map][\/et_pb_section][et_pb_section admin_label=\"section\" background_color=\"#a9cc2a\" inner_shadow=\"off\" parallax=\"off\" transparent_background=\"off\" allow_player_pause=\"off\" parallax_method=\"off\" padding_mobile=\"off\" make_fullwidth=\"off\" use_custom_width=\"off\" width_unit=\"on\" make_equal=\"off\" use_custom_gutter=\"off\" gutter_width=\"3\" background_image=\"https:\/\/lmc.ca\/wp-content\/uploads\/2015\/11\/barrie-banner.png\"][et_pb_row admin_label=\"row\" make_fullwidth=\"on\" use_custom_width=\"off\" width_unit=\"on\" use_custom_gutter=\"off\" gutter_width=\"1\" padding_mobile=\"off\" allow_player_pause=\"off\" parallax=\"off\" parallax_method=\"off\" make_equal=\"off\" parallax_1=\"off\" parallax_method_1=\"off\" column_padding_mobile=\"on\"][et_pb_column type=\"4_4\"][et_pb_text admin_label=\"Text\" background_layout=\"dark\" text_orientation=\"center\" text_font_size=\"14\" use_border_color=\"off\" border_color=\"#ffffff\" border_style=\"solid\" text_line_height=\"1.1em\"]\r\n<h3 style=\"font-size: 35px;\">LMC Barrie<\/h3>\r\n[\/et_pb_text][\/et_pb_column][\/et_pb_row][\/et_pb_section][et_pb_section admin_label=\"Section\" fullwidth=\"off\" specialty=\"off\" transparent_background=\"off\" background_color=\"#ffffff\" allow_player_pause=\"off\" inner_shadow=\"off\" parallax=\"off\" parallax_method=\"off\" padding_mobile=\"off\" make_fullwidth=\"off\" use_custom_width=\"off\" width_unit=\"on\" make_equal=\"off\" use_custom_gutter=\"off\" gutter_width=\"3\"][et_pb_row admin_label=\"Row\" make_fullwidth=\"on\" use_custom_width=\"off\" width_unit=\"on\" use_custom_gutter=\"on\" gutter_width=\"1\" padding_mobile=\"off\" custom_margin=\"-82px||-82px|\" allow_player_pause=\"off\" parallax=\"off\" parallax_method=\"off\" make_equal=\"off\" parallax_1=\"off\" parallax_method_1=\"off\" parallax_2=\"off\" parallax_method_2=\"off\" column_padding_mobile=\"on\" custom_padding=\"||-82px|\"][et_pb_column type=\"2_3\"][et_pb_text admin_label=\"Text\" background_layout=\"light\" text_orientation=\"left\" text_font_size=\"14\" use_border_color=\"off\" border_color=\"#ffffff\" border_style=\"solid\" custom_padding=\"65px|65px||65px\"]\r\n<h1>Welcome to our Barrie Office<\/h1>\r\n\u00a0\r\n\r\nLorem Ipsum has been the industry's standard dummy text ever since the 1500s, when an unknown printer took a galley of type and scrambled it to make a type specimen book. It has survived not only five centuries, but also the leap into electronic typesetting, remaining essentially unchanged. It was popularised in the 1960s with the release of Letraset sheets containing Lorem Ipsum passages, and more recently with desktop publishing software like Aldus PageMaker including versions of Lorem Ipsum.\u00a0Lorem Ipsum has been the industry's standard dummy text ever since the 1500s, when an unknown printer took a galley of type and scrambled it to make a type specimen book. It has survived not only five centuries, but also the leap into electronic typesetting, remaining essentially unchanged. It was popularised in the 1960s with the release of Letraset sheets containing Lorem Ipsum passages, and more recently with desktop publishing software like Aldus PageMaker including versions of Lorem Ipsum.\r\n\r\n[\/et_pb_text][\/et_pb_column][et_pb_column type=\"1_3\"][et_pb_text admin_label=\"Text\" background_layout=\"dark\" text_orientation=\"left\" text_font_size=\"14\" text_line_height=\"1.9em\" background_color=\"#383838\" use_border_color=\"off\" border_color=\"#ffffff\" border_style=\"solid\" custom_padding=\"65px|20px|182px|60px\"]\r\n<h2><a href=\"https:\/\/lmc.ca\/wp-content\/uploads\/2015\/08\/72px.png\"><img class=\"alignnone size-full wp-image-1312\" src=\"https:\/\/lmc.ca\/wp-content\/uploads\/2015\/08\/72px.png\" alt=\"72px\" width=\"72\" height=\"72\" \/><\/a><\/h2>\r\n<h2><span style=\"color: #99cc00;\">LMC Barrie<\/span><\/h2>\r\n<h2>5 Quarry Ridge Rd\r\nSuite 306\r\nBarrie, ON L4M 7G1<\/h2>\r\n<h2>Phone 1.866.701.3636\r\nFax\u00a01.877.562.2778<\/h2>\r\n\u00a0\r\n\r\n\u00a0\r\n\r\n\u00a0\r\n\r\n\u00a0\r\n\r\n\u00a0\r\n\r\n\u00a0\r\n\r\n\u00a0\r\n\r\n\u00a0\r\n\r\n\u00a0\r\n\r\n\u00a0\r\n\r\n\u00a0\r\n\r\n[\/et_pb_text][\/et_pb_column][\/et_pb_row][\/et_pb_section]","_et_gb_content_width":"","two_page_speed":[],"footnotes":""},"class_list":["post-2290","page","type-page","status-publish","hentry"],"_links":{"self":[{"href":"https:\/\/www.lmc.ca\/fr\/wp-json\/wp\/v2\/pages\/2290","targetHints":{"allow":["GET"]}}],"collection":[{"href":"https:\/\/www.lmc.ca\/fr\/wp-json\/wp\/v2\/pages"}],"about":[{"href":"https:\/\/www.lmc.ca\/fr\/wp-json\/wp\/v2\/types\/page"}],"author":[{"embeddable":true,"href":"https:\/\/www.lmc.ca\/fr\/wp-json\/wp\/v2\/users\/1"}],"replies":[{"embeddable":true,"href":"https:\/\/www.lmc.ca\/fr\/wp-json\/wp\/v2\/comments?post=2290"}],"version-history":[{"count":0,"href":"https:\/\/www.lmc.ca\/fr\/wp-json\/wp\/v2\/pages\/2290\/revisions"}],"up":[{"embeddable":true,"href":"https:\/\/www.lmc.ca\/fr\/wp-json\/wp\/v2\/pages\/1754"}],"wp:attachment":[{"href":"https:\/\/www.lmc.ca\/fr\/wp-json\/wp\/v2\/media?parent=2290"}],"curies":[{"name":"wp","href":"https:\/\/api.w.org\/{rel}","templated":true}]}}