{"id":2236,"date":"2015-11-23T19:46:39","date_gmt":"2015-11-23T19:46:39","guid":{"rendered":"https:\/\/lmcca.wpengine.com\/?page_id=2236"},"modified":"2023-05-26T15:38:00","modified_gmt":"2023-05-26T15:38:00","slug":"lmc-barrie","status":"publish","type":"page","link":"https:\/\/www.lmc.ca\/fr\/locations\/lmc-barrie\/","title":{"rendered":"LMC Barrie"},"content":{"rendered":"<p>[et_pb_section fb_built=&#8221;1&#8243; fullwidth=&#8221;on&#8221; _builder_version=&#8221;3.22&#8243; global_colors_info=&#8221;{}&#8221;][et_pb_fullwidth_header title=&#8221;LMC Barrie&#8221; text_orientation=&#8221;center&#8221; _builder_version=&#8221;3.16&#8243; title_level=&#8221;h2&#8243; title_text_align=&#8221;center&#8221; title_font_size=&#8221;48&#8243; subhead_font=&#8221;|700|||||||&#8221; subhead_font_size=&#8221;48&#8243; background_color=&#8221;rgba(255, 255, 255, 0)&#8221; background_layout=&#8221;light&#8221; border_color_all=&#8221;#96aa3b&#8221; border_width_bottom=&#8221;3&#8243; global_colors_info=&#8221;{}&#8221; button_one_text_size__hover_enabled=&#8221;off&#8221; button_one_text_size__hover=&#8221;null&#8221; button_two_text_size__hover_enabled=&#8221;off&#8221; button_two_text_size__hover=&#8221;null&#8221; button_one_text_color__hover_enabled=&#8221;off&#8221; button_one_text_color__hover=&#8221;null&#8221; button_two_text_color__hover_enabled=&#8221;off&#8221; button_two_text_color__hover=&#8221;null&#8221; button_one_border_width__hover_enabled=&#8221;off&#8221; button_one_border_width__hover=&#8221;null&#8221; button_two_border_width__hover_enabled=&#8221;off&#8221; button_two_border_width__hover=&#8221;null&#8221; button_one_border_color__hover_enabled=&#8221;off&#8221; button_one_border_color__hover=&#8221;null&#8221; button_two_border_color__hover_enabled=&#8221;off&#8221; button_two_border_color__hover=&#8221;null&#8221; button_one_border_radius__hover_enabled=&#8221;off&#8221; button_one_border_radius__hover=&#8221;null&#8221; button_two_border_radius__hover_enabled=&#8221;off&#8221; button_two_border_radius__hover=&#8221;null&#8221; button_one_letter_spacing__hover_enabled=&#8221;off&#8221; button_one_letter_spacing__hover=&#8221;null&#8221; button_two_letter_spacing__hover_enabled=&#8221;off&#8221; button_two_letter_spacing__hover=&#8221;null&#8221; button_one_bg_color__hover_enabled=&#8221;off&#8221; button_one_bg_color__hover=&#8221;null&#8221; button_two_bg_color__hover_enabled=&#8221;off&#8221; button_two_bg_color__hover=&#8221;null&#8221;][\/et_pb_fullwidth_header][\/et_pb_section][et_pb_section fb_built=&#8221;1&#8243; _builder_version=&#8221;3.22&#8243; global_colors_info=&#8221;{}&#8221;][et_pb_row column_structure=&#8221;1_3,1_3,1_3&#8243; _builder_version=&#8221;3.25&#8243; background_size=&#8221;initial&#8221; background_position=&#8221;top_left&#8221; background_repeat=&#8221;repeat&#8221; global_colors_info=&#8221;{}&#8221;][et_pb_column type=&#8221;1_3&#8243; _builder_version=&#8221;3.25&#8243; custom_padding=&#8221;|||&#8221; global_colors_info=&#8221;{}&#8221; custom_padding__hover=&#8221;|||&#8221;][et_pb_text admin_label=&#8221;Team &#038; Services&#8221; _builder_version=&#8221;3.27.4&#8243; background_size=&#8221;initial&#8221; background_position=&#8221;top_left&#8221; background_repeat=&#8221;repeat&#8221; use_border_color=&#8221;off&#8221; global_colors_info=&#8221;{}&#8221;]<\/p>\n<h3 style=\"text-align: center;\"><strong>\u00c9QUIPE ET SERVICES<\/strong><\/h3>\n<p>[\/et_pb_text][et_pb_text admin_label=&#8221;Team &#038; Services&#8221; _builder_version=&#8221;4.14.1&#8243; background_size=&#8221;initial&#8221; background_position=&#8221;top_left&#8221; background_repeat=&#8221;repeat&#8221; z_index_tablet=&#8221;500&#8243; use_border_color=&#8221;off&#8221; global_colors_info=&#8221;{}&#8221;]<\/p>\n<h4 style=\"text-align: center;\"><strong>Endocrinologues<\/strong><br \/><a href=\"https:\/\/www.lmc.ca\/fr\/dr-suzan-abdel-salam\/\">Dr. Suzan Abdel-Salam<\/a><br \/><a href=\"https:\/\/www.lmc.ca\/fr\/dr-hani-alasaad\/\">Dr. Hani Alasaad<\/a><br \/>Dr. Huan Yu<\/h4>\n<h4 style=\"text-align: center;\"><strong>M\u00e9decin assistant<\/strong><br \/>Gul-e-Rana BSc PA, CCPA<\/h4>\n<h4 style=\"text-align: center;\"><strong>Services disponibles<\/strong><br \/>Soins sp\u00e9cialis\u00e9s en diab\u00e8te et en endocrinologie<br \/>\u00c9ducation au diab\u00e8te<br \/>Soins des pieds<br \/>Optom\u00e9trie et soins des yeux<br \/>Pharmacie<br \/>Recherche clinique<\/h4>\n<p>[\/et_pb_text][\/et_pb_column][et_pb_column type=&#8221;1_3&#8243; _builder_version=&#8221;3.25&#8243; custom_padding=&#8221;|||&#8221; global_colors_info=&#8221;{}&#8221; custom_padding__hover=&#8221;|||&#8221;][et_pb_text admin_label=&#8221;Contact Info&#8221; _builder_version=&#8221;3.27.4&#8243; background_size=&#8221;initial&#8221; background_position=&#8221;top_left&#8221; background_repeat=&#8221;repeat&#8221; use_border_color=&#8221;off&#8221; global_colors_info=&#8221;{}&#8221;]<\/p>\n<h3 style=\"text-align: center;\"><strong>CONTACT INFO<\/strong><\/h3>\n<p>[\/et_pb_text][et_pb_text admin_label=&#8221;Contact Info&#8221; _builder_version=&#8221;4.14.1&#8243; background_size=&#8221;initial&#8221; background_position=&#8221;top_left&#8221; background_repeat=&#8221;repeat&#8221; hover_enabled=&#8221;0&#8243; z_index_tablet=&#8221;500&#8243; use_border_color=&#8221;off&#8221; global_colors_info=&#8221;{}&#8221; sticky_enabled=&#8221;0&#8243;]<\/p>\n<h4 style=\"text-align: center;\">370 Bayview Drive, Suite 110<br \/>Barrie, ON L4N 7L3<\/h4>\n<h4 style=\"text-align: center;\">Phone 705-737-0830<br \/>Fax 705-737-0679<br \/><a href=\"mailto:lmcbarrie@lmc.ca\">lmcbarrie@LMC.ca\u00a0<\/a><\/h4>\n<h4 style=\"text-align: center;\">R\u00e9f\u00e9rences uniquement Fax<br \/>1-877-562-2778<\/h4>\n<h4 style=\"text-align: center;\">Optom\u00e9trie T\u00e9l\u00e9phone : <a href=\"tel:(705) 302-4992\">(705) 302-4992<\/a><\/h4>\n<h4 style=\"text-align: center;\">Pharmacy Phone:(705) 999-5890<br \/>Pharmacy Fax:\u00a0(705) 999-5891<\/h4>\n<p>[\/et_pb_text][\/et_pb_column][et_pb_column type=&#8221;1_3&#8243; _builder_version=&#8221;3.25&#8243; custom_padding=&#8221;|||&#8221; global_colors_info=&#8221;{}&#8221; custom_padding__hover=&#8221;|||&#8221;][et_pb_text admin_label=&#8221;Directions&#8221; _builder_version=&#8221;3.27.4&#8243; background_size=&#8221;initial&#8221; background_position=&#8221;top_left&#8221; background_repeat=&#8221;repeat&#8221; use_border_color=&#8221;off&#8221; global_colors_info=&#8221;{}&#8221;]<\/p>\n<h3 style=\"text-align: center;\"><strong>DIRECTIONS<\/strong><\/h3>\n<p>[\/et_pb_text][et_pb_text admin_label=&#8221;Directions&#8221; _builder_version=&#8221;3.27.4&#8243; background_size=&#8221;initial&#8221; background_position=&#8221;top_left&#8221; background_repeat=&#8221;repeat&#8221; use_border_color=&#8221;off&#8221; global_colors_info=&#8221;{}&#8221;]<\/p>\n<h4 style=\"text-align: center;\">We are located south of Big Bay Point Rd &amp; North of Maple View Drive East. We are off of HWY 400. From the north and south, you exit at Maple View Drive.\u00a0Head east on Maple view and make a left on Bayview Drive (main intersection after Costco).<\/h4>\n<h4 style=\"text-align: center;\">There is plenty of free parking around the building.<\/h4>\n<p>[\/et_pb_text][\/et_pb_column][\/et_pb_row][et_pb_row column_structure=&#8221;1_3,1_3,1_3&#8243; _builder_version=&#8221;3.25&#8243; background_size=&#8221;initial&#8221; background_position=&#8221;top_left&#8221; background_repeat=&#8221;repeat&#8221; global_colors_info=&#8221;{}&#8221;][et_pb_column type=&#8221;1_3&#8243; _builder_version=&#8221;3.25&#8243; custom_padding=&#8221;|||&#8221; global_colors_info=&#8221;{}&#8221; custom_padding__hover=&#8221;|||&#8221;][\/et_pb_column][et_pb_column type=&#8221;1_3&#8243; _builder_version=&#8221;3.25&#8243; custom_padding=&#8221;|||&#8221; global_colors_info=&#8221;{}&#8221; custom_padding__hover=&#8221;|||&#8221;][et_pb_button button_url=&#8221;https:\/\/booking.medeohealth.com\/lmc-barrie&#8221; button_text=&#8221;BOOK AN APPOINTMENT&#8221; button_alignment=&#8221;center&#8221; _builder_version=&#8221;3.16&#8243; custom_button=&#8221;on&#8221; button_bg_color=&#8221;#96aa3b&#8221; button_border_width=&#8221;0&#8243; button_border_radius=&#8221;0&#8243; button_font=&#8221;|700|||||||&#8221; button_use_icon=&#8221;off&#8221; background_layout=&#8221;dark&#8221; button_border_radius_hover=&#8221;0&#8243; global_colors_info=&#8221;{}&#8221; button_text_size__hover_enabled=&#8221;off&#8221; button_text_size__hover=&#8221;null&#8221; button_one_text_size__hover_enabled=&#8221;off&#8221; button_one_text_size__hover=&#8221;null&#8221; button_two_text_size__hover_enabled=&#8221;off&#8221; button_two_text_size__hover=&#8221;null&#8221; button_text_color__hover_enabled=&#8221;off&#8221; button_text_color__hover=&#8221;null&#8221; button_one_text_color__hover_enabled=&#8221;off&#8221; button_one_text_color__hover=&#8221;null&#8221; button_two_text_color__hover_enabled=&#8221;off&#8221; button_two_text_color__hover=&#8221;null&#8221; button_border_width__hover_enabled=&#8221;off&#8221; button_border_width__hover=&#8221;null&#8221; button_one_border_width__hover_enabled=&#8221;off&#8221; button_one_border_width__hover=&#8221;null&#8221; button_two_border_width__hover_enabled=&#8221;off&#8221; button_two_border_width__hover=&#8221;null&#8221; button_border_color__hover_enabled=&#8221;off&#8221; button_border_color__hover=&#8221;null&#8221; button_one_border_color__hover_enabled=&#8221;off&#8221; button_one_border_color__hover=&#8221;null&#8221; button_two_border_color__hover_enabled=&#8221;off&#8221; button_two_border_color__hover=&#8221;null&#8221; button_border_radius__hover_enabled=&#8221;on&#8221; button_border_radius__hover=&#8221;0&#8243; button_one_border_radius__hover_enabled=&#8221;off&#8221; button_one_border_radius__hover=&#8221;null&#8221; button_two_border_radius__hover_enabled=&#8221;off&#8221; button_two_border_radius__hover=&#8221;null&#8221; button_letter_spacing__hover_enabled=&#8221;off&#8221; button_letter_spacing__hover=&#8221;null&#8221; button_one_letter_spacing__hover_enabled=&#8221;off&#8221; button_one_letter_spacing__hover=&#8221;null&#8221; button_two_letter_spacing__hover_enabled=&#8221;off&#8221; button_two_letter_spacing__hover=&#8221;null&#8221; button_bg_color__hover_enabled=&#8221;off&#8221; button_bg_color__hover=&#8221;null&#8221; button_one_bg_color__hover_enabled=&#8221;off&#8221; button_one_bg_color__hover=&#8221;null&#8221; button_two_bg_color__hover_enabled=&#8221;off&#8221; button_two_bg_color__hover=&#8221;null&#8221;][\/et_pb_button][\/et_pb_column][et_pb_column type=&#8221;1_3&#8243; _builder_version=&#8221;3.25&#8243; custom_padding=&#8221;|||&#8221; global_colors_info=&#8221;{}&#8221; custom_padding__hover=&#8221;|||&#8221;][\/et_pb_column][\/et_pb_row][\/et_pb_section][et_pb_section fb_built=&#8221;1&#8243; fullwidth=&#8221;on&#8221; _builder_version=&#8221;3.22&#8243; global_colors_info=&#8221;{}&#8221;][et_pb_fullwidth_map address=&#8221;370 Bayview Dr #110, Barrie, ON L4N 0M7, Canada&#8221; zoom_level=&#8221;16&#8243; address_lat=&#8221;44.3480753&#8243; address_lng=&#8221;-79.6802975&#8243; mouse_wheel=&#8221;off&#8221; _builder_version=&#8221;3.0.106&#8243; global_colors_info=&#8221;{}&#8221;][et_pb_map_pin title=&#8221;LMC Barrie&#8221; pin_address=&#8221;370 Bayview Dr #110, Barrie, ON L4N 0M7, Canada&#8221; pin_address_lat=&#8221;44.3480753&#8243; pin_address_lng=&#8221;-79.6802975&#8243; _builder_version=&#8221;3.0.47&#8243; global_colors_info=&#8221;{}&#8221;][\/et_pb_map_pin][\/et_pb_fullwidth_map][\/et_pb_section]<\/p>","protected":false},"excerpt":{"rendered":"<p>TEAM &amp; SERVICES EndocrinologistsDr. Suzan Abdel-SalamDr. Hani AlasaadDr. Huan Yu Physician AssistantGul-e-Rana BSc PA, CCPA Services AvailableDiabetes &amp; Endocrinology Specialist CareDiabetes EducationFootcareOptometry &amp; Eye CarePharmacyClinical ResearchCONTACT INFO 370 Bayview Drive, Suite 110Barrie, ON L4N 7L3 Phone 705-737-0830Fax 705-737-0679lmcbarrie@LMC.ca\u00a0 Referrals Only Fax1-877-562-2778 Optometry Phone: (705) 302-4992 Pharmacy Phone:(705) 999-5890Pharmacy Fax:\u00a0(705) 999-5891DIRECTIONS We are located south of [&hellip;]<\/p>","protected":false},"author":1,"featured_media":0,"parent":1754,"menu_order":0,"comment_status":"closed","ping_status":"closed","template":"","meta":{"_et_pb_use_builder":"on","_et_pb_old_content":"","_et_gb_content_width":"","two_page_speed":[],"footnotes":""},"class_list":["post-2236","page","type-page","status-publish","hentry"],"_links":{"self":[{"href":"https:\/\/www.lmc.ca\/fr\/wp-json\/wp\/v2\/pages\/2236","targetHints":{"allow":["GET"]}}],"collection":[{"href":"https:\/\/www.lmc.ca\/fr\/wp-json\/wp\/v2\/pages"}],"about":[{"href":"https:\/\/www.lmc.ca\/fr\/wp-json\/wp\/v2\/types\/page"}],"author":[{"embeddable":true,"href":"https:\/\/www.lmc.ca\/fr\/wp-json\/wp\/v2\/users\/1"}],"replies":[{"embeddable":true,"href":"https:\/\/www.lmc.ca\/fr\/wp-json\/wp\/v2\/comments?post=2236"}],"version-history":[{"count":0,"href":"https:\/\/www.lmc.ca\/fr\/wp-json\/wp\/v2\/pages\/2236\/revisions"}],"up":[{"embeddable":true,"href":"https:\/\/www.lmc.ca\/fr\/wp-json\/wp\/v2\/pages\/1754"}],"wp:attachment":[{"href":"https:\/\/www.lmc.ca\/fr\/wp-json\/wp\/v2\/media?parent=2236"}],"curies":[{"name":"wp","href":"https:\/\/api.w.org\/{rel}","templated":true}]}}