{"id":2193,"date":"2015-11-20T20:41:32","date_gmt":"2015-11-20T20:41:32","guid":{"rendered":"https:\/\/lmcca.wpengine.com\/?page_id=2193"},"modified":"2023-11-20T18:38:32","modified_gmt":"2023-11-20T18:38:32","slug":"free-diabetes-education-classes","status":"publish","type":"page","link":"https:\/\/www.lmc.ca\/fr\/free-diabetes-education-classes\/","title":{"rendered":"Free Workshops"},"content":{"rendered":"<p>[et_pb_section fb_built=&#8221;1&#8243; fullwidth=&#8221;on&#8221; _builder_version=&#8221;4.16&#8243; background_enable_color=&#8221;off&#8221; global_colors_info=&#8221;{}&#8221;][et_pb_fullwidth_slider show_arrows=&#8221;off&#8221; _builder_version=&#8221;4.16&#8243; background_position=&#8221;top_left&#8221; custom_padding=&#8221;|||&#8221; global_colors_info=&#8221;{}&#8221; button_text_size__hover_enabled=&#8221;off&#8221; button_one_text_size__hover_enabled=&#8221;off&#8221; button_two_text_size__hover_enabled=&#8221;off&#8221; button_text_color__hover_enabled=&#8221;off&#8221; button_one_text_color__hover_enabled=&#8221;off&#8221; button_two_text_color__hover_enabled=&#8221;off&#8221; button_border_width__hover_enabled=&#8221;off&#8221; button_one_border_width__hover_enabled=&#8221;off&#8221; button_two_border_width__hover_enabled=&#8221;off&#8221; button_border_color__hover_enabled=&#8221;off&#8221; button_one_border_color__hover_enabled=&#8221;off&#8221; button_two_border_color__hover_enabled=&#8221;off&#8221; button_border_radius__hover_enabled=&#8221;off&#8221; button_one_border_radius__hover_enabled=&#8221;off&#8221; button_two_border_radius__hover_enabled=&#8221;off&#8221; button_letter_spacing__hover_enabled=&#8221;off&#8221; button_one_letter_spacing__hover_enabled=&#8221;off&#8221; button_two_letter_spacing__hover_enabled=&#8221;off&#8221; button_bg_color__hover_enabled=&#8221;off&#8221; button_one_bg_color__hover_enabled=&#8221;off&#8221; button_two_bg_color__hover_enabled=&#8221;off&#8221;][et_pb_slide heading=&#8221;Sign Up For a Free Group Education Workshop at LMC&#8221; use_bg_overlay=&#8221;off&#8221; use_text_overlay=&#8221;off&#8221; _builder_version=&#8221;4.16&#8243; header_font=&#8221;||||&#8221; body_font=&#8221;||||&#8221; background_enable_color=&#8221;off&#8221; background_image=&#8221;https:\/\/www.lmc.ca\/wp-content\/uploads\/2018\/07\/shutterstock_642255733-copy.jpg&#8221; background_enable_image=&#8221;on&#8221; background_position=&#8221;top_left&#8221; button_on_hover=&#8221;on&#8221; custom_css_main_element=&#8221;z-index: 1;||position: relative;&#8221; global_colors_info=&#8221;{}&#8221; button_text_size__hover_enabled=&#8221;off&#8221; button_one_text_size__hover_enabled=&#8221;off&#8221; button_two_text_size__hover_enabled=&#8221;off&#8221; button_text_color__hover_enabled=&#8221;off&#8221; button_one_text_color__hover_enabled=&#8221;off&#8221; button_two_text_color__hover_enabled=&#8221;off&#8221; button_border_width__hover_enabled=&#8221;off&#8221; button_one_border_width__hover_enabled=&#8221;off&#8221; button_two_border_width__hover_enabled=&#8221;off&#8221; button_border_color__hover_enabled=&#8221;off&#8221; button_one_border_color__hover_enabled=&#8221;off&#8221; button_two_border_color__hover_enabled=&#8221;off&#8221; button_border_radius__hover_enabled=&#8221;off&#8221; button_one_border_radius__hover_enabled=&#8221;off&#8221; button_two_border_radius__hover_enabled=&#8221;off&#8221; button_letter_spacing__hover_enabled=&#8221;off&#8221; button_one_letter_spacing__hover_enabled=&#8221;off&#8221; button_two_letter_spacing__hover_enabled=&#8221;off&#8221; button_bg_color__hover_enabled=&#8221;off&#8221; button_one_bg_color__hover_enabled=&#8221;off&#8221; button_two_bg_color__hover_enabled=&#8221;off&#8221; sticky_transition=&#8221;on&#8221;][\/et_pb_slide][\/et_pb_fullwidth_slider][\/et_pb_section][et_pb_section fb_built=&#8221;1&#8243; _builder_version=&#8221;4.16&#8243; background_color=&#8221;#ededed&#8221; padding_mobile=&#8221;on&#8221; global_colors_info=&#8221;{}&#8221;][et_pb_row _builder_version=&#8221;4.16&#8243; background_size=&#8221;initial&#8221; background_position=&#8221;top_left&#8221; background_repeat=&#8221;repeat&#8221; global_colors_info=&#8221;{}&#8221;][et_pb_column type=&#8221;4_4&#8243; _builder_version=&#8221;4.16&#8243; custom_padding=&#8221;|||&#8221; global_colors_info=&#8221;{}&#8221; custom_padding__hover=&#8221;|||&#8221;][et_pb_text _builder_version=&#8221;4.16&#8243; background_size=&#8221;initial&#8221; background_position=&#8221;top_left&#8221; background_repeat=&#8221;repeat&#8221; use_border_color=&#8221;off&#8221; global_colors_info=&#8221;{}&#8221;]<\/p>\n<h1 style=\"text-align: center;\"><strong>Laissez l'un de nos \u00e9ducateurs en diab\u00e8te vous aider \u00e0 g\u00e9rer votre diab\u00e8te.<\/strong><\/h1>\n<p>[\/et_pb_text][\/et_pb_column][\/et_pb_row][et_pb_row column_structure=&#8221;1_2,1_2&#8243; _builder_version=&#8221;4.16&#8243; global_colors_info=&#8221;{}&#8221;][et_pb_column type=&#8221;1_2&#8243; _builder_version=&#8221;4.16&#8243; custom_padding=&#8221;|||&#8221; global_colors_info=&#8221;{}&#8221; custom_padding__hover=&#8221;|||&#8221;][et_pb_text admin_label=&#8221;Virtual Group Education Workshops&#8221; _builder_version=&#8221;4.23.1&#8243; background_size=&#8221;initial&#8221; background_position=&#8221;top_left&#8221; background_repeat=&#8221;repeat&#8221; custom_margin=&#8221;||24px|||&#8221; use_border_color=&#8221;off&#8221; global_colors_info=&#8221;{}&#8221;]<\/p>\n<h2><strong>Ateliers virtuels d'\u00e9ducation de groupe<\/strong><\/h2>\n<h4>Vous souhaitez participer \u00e0 l'un de nos ateliers d'apprentissage en groupe ? Nos ateliers d'apprentissage en groupe sur le diab\u00e8te sont propos\u00e9s en ligne ! Cliquez sur le lien ci-dessous pour conna\u00eetre les horaires disponibles et vous inscrire.<\/h4>\n<h4>Veuillez noter que ces sessions de formation sont destin\u00e9es uniquement aux r\u00e9sidents de l'Ontario et du Qu\u00e9bec.<\/h4>\n<h4>*** Des ateliers d'\u00e9ducation de groupe s\u00e9lectionn\u00e9s sont disponibles dans d'autres langues.<\/h4>\n<p>[\/et_pb_text][et_pb_button button_url=&#8221;https:\/\/app.acuityscheduling.com\/schedule.php?owner=15031958&#8243; url_new_window=&#8221;on&#8221; button_text=&#8221;Sign up for a free Online Workshop                                                     &#8221; button_alignment=&#8221;left&#8221; admin_label=&#8221;Sign up for an Online Session&#8221; _builder_version=&#8221;4.23.1&#8243; custom_button=&#8221;on&#8221; button_text_size=&#8221;20px&#8221; button_bg_color=&#8221;#97a822&#8243; button_border_width=&#8221;0&#8243; button_border_radius=&#8221;5px&#8221; background_layout=&#8221;dark&#8221; custom_padding=&#8221;||50px|||&#8221; saved_tabs=&#8221;all&#8221; global_colors_info=&#8221;{}&#8221; button_text_size__hover_enabled=&#8221;off&#8221; button_one_text_size__hover_enabled=&#8221;off&#8221; button_two_text_size__hover_enabled=&#8221;off&#8221; button_text_color__hover_enabled=&#8221;off&#8221; button_one_text_color__hover_enabled=&#8221;off&#8221; button_two_text_color__hover_enabled=&#8221;off&#8221; button_border_width__hover_enabled=&#8221;off&#8221; button_one_border_width__hover_enabled=&#8221;off&#8221; button_two_border_width__hover_enabled=&#8221;off&#8221; button_border_color__hover_enabled=&#8221;off&#8221; button_one_border_color__hover_enabled=&#8221;off&#8221; button_two_border_color__hover_enabled=&#8221;off&#8221; button_border_radius__hover_enabled=&#8221;off&#8221; button_one_border_radius__hover_enabled=&#8221;off&#8221; button_two_border_radius__hover_enabled=&#8221;off&#8221; button_letter_spacing__hover_enabled=&#8221;off&#8221; button_one_letter_spacing__hover_enabled=&#8221;off&#8221; button_two_letter_spacing__hover_enabled=&#8221;off&#8221; button_bg_color__hover_enabled=&#8221;off&#8221; button_one_bg_color__hover_enabled=&#8221;off&#8221; button_two_bg_color__hover_enabled=&#8221;off&#8221;][\/et_pb_button][\/et_pb_column][et_pb_column type=&#8221;1_2&#8243; _builder_version=&#8221;4.16&#8243; custom_padding=&#8221;|||&#8221; global_colors_info=&#8221;{}&#8221; custom_padding__hover=&#8221;|||&#8221;][et_pb_text admin_label=&#8221;Small Group Education Workshops&#8221; _builder_version=&#8221;4.23.1&#8243; text_font_size=&#8221;15&#8243; text_line_height=&#8221;2em&#8221; background_size=&#8221;initial&#8221; background_position=&#8221;top_left&#8221; background_repeat=&#8221;repeat&#8221; min_height=&#8221;456px&#8221; custom_margin=&#8221;||66px|||&#8221; custom_padding=&#8221;||13px|||&#8221; global_colors_info=&#8221;{}&#8221;]<\/p>\n<h2><strong>Ateliers \u00e9ducatifs en petits groupes<\/strong><\/h2>\n<h4>Demandez \u00e0 votre prestataire de soins de sant\u00e9 LMC ou consultez les th\u00e8mes de nos ateliers de groupe ci-dessous pour vous aider \u00e0 choisir les ateliers de formation de groupe qui vous conviennent.<\/h4>\n<h4><strong>Remarque : pour l'instant, nos offres en personne sont limit\u00e9es. Veuillez vous renseigner aupr\u00e8s de votre bureau LMC pour conna\u00eetre les offres en personne.<\/strong><\/h4>\n<p>[\/et_pb_text][\/et_pb_column][\/et_pb_row][\/et_pb_section][et_pb_section fb_built=&#8221;1&#8243; inner_shadow=&#8221;on&#8221; admin_label=&#8221;section&#8221; _builder_version=&#8221;4.16&#8243; background_color=&#8221;#f7f7f7&#8243; global_colors_info=&#8221;{}&#8221;][et_pb_row admin_label=&#8221;row&#8221; _builder_version=&#8221;4.16&#8243; background_size=&#8221;initial&#8221; background_position=&#8221;top_left&#8221; background_repeat=&#8221;repeat&#8221; global_colors_info=&#8221;{}&#8221;][et_pb_column type=&#8221;4_4&#8243; _builder_version=&#8221;4.16&#8243; custom_padding=&#8221;|||&#8221; global_colors_info=&#8221;{}&#8221; custom_padding__hover=&#8221;|||&#8221;][et_pb_text admin_label=&#8221;Workshops Offered&#8221; _builder_version=&#8221;4.16&#8243; background_size=&#8221;initial&#8221; background_position=&#8221;top_left&#8221; background_repeat=&#8221;repeat&#8221; global_colors_info=&#8221;{}&#8221;]<\/p>\n<h1 style=\"text-align: center;\"><strong>Ateliers propos\u00e9s<\/strong><\/h1>\n<p>[\/et_pb_text][et_pb_accordion _builder_version=&#8221;4.23.1&#8243; toggle_text_color=&#8221;#a0af28&#8243; toggle_level=&#8221;h3&#8243; toggle_font=&#8221;|on|||&#8221; use_border_color=&#8221;off&#8221; global_colors_info=&#8221;{}&#8221;][et_pb_accordion_item title=&#8221;Living With Diabetes \u2013 (Recommended for all living with Type 2 Diabetes)&#8221; open=&#8221;on&#8221; _builder_version=&#8221;4.23.1&#8243; custom_padding_tablet=&#8221;4px||2px|&#8221; custom_padding_phone=&#8221;4px||2px|&#8221; global_colors_info=&#8221;{}&#8221;]<\/p>\n<h4><strong>Th\u00e8mes abord\u00e9s :<\/strong><\/h4>\n<ul>\n<li>\n<h4>Qu'est-ce que le diab\u00e8te ? (Physiologie)<\/h4>\n<\/li>\n<li>\n<h4>Mythes courants sur le diab\u00e8te<\/h4>\n<\/li>\n<li>\n<h4>Pr\u00e9venir les complications du diab\u00e8te<\/h4>\n<\/li>\n<li>\n<h4>Comprendre les m\u00e9dicaments et les r\u00e9sultats de laboratoire<\/h4>\n<\/li>\n<li>\n<h4>Contr\u00f4le SMART de la glyc\u00e9mie<\/h4>\n<\/li>\n<\/ul>\n<h4>\u00a0<\/h4>\n<h4><strong>Documents \u00e0 distribuer :<\/strong><\/h4>\n<ul>\n<li>\n<h4><a href=\"https:\/\/lmc.ca\/wp-content\/uploads\/2018\/07\/Foot-Care-Action-Steps-for-People-Living-with-Diabetes.pdf\">Soins des pieds - Mesures \u00e0 prendre par les personnes vivant avec le diab\u00e8te<\/a><\/h4>\n<\/li>\n<li>\n<h4><a style=\"font-size: 18px;\" href=\"https:\/\/lmc.ca\/wp-content\/uploads\/2018\/07\/LMC-Diabetes-Survival-Guide-Mar-2018.pdf\">Guide de survie au diab\u00e8te du LMC<\/a><\/h4>\n<\/li>\n<li>\n<h4><a style=\"font-size: 18px;\" href=\"https:\/\/lmc.ca\/wp-content\/uploads\/2018\/07\/LMC-Driving-Guide-June-2017.pdf\">Guide de conduite LMC<\/a><\/h4>\n<\/li>\n<li>\n<h4><a style=\"font-size: 18px;\" href=\"https:\/\/lmc.ca\/wp-content\/uploads\/2018\/07\/LMC-guide-to-diabetes-medications-Nov-2017.pdf\">Guide LMC des m\u00e9dicaments contre le diab\u00e8te <\/a><\/h4>\n<\/li>\n<li>\n<h4><a style=\"font-size: 18px;\" href=\"https:\/\/lmc.ca\/wp-content\/uploads\/2018\/07\/LMC-Guide-to-Staying-on-Track.pdf\">Guide LMC pour rester sur la bonne voie<\/a><\/h4>\n<\/li>\n<li>\n<h4><a style=\"font-size: 18px;\" href=\"https:\/\/lmc.ca\/wp-content\/uploads\/2018\/07\/LMC-hypoglycemia-guide.pdf\">Guide de l'hypoglyc\u00e9mie LMC<\/a><\/h4>\n<\/li>\n<li>\n<h4><a style=\"font-size: 18px;\" href=\"https:\/\/lmc.ca\/wp-content\/uploads\/2018\/07\/LMC-tips-to-get-you-started-Nov-2017.pdf\">Conseils du LMC pour vous aider \u00e0 d\u00e9marrer <\/a><\/h4>\n<\/li>\n<li>\n<h4><a style=\"font-size: 18px;\" href=\"https:\/\/lmc.ca\/wp-content\/uploads\/2018\/07\/SMART-Goal-worksheet.pdf\">Feuille de travail sur les objectifs SMART<\/a><\/h4>\n<\/li>\n<\/ul>\n<p>[\/et_pb_accordion_item][et_pb_accordion_item title=&#8221;Nutrition and Lifestyle (Recommended for all living with Type 2 Diabetes) &#8221; _builder_version=&#8221;4.23.1&#8243; custom_padding=&#8221;4px||2px|&#8221; custom_padding_tablet=&#8221;4px||2px|&#8221; custom_padding_phone=&#8221;4px||2px|&#8221; global_colors_info=&#8221;{}&#8221; open=&#8221;off&#8221;]<\/p>\n<h4><em>Con\u00e7u pour :<\/em>\u00a0Toute personne atteinte de diab\u00e8te de type 2 ou de pr\u00e9diab\u00e8te<\/h4>\n<h4><strong>Th\u00e8mes abord\u00e9s :<\/strong><\/h4>\n<ul>\n<li>\n<h4>Comprendre l'effet des diff\u00e9rents aliments sur la glyc\u00e9mie<\/h4>\n<\/li>\n<li>\n<h4>Planifier des repas et des collations \u00e9quilibr\u00e9s<\/h4>\n<\/li>\n<li>\n<h4>Indice glyc\u00e9mique<\/h4>\n<\/li>\n<li>\n<h4>Produits de sant\u00e9 naturels\/\u00e9dulcorants artificiels<\/h4>\n<\/li>\n<li>\n<h4>Activit\u00e9 physique<\/h4>\n<\/li>\n<li>\n<h4>Contr\u00f4le SMART de la glyc\u00e9mie<\/h4>\n<\/li>\n<\/ul>\n<h4><strong>\u00a0<\/strong><\/h4>\n<h4><strong>Documents \u00e0 distribuer :<\/strong><\/h4>\n<ul>\n<li>\n<h4><a href=\"https:\/\/lmc.ca\/wp-content\/uploads\/2018\/07\/LMC-Exercise-Guide-2017.pdf\">Guide d'exercice LMC<\/a><\/h4>\n<\/li>\n<li>\n<h4><a href=\"https:\/\/lmc.ca\/wp-content\/uploads\/2018\/07\/LMC-Guide-to-Eating-out.pdf\">Guide du LMC sur les sorties au restaurant<\/a><\/h4>\n<\/li>\n<li>\n<h4><a href=\"https:\/\/lmc.ca\/wp-content\/uploads\/2018\/07\/LMC-Guide-to-Glycemic-Index-2017.pdf\">Guide LMC de l'index glyc\u00e9mique<\/a><\/h4>\n<\/li>\n<li>\n<h4><a href=\"https:\/\/lmc.ca\/wp-content\/uploads\/2018\/07\/LMC-Guide-to-Sugars-Sweeteners.pdf\">Guide LMC des sucres et \u00e9dulcorants<\/a><\/h4>\n<\/li>\n<li>\n<h4><a href=\"https:\/\/lmc.ca\/wp-content\/uploads\/2018\/07\/LMC-Guide-to-Vegetarian-Protein-Sources.pdf\">Guide LMC des sources de prot\u00e9ines v\u00e9g\u00e9tariennes<\/a><\/h4>\n<\/li>\n<li>\n<h4><a href=\"https:\/\/lmc.ca\/wp-content\/uploads\/2018\/07\/LMC-Meal-Planning-Ideas.pdf\">Planification des repas et id\u00e9es LMC<\/a><\/h4>\n<\/li>\n<li>\n<h4><a href=\"https:\/\/lmc.ca\/wp-content\/uploads\/2018\/07\/LMC-Smart-Snacking-Guide.pdf\">Guide LMC des collations intelligentes<\/a><\/h4>\n<\/li>\n<li>\n<h4><a href=\"https:\/\/lmc.ca\/wp-content\/uploads\/2018\/07\/Resistance-Band-Exercise-Guide.pdf\">Guide d'exercices pour les bandes de r\u00e9sistance<\/a><\/h4>\n<\/li>\n<li>\n<h4><a href=\"https:\/\/lmc.ca\/wp-content\/uploads\/2018\/07\/Resistance-Exercise-Guide.pdf\">Guide des exercices de r\u00e9sistance<\/a><\/h4>\n<\/li>\n<\/ul>\n<p>[\/et_pb_accordion_item][et_pb_accordion_item title=&#8221;Carbohydrate Counting Workshop (Recommended for all)&#8221; _builder_version=&#8221;4.23.1&#8243; custom_padding=&#8221;4px||2px|&#8221; custom_padding_tablet=&#8221;4px||2px|&#8221; custom_padding_phone=&#8221;4px||2px|&#8221; global_colors_info=&#8221;{}&#8221; open=&#8221;off&#8221;]<\/p>\n<h4><strong>Th\u00e8mes abord\u00e9s :\u00a0<\/strong><\/h4>\n<ul>\n<li>\n<h4>Effet de l'alimentation sur la glyc\u00e9mie<\/h4>\n<\/li>\n<li>\n<h4>Apports en glucides recommand\u00e9s<\/h4>\n<\/li>\n<li>\n<h4>Lire et comprendre les \u00e9tiquettes des produits alimentaires<\/h4>\n<\/li>\n<li>\n<h4>Conseils pour le comptage des glucides<\/h4>\n<\/li>\n<li>\n<h4>Trucs et moyens de mesure<\/h4>\n<\/li>\n<li>\n<h4>Compter les glucides au restaurant<\/h4>\n<\/li>\n<li>\n<h4>Minimiser les fluctuations de la glyc\u00e9mie<\/h4>\n<\/li>\n<\/ul>\n<h4><strong>\u00a0<\/strong><\/h4>\n<h4><strong>Documents \u00e0 distribuer :<\/strong><\/h4>\n<ul>\n<li>\n<h4><a href=\"https:\/\/lmc.ca\/wp-content\/uploads\/2018\/07\/Carb-Counting-Food-List.pdf\">Liste des aliments \u00e0 teneur en glucides<\/a><\/h4>\n<\/li>\n<li>\n<h4><a href=\"https:\/\/lmc.ca\/wp-content\/uploads\/2018\/07\/Carb-Counting-Resources.pdf\">Ressources sur le comptage des glucides<\/a><\/h4>\n<\/li>\n<li>\n<h4><a href=\"https:\/\/lmc.ca\/wp-content\/uploads\/2018\/07\/LMC-Guide-to-Carb-Counting.pdf\">Guide LMC du comptage des glucides<\/a><\/h4>\n<\/li>\n<li>\n<h4><a href=\"https:\/\/lmc.ca\/wp-content\/uploads\/2018\/07\/LMC-Label-Reading.pdf\">LMC Lecture d'\u00e9tiquettes<\/a><\/h4>\n<\/li>\n<li>\n<h4><a href=\"https:\/\/lmc.ca\/wp-content\/uploads\/2018\/07\/LMC-Meal-Planning-Ideas-1.pdf\">Planification des repas et id\u00e9es LMC<\/a><\/h4>\n<\/li>\n<\/ul>\n<p>[\/et_pb_accordion_item][et_pb_accordion_item title=&#8221;Advanced Skills &#8221; _builder_version=&#8221;4.23.1&#8243; custom_padding=&#8221;4px||2px|&#8221; custom_padding_tablet=&#8221;4px||2px|&#8221; custom_padding_phone=&#8221;4px||2px|&#8221; global_colors_info=&#8221;{}&#8221; open=&#8221;off&#8221;]<\/p>\n<h4><strong>(Recommand\u00e9 pour les utilisateurs d'insuline qui prennent \u00e0 la fois de l'insuline basale et de l'insuline bolus)<\/strong><\/h4>\n<h4><strong>Th\u00e8mes abord\u00e9s :<\/strong><\/h4>\n<ul>\n<li>\n<h4>Revoir l'ajustement de l'insuline en fonction de l'alimentation et de l'hyperglyc\u00e9mie.<\/h4>\n<\/li>\n<li>\n<h4>Les diff\u00e9rents types d'insuline et leurs actions<\/h4>\n<\/li>\n<li>\n<h4>Objectifs glyc\u00e9miques et contr\u00f4le SMART de la glyc\u00e9mie<\/h4>\n<\/li>\n<li>\n<h4>Facteurs influen\u00e7ant la glyc\u00e9mie<\/h4>\n<\/li>\n<li>\n<h4>Identifier les sch\u00e9mas de glyc\u00e9mie afin d'effectuer des ajustements d'insuline en toute s\u00e9curit\u00e9<\/h4>\n<\/li>\n<li>\n<h4>Ajustement de l'insuline en fonction de l'alimentation et de l'exercice physique<\/h4>\n<\/li>\n<\/ul>\n<h4><strong>\u00a0<\/strong><\/h4>\n<h4><strong>Documents \u00e0 distribuer :<\/strong><\/h4>\n<ul>\n<li>\n<h4><a href=\"https:\/\/lmc.ca\/wp-content\/uploads\/2018\/07\/Advanced-Carb-Counting-Homework.pdf\">Devoir avanc\u00e9 sur le comptage des glucides<\/a><\/h4>\n<\/li>\n<li>\n<h4><a href=\"https:\/\/lmc.ca\/wp-content\/uploads\/2018\/07\/Carb-Counting-Guide.pdf\">Guide de calcul des glucides<\/a><\/h4>\n<\/li>\n<li>\n<h4><a href=\"https:\/\/lmc.ca\/wp-content\/uploads\/2018\/07\/Carb-Counting-Resources-1.pdf\">Ressources sur le comptage des glucides<\/a><\/h4>\n<\/li>\n<li>\n<h4><a href=\"https:\/\/lmc.ca\/wp-content\/uploads\/2018\/07\/LMC-Guide-to-ICRs-MDI-patients.pdf\">Guide LMC sur les RIC (patients MDI)<\/a><\/h4>\n<\/li>\n<li>\n<h4><a href=\"https:\/\/lmc.ca\/wp-content\/uploads\/2018\/07\/LMC-Guide-to-ISFs-MDI-patients.pdf\">Guide LMC des ISF (patients MDI)<\/a><\/h4>\n<\/li>\n<li>\n<h4><a href=\"https:\/\/lmc.ca\/wp-content\/uploads\/2018\/07\/LMC-insulin-start-guide.pdf\">Guide de d\u00e9marrage de l'insuline LMC<\/a><\/h4>\n<\/li>\n<li>\n<h4><a href=\"https:\/\/lmc.ca\/wp-content\/uploads\/2018\/07\/LMC-Mealtime-Insulin-Calculations.pdf\">Calculs de l'insuline \u00e0 l'heure des repas par le LMC<\/a><\/h4>\n<\/li>\n<\/ul>\n<p>[\/et_pb_accordion_item][et_pb_accordion_item title=&#8221;Six Steps to a Healthy Heart (Recommended for all)&#8221; _builder_version=&#8221;4.23.1&#8243; _module_preset=&#8221;default&#8221; global_colors_info=&#8221;{}&#8221; open=&#8221;off&#8221;]<\/p>\n<h4><strong>Th\u00e8mes abord\u00e9s :<\/strong><\/h4>\n<ul>\n<li>\n<h4>Comprendre les maladies cardiaques<\/h4>\n<\/li>\n<li>\n<h4>V\u00e9rifier le taux de cholest\u00e9rol, la tension art\u00e9rielle et les niveaux recommand\u00e9s<\/h4>\n<\/li>\n<li>\n<h4>Facteurs influen\u00e7ant la tension art\u00e9rielle et le profil lipidique<\/h4>\n<\/li>\n<li>\n<h4>M\u00e9dicaments pour la protection du c\u0153ur<\/h4>\n<\/li>\n<li>\n<h4>6 moyens pratiques pour am\u00e9liorer la sant\u00e9 cardiaque<\/h4>\n<\/li>\n<\/ul>\n<p>[\/et_pb_accordion_item][et_pb_accordion_item title=&#8221;Weight Management Program&#8221; _builder_version=&#8221;4.23.1&#8243; _module_preset=&#8221;default&#8221; global_colors_info=&#8221;{}&#8221; open=&#8221;off&#8221;]<\/p>\n<h4><strong>S\u00e9rie de 6 semaines (Recommand\u00e9e pour les personnes qui souhaitent atteindre et\/ou maintenir un poids sain)\u00a0<\/strong><\/h4>\n<h4><strong>Th\u00e8mes abord\u00e9s :<\/strong><\/h4>\n<ul>\n<li>\n<h4>Mode de vie sain ou mentalit\u00e9 di\u00e9t\u00e9tique<\/h4>\n<\/li>\n<li>\n<h4>S'attaquer \u00e0 l'alimentation \u00e9motionnelle<\/h4>\n<\/li>\n<li>\n<h4>La pleine conscience<\/h4>\n<\/li>\n<li>\n<h4>Fixer des objectifs et prendre des habitudes saines<\/h4>\n<\/li>\n<\/ul>\n<p>[\/et_pb_accordion_item][\/et_pb_accordion][\/et_pb_column][\/et_pb_row][\/et_pb_section]<\/p>","protected":false},"excerpt":{"rendered":"<p>Let one of our Diabetes Educators support you with your diabetes managementVirtual Group Education Workshops Interested in taking one of our Group Learning Workshops,\u00a0our Diabetes Group Learning Workshops are offered online! Click on the link below to check out available times and sign up. Please note these education sessions are intended for residents of Ontario [&hellip;]<\/p>","protected":false},"author":1,"featured_media":0,"parent":0,"menu_order":0,"comment_status":"closed","ping_status":"closed","template":"","meta":{"_et_pb_use_builder":"on","_et_pb_old_content":"","_et_gb_content_width":"","two_page_speed":[],"footnotes":""},"class_list":["post-2193","page","type-page","status-publish","hentry"],"_links":{"self":[{"href":"https:\/\/www.lmc.ca\/fr\/wp-json\/wp\/v2\/pages\/2193","targetHints":{"allow":["GET"]}}],"collection":[{"href":"https:\/\/www.lmc.ca\/fr\/wp-json\/wp\/v2\/pages"}],"about":[{"href":"https:\/\/www.lmc.ca\/fr\/wp-json\/wp\/v2\/types\/page"}],"author":[{"embeddable":true,"href":"https:\/\/www.lmc.ca\/fr\/wp-json\/wp\/v2\/users\/1"}],"replies":[{"embeddable":true,"href":"https:\/\/www.lmc.ca\/fr\/wp-json\/wp\/v2\/comments?post=2193"}],"version-history":[{"count":0,"href":"https:\/\/www.lmc.ca\/fr\/wp-json\/wp\/v2\/pages\/2193\/revisions"}],"wp:attachment":[{"href":"https:\/\/www.lmc.ca\/fr\/wp-json\/wp\/v2\/media?parent=2193"}],"curies":[{"name":"wp","href":"https:\/\/api.w.org\/{rel}","templated":true}]}}