{"id":64550,"date":"2020-06-15T22:19:55","date_gmt":"2020-06-15T22:19:55","guid":{"rendered":"https:\/\/lmcca.wpengine.com\/?page_id=64550"},"modified":"2021-02-13T15:40:04","modified_gmt":"2021-02-13T15:40:04","slug":"villes","status":"publish","type":"page","link":"https:\/\/www.lmc.ca\/el\/prevention-diabete\/villes\/","title":{"rendered":"\u03a7\u03c9\u03c1\u03b9\u03ac"},"content":{"rendered":"<p>[et_pb_section fb_built=&#8221;1&#8243; fullwidth=&#8221;on&#8221; module_id=&#8221;ddp-menu&#8221; _builder_version=&#8221;3.22&#8243; custom_css_main_element=&#8221;z-index: 10;&#8221; global_module=&#8221;64873&#8243; saved_tabs=&#8221;all&#8221; collapsed=&#8221;on&#8221;][et_pb_fullwidth_menu menu_id=&#8221;280&#8243; submenu_direction=&#8221;downwards&#8221; fullwidth_menu=&#8221;off&#8221; active_link_color=&#8221;#97a822&#8243; dropdown_menu_text_color=&#8221;#000000&#8243; mobile_menu_text_color=&#8221;#000000&#8243; _builder_version=&#8221;4.4.8&#8243; menu_text_color=&#8221;#000000&#8243; text_orientation=&#8221;center&#8221; custom_padding=&#8221;12px||12px|&#8221; z_index_tablet=&#8221;500&#8243; custom_css_menu_link=&#8221;text-transform: uppercase;&#8221; box_shadow_style=&#8221;preset3&#8243; box_shadow_vertical=&#8221;5px&#8221; box_shadow_blur=&#8221;20px&#8221; box_shadow_spread=&#8221;0px&#8221; box_shadow_color=&#8221;rgba(212,212,212,0.5)&#8221;][\/et_pb_fullwidth_menu][\/et_pb_section][et_pb_section fb_built=&#8221;1&#8243; _builder_version=&#8221;3.22&#8243; collapsed=&#8221;on&#8221;][et_pb_row _builder_version=&#8221;3.25&#8243; background_size=&#8221;initial&#8221; background_position=&#8221;top_left&#8221; background_repeat=&#8221;repeat&#8221; collapsed=&#8221;on&#8221;][et_pb_column type=&#8221;4_4&#8243; _builder_version=&#8221;3.25&#8243; custom_padding=&#8221;|||&#8221; custom_padding__hover=&#8221;|||&#8221;][et_pb_text admin_label=&#8221;Locations&#8221; _builder_version=&#8221;4.4.9&#8243;]<\/p>\n<h1 style=\"text-align: center;\"><strong>\u03a7\u03c9\u03c1\u03b9\u03ac<\/strong><\/h1>\n<h3 class=\"p1\" style=\"text-align: center;\">Le programme est actuellement offert aux patients des grandes villes du Sud de l\u2019Ontario, du Manitoba, de l\u2019Alberta et de la Colombie-Britannique. Il sera bient\u00f4t offert dans d\u2019autres r\u00e9gions du pays. Voici la liste compl\u00e8te des villes o\u00f9 le programme est offert\u00a0:<\/h3>\n<h3>\u00a0<strong>Qu\u00e9bec<\/strong><\/h3>\n<ul class=\"ul1\">\n<li class=\"li1\">\n<h3>Grand Montr\u00e9al<\/h3>\n<\/li>\n<li class=\"li1\">\n<h3>Ville de Qu\u00e9bec<\/h3>\n<\/li>\n<li class=\"li1\">\n<h3>Gatineau<\/h3>\n<\/li>\n<\/ul>\n<h3><strong>\u039f\u03bd\u03c4\u03ac\u03c1\u03b9\u03bf<\/strong><\/h3>\n<ul class=\"ul1\">\n<li class=\"li1\">\n<h3>Grand Ottawa<\/h3>\n<\/li>\n<li class=\"li1\">\n<h3>Grand Toronto et Golden Horseshoe<\/h3>\n<\/li>\n<li class=\"li1\">\n<h3>Peterborough, Port Hope<\/h3>\n<\/li>\n<li class=\"li1\">\n<h3>Chatham-Kent, Goderich, London, Newbury, Strathroy<\/h3>\n<\/li>\n<\/ul>\n<h3><strong>Windsor<\/strong><\/h3>\n<ul class=\"ul1\">\n<li class=\"li1\">\n<h3>Barrie, Keswick Barrie, Keswick<\/h3>\n<\/li>\n<li class=\"li1\">\n<h3>Bracebridge, Huntsville, Midland, Parry Sound<\/h3>\n<\/li>\n<li class=\"li1\">\n<h3>Barry\u2019s Bay, Elliot Lake, North Bay<\/h3>\n<\/li>\n<\/ul>\n<p>&nbsp;<\/p>\n<h3><strong>\u039c\u03b1\u03bd\u03b9\u03c4\u03cc\u03bc\u03c0\u03b1<\/strong><\/h3>\n<ul>\n<li>\n<h3>\u0393\u03bf\u03c5\u03af\u03bd\u03b9\u03c0\u03b5\u03b3\u03ba\u00a0<\/h3>\n<\/li>\n<\/ul>\n<h3><strong>\u0391\u03bb\u03bc\u03c0\u03ad\u03c1\u03c4\u03b1<\/strong><\/h3>\n<ul class=\"ul1\">\n<li class=\"li1\">\n<h3>\u039a\u03ac\u03bb\u03b3\u03ba\u03b1\u03c1\u03b9<\/h3>\n<\/li>\n<li class=\"li1\">\n<h3>\u0388\u03bd\u03c4\u03bc\u03bf\u03bd\u03c4\u03bf\u03bd<\/h3>\n<\/li>\n<\/ul>\n<h3 style=\"text-align: left;\"><strong>Colombie-Britannique<\/strong><\/h3>\n<h3>\u2022 Vancouver (et Vancouver nord, Surrey et Richmond)<\/h3>\n<h3>\u2022 \u00cele de Vancouver<\/h3>\n<h3>\u2022 Abbotsford<\/h3>\n<h3>\u2022 Kamloops<\/h3>\n<h3>\u2022 Prince George<\/h3>\n<h3>\u2022 Dawson Creek<\/h3>\n<h3>\u2022 Nelson<\/h3>\n<h3><strong>\u039d\u03ad\u03b1 \u03a3\u03ba\u03c9\u03c4\u03af\u03b1<\/strong><\/h3>\n<ul>\n<li>\n<h3>Halifax (et Dartmouth<\/h3>\n<\/li>\n<\/ul>\n<h3><\/h3>\n<p>[\/et_pb_text][\/et_pb_column][\/et_pb_row][\/et_pb_section][et_pb_section fb_built=&#8221;1&#8243; _builder_version=&#8221;3.22&#8243; custom_margin=&#8221;-105px||0px|&#8221; collapsed=&#8221;on&#8221;][et_pb_row _builder_version=&#8221;3.25&#8243; background_size=&#8221;initial&#8221; background_position=&#8221;top_left&#8221; background_repeat=&#8221;repeat&#8221; collapsed=&#8221;on&#8221;][et_pb_column type=&#8221;4_4&#8243; _builder_version=&#8221;3.25&#8243; custom_padding=&#8221;|||&#8221; custom_padding__hover=&#8221;|||&#8221;][et_pb_text admin_label=&#8221;More locations coming soon&#8221; _builder_version=&#8221;4.4.8&#8243;]<\/p>\n<h3 class=\"p1\">Le programme sera bient\u00f4t offert dans d\u2019autres r\u00e9gions.<\/h3>\n<p>[\/et_pb_text][\/et_pb_column][\/et_pb_row][\/et_pb_section][et_pb_section fb_built=&#8221;1&#8243; _builder_version=&#8221;3.22&#8243; custom_margin=&#8221;0px||0px|&#8221; custom_padding=&#8221;0px||0px|&#8221; collapsed=&#8221;on&#8221;][et_pb_row _builder_version=&#8221;3.25&#8243; custom_margin=&#8221;0px||0px|&#8221; custom_padding=&#8221;0px||0px|&#8221; collapsed=&#8221;on&#8221;][et_pb_column type=&#8221;4_4&#8243; _builder_version=&#8221;3.25&#8243; custom_padding=&#8221;0px||0px|&#8221; custom_padding__hover=&#8221;|||&#8221;][et_pb_divider color=&#8221;#1f3569&#8243; _builder_version=&#8221;3.23.4&#8243; height=&#8221;0px&#8221; custom_margin=&#8221;0px||0px|&#8221; custom_padding=&#8221;0px||0px|&#8221;][\/et_pb_divider][\/et_pb_column][\/et_pb_row][\/et_pb_section][et_pb_section fb_built=&#8221;1&#8243; _builder_version=&#8221;3.22&#8243; collapsed=&#8221;on&#8221;][et_pb_row _builder_version=&#8221;3.25&#8243; custom_padding=&#8221;35px||35px|&#8221; collapsed=&#8221;on&#8221;][et_pb_column type=&#8221;4_4&#8243; _builder_version=&#8221;3.25&#8243; custom_padding=&#8221;|||&#8221; custom_padding__hover=&#8221;|||&#8221;][et_pb_text admin_label=&#8221;Ready to join the program?&#8221; _builder_version=&#8221;4.4.8&#8243; text_text_color=&#8221;#000000&#8243; background_layout=&#8221;dark&#8221; z_index_tablet=&#8221;500&#8243; saved_tabs=&#8221;all&#8221;]<\/p>\n<h1 style=\"margin-bottom: 20px; font-size: 26px; text-align: center;\"><strong><span style=\"color: #000000;\">\u0395\u03af\u03c3\u03c4\u03b5 \u03ad\u03c4\u03bf\u03b9\u03bc\u03bf\u03b9 \u03bd\u03b1 \u03c3\u03c5\u03bc\u03bc\u03b5\u03c4\u03ac\u03c3\u03c7\u03b5\u03c4\u03b5 \u03c3\u03c4\u03bf \u03c0\u03c1\u03cc\u03b3\u03c1\u03b1\u03bc\u03bc\u03b1;<\/span><\/strong><\/h1>\n<h3 class=\"p1\" style=\"margin-bottom: 20px;\"><span style=\"color: #000000;\">\u0395\u03ac\u03bd \u03c0\u03ac\u03c3\u03c7\u03b5\u03c4\u03b5 \u03b1\u03c0\u03cc \u03c0\u03c1\u03bf\u03b4\u03b9\u03b1\u03b2\u03b7\u03c4\u03b9\u03ba\u03cc \u03c3\u03cd\u03bd\u03b4\u03c1\u03bf\u03bc\u03bf \u03ae \u03b5\u03ac\u03bd \u03b4\u03b9\u03b1\u03c4\u03c1\u03ad\u03c7\u03b5\u03c4\u03b5 \u03c5\u03c8\u03b7\u03bb\u03cc \u03ba\u03af\u03bd\u03b4\u03c5\u03bd\u03bf \u03b1\u03bd\u03ac\u03c0\u03c4\u03c5\u03be\u03b7\u03c2 \u03b4\u03b9\u03b1\u03b2\u03ae\u03c4\u03b7 \u03c4\u03cd\u03c0\u03bf\u03c5 2, \u03bc\u03c0\u03bf\u03c1\u03b5\u03af\u03c4\u03b5 \u03bd\u03b1 \u03c3\u03c5\u03bc\u03bc\u03b5\u03c4\u03ac\u03c3\u03c7\u03b5\u03c4\u03b5 \u03c3\u03b5 \u03b1\u03c5\u03c4\u03cc \u03c4\u03bf \u03c0\u03c1\u03cc\u03b3\u03c1\u03b1\u03bc\u03bc\u03b1. \u03a3\u03c5\u03bc\u03b2\u03bf\u03c5\u03bb\u03b5\u03c5\u03c4\u03b5\u03af\u03c4\u03b5 \u03c4\u03b1 \u03ba\u03c1\u03b9\u03c4\u03ae\u03c1\u03b9\u03b1 \u03b1\u03c0\u03bf\u03b4\u03bf\u03c7\u03ae\u03c2.<\/span><\/h3>\n<p>[\/et_pb_text][et_pb_button button_url=&#8221;https:\/\/www.myintervent.com\/canrisk&#8221; button_text=&#8221;Suis-je admissible?&#8221; module_id=&#8221;ready-button&#8221; _builder_version=&#8221;4.4.8&#8243; z_index_tablet=&#8221;500&#8243; custom_css_before=&#8221;display: none;&#8221; custom_css_main_element=&#8221;    border: none !important;||    border-radius: 0 !important;||    color: white !important;||    font-weight: bold;||    width: 760px;||    text-align: center;||    padding: 13px 0 !important;||    background: #d1302b;||    margin-left: auto !important;||    display: block !important;||    margin-right: auto !important;||    max-width: 100%;||    height: 60px !important;&#8221; custom_css_after=&#8221;display: none;&#8221; saved_tabs=&#8221;all&#8221;][\/et_pb_button][et_pb_text _builder_version=&#8221;4.4.8&#8243;]<\/p>\n<h3 class=\"p1\">\u0395\u03ac\u03bd \u03ad\u03c7\u03b5\u03c4\u03b5 \u03b5\u03c1\u03c9\u03c4\u03ae\u03c3\u03b5\u03b9\u03c2, \u03b5\u03c0\u03b9\u03ba\u03bf\u03b9\u03bd\u03c9\u03bd\u03ae\u03c3\u03c4\u03b5 \u03bc\u03b1\u03b6\u03af \u03bc\u03b1\u03c2 \u03c3\u03c4\u03b7 \u03b4\u03b9\u03b5\u03cd\u03b8\u03c5\u03bd\u03c3\u03b7 prevention@LMC.ca.<\/h3>\n<p>[\/et_pb_text][et_pb_image src=&#8221;https:\/\/lmc.ca\/wp-content\/uploads\/2019\/07\/intervent-logo-black-e1593110628421.png&#8221; title_text=&#8221;intervent-logo-black&#8221; _builder_version=&#8221;4.4.8&#8243;][\/et_pb_image][\/et_pb_column][\/et_pb_row][\/et_pb_section][et_pb_section fb_built=&#8221;1&#8243; fullwidth=&#8221;on&#8221; module_id=&#8221;ddp-menu-fixed&#8221; _builder_version=&#8221;3.22&#8243; custom_css_main_element=&#8221;z-index: 10;&#8221; global_module=&#8221;64875&#8243; saved_tabs=&#8221;all&#8221; collapsed=&#8221;on&#8221;][et_pb_fullwidth_image src=&#8221;https:\/\/staging.lmc.ca\/wp-content\/uploads\/2019\/06\/CDPP-iconlogo-LOGO2.png&#8221; url=&#8221;\/diabetes-prevention&#8221; _builder_version=&#8221;3.19.13&#8243;][\/et_pb_fullwidth_image][et_pb_fullwidth_menu menu_id=&#8221;280&#8243; submenu_direction=&#8221;downwards&#8221; fullwidth_menu=&#8221;off&#8221; active_link_color=&#8221;#24ade3&#8243; dropdown_menu_text_color=&#8221;#000000&#8243; mobile_menu_text_color=&#8221;#000000&#8243; admin_label=&#8221;Fixed DPP Menu&#8221; module_id=&#8221;dpp-fixed-menu&#8221; _builder_version=&#8221;4.4.8&#8243; menu_text_color=&#8221;#000000&#8243; text_orientation=&#8221;center&#8221; custom_padding=&#8221;12px||12px|&#8221; z_index_tablet=&#8221;500&#8243; custom_css_menu_link=&#8221;text-transform: uppercase;&#8221; box_shadow_style=&#8221;preset3&#8243; box_shadow_vertical=&#8221;5px&#8221; box_shadow_blur=&#8221;20px&#8221; box_shadow_spread=&#8221;0px&#8221; box_shadow_color=&#8221;rgba(212,212,212,0.5)&#8221;][\/et_pb_fullwidth_menu][\/et_pb_section]<\/p>","protected":false},"excerpt":{"rendered":"<p>Villes Le programme est actuellement offert aux patients des grandes villes du Sud de l\u2019Ontario, du Manitoba, de l\u2019Alberta et de la Colombie-Britannique. Il sera bient\u00f4t offert dans d\u2019autres r\u00e9gions du pays. Voici la liste compl\u00e8te des villes o\u00f9 le programme est offert\u00a0: \u00a0Qu\u00e9bec Grand Montr\u00e9al Ville de Qu\u00e9bec Gatineau Ontario Grand Ottawa Grand Toronto [&hellip;]<\/p>","protected":false},"author":41,"featured_media":0,"parent":64517,"menu_order":0,"comment_status":"closed","ping_status":"closed","template":"page-dpp-french-site.php","meta":{"_et_pb_use_builder":"on","_et_pb_old_content":"","_et_gb_content_width":"","two_page_speed":[],"footnotes":""},"class_list":["post-64550","page","type-page","status-publish","hentry"],"_links":{"self":[{"href":"https:\/\/www.lmc.ca\/el\/wp-json\/wp\/v2\/pages\/64550","targetHints":{"allow":["GET"]}}],"collection":[{"href":"https:\/\/www.lmc.ca\/el\/wp-json\/wp\/v2\/pages"}],"about":[{"href":"https:\/\/www.lmc.ca\/el\/wp-json\/wp\/v2\/types\/page"}],"author":[{"embeddable":true,"href":"https:\/\/www.lmc.ca\/el\/wp-json\/wp\/v2\/users\/41"}],"replies":[{"embeddable":true,"href":"https:\/\/www.lmc.ca\/el\/wp-json\/wp\/v2\/comments?post=64550"}],"version-history":[{"count":0,"href":"https:\/\/www.lmc.ca\/el\/wp-json\/wp\/v2\/pages\/64550\/revisions"}],"up":[{"embeddable":true,"href":"https:\/\/www.lmc.ca\/el\/wp-json\/wp\/v2\/pages\/64517"}],"wp:attachment":[{"href":"https:\/\/www.lmc.ca\/el\/wp-json\/wp\/v2\/media?parent=64550"}],"curies":[{"name":"wp","href":"https:\/\/api.w.org\/{rel}","templated":true}]}}